{"id":3770,"date":"2026-01-04T23:01:08","date_gmt":"2026-01-04T22:01:08","guid":{"rendered":"https:\/\/czas.m2web.pl\/?post_type=product&#038;p=3770"},"modified":"2026-01-04T23:01:34","modified_gmt":"2026-01-04T22:01:34","slug":"infantino-nosidelko-ergonomiczne-4-pory-roku-300004","status":"publish","type":"product","link":"https:\/\/czas.m2web.pl\/?product=infantino-nosidelko-ergonomiczne-4-pory-roku-300004","title":{"rendered":"INFANTINO Noside\u0142ko ergonomiczne 4 Pory Roku 300004"},"content":{"rendered":"<section class=\"section\">\n<div class=\"item item-6\">\n<section class=\"image-item\">             <img decoding=\"async\" src=\"https:\/\/upload.cdn.baselinker.com\/products\/3029707\/8fdd269f466d851016c8b09f6d9cdfc7.jpg\" \/>         <\/section>\n<\/p><\/div>\n<div class=\"item item-6\">\n<section class=\"text-item\">\n<h1>Noside\u0142ko Ergonomiczne 4 pory roku z mu\u015blinowym kapturkiem<\/h1>\n<h1>Infantino 300004<\/h1>\n<p><b>Infantino to marka nr #1 w\u015br\u00f3d noside\u0142ek w Stanach Zjednoczonych (na podstawie bada\u0144 IRI w punktach sprzeda\u017cy dla wielu odbiorc\u00f3w w 2016 roku)<\/b><\/p>\n<p>Waga: 3,6-18,1kg.<\/p>\n<p>Wiek: 0+.<\/p>\n<p><b>W komplecie z noside\u0142kiem atestowane chusteczki nas\u0105czane dla dzieci marki Infantino (100 sztuk).<\/b><\/p>\n<h2>Wielofunkcyjne noside\u0142ko, kt\u00f3re dzi\u0119ki specjalnym materia\u0142om b\u0119dzie odpowiednie na ka\u017cd\u0105 por\u0119 roku.<\/h2>\n<p>W komplecie 2 dodatkowe os\u0142ony, wodoodporny pokrowiec i kapturek.<\/p>\n<p>Na s\u0142oneczne dni &#8211; mu\u015blinowy kapturek, kt\u00f3ry b\u0119dzie te\u017c idealny podczas snu.<\/p>\n<p>Na ciep\u0142e dni &#8211; panel z \u201eoddychaj\u0105cego\u201d przepuszczaj\u0105cego powietrze materia\u0142u.<\/p>\n<p>Na ch\u0142odniejsze dni \u2013 dodatkowa bawe\u0142niana os\u0142ona na panel noside\u0142ka.<\/p>\n<p>Na zimne dni \u2013 druga bawe\u0142niana os\u0142ona dla utrzymania ciep\u0142a.<\/p>\n<p>Na deszczowe i \u015bnie\u017cne dni \u2013 wodoodporny pokrowiec.<\/p>\n<p>Z przodu pasa biodrowego znajduje si\u0119 saszetka zapinana na zamek, w kt\u00f3rej zmieszcz\u0105 si\u0119 drobne przedmioty.<\/p>\n<\/section><\/div>\n<\/section>\n<section class=\"section\">\n<div class=\"item item-6\">\n<section class=\"image-item\">             <img decoding=\"async\" src=\"https:\/\/upload.cdn.baselinker.com\/products\/3029707\/9bf6f8a0846e75111863bce4dc60c5a9.jpg\" \/>         <\/section>\n<\/p><\/div>\n<div class=\"item item-6\">\n<section class=\"text-item\">\n<p><b>Zalety noside\u0142ka:<\/b><\/p>\n<ul>\n<li>System pask\u00f3w rozprowadzaj\u0105cych wag\u0119 dziecka w spos\u00f3b zwi\u0119kszaj\u0105cy wygod\u0119 dziecka i nosz\u0105cego, pozwoli dziecku podr\u00f3\u017cowa\u0107 w naturalnej pozycji siedz\u0105cej.<\/li>\n<li>Szeroki pas biodrowy roz\u0142o\u017cy wag\u0119 dziecka r\u00f3wnomiernie na nosz\u0105cego.<\/li>\n<li>Ergonomiczne, regulowane siedzisko dopasowuje si\u0119 do kszta\u0142t\u00f3w dziecka. Mo\u017cna go u\u017cywa\u0107 w wersji szerokiej i w\u0105skiej.<\/li>\n<li>Usztywniane rami\u0105czka z pluszow\u0105 wy\u015bci\u00f3\u0142k\u0105 i dodatkowym podbiciem, zapewni\u0105 bezpiecze\u0144stwo i wi\u0119ksz\u0105 stabilno\u015b\u0107, oraz komfort nosz\u0105cemu przy d\u0142ugim u\u017cytkowaniu.<\/li>\n<li>Regulacja podparcia g\u0142owy zapewnia dodatkowy komfort.<\/li>\n<\/ul>\n<\/section><\/div>\n<\/section>\n<section class=\"section\">\n<div class=\"item item-6\">\n<section class=\"image-item\">             <img decoding=\"async\" src=\"https:\/\/upload.cdn.baselinker.com\/products\/3029707\/0342e020471f5c0b7afc9f64c5799dbf.jpg\" \/>         <\/section>\n<\/p><\/div>\n<div class=\"item item-6\">\n<section class=\"text-item\">\n<ul>\n<li><b>Mo\u017cliwo\u015b\u0107 noszenia w 4 pozycjach:<\/b><\/li>\n<\/ul>\n<ol>\n<li>Dziecko przodem do nosz\u0105cego w w\u0105skim siedzisku &#8211; do momentu a\u017c dziecko b\u0119dzie samodzielnie trzyma\u0107 g\u0142ow\u0119 pionowo jest to dla niego prawid\u0142owa pozycja, daje du\u017c\u0105 dawk\u0119 kontaktu fizycznego i uwagi, a jednocze\u015bnie zostawia nosz\u0105cemu wolne r\u0119ce. W tej pozycji mo\u017cna bawi\u0107 si\u0119 z dzieckiem i utrzymywa\u0107 z nim kontakt przez dotyk, zabaw\u0119 lub wzrokowy;<\/li>\n<li>Dziecko przodem w szerokim siedzisku \u2013 szerokie siedzisko pozwala na noszenie wi\u0119kszych dzieci w pozycji siedz\u0105cej z nogami obejmuj\u0105cymi nosz\u0105cego;<\/li>\n<li>Dziecko ty\u0142em w w\u0105skim siedzisku \u2013 pozycja ta pozwala dziecku poznawa\u0107 wzrokowo otoczenie, a jednocze\u015bnie pozosta\u0107 w bliskim kontakcie z nosz\u0105c\u0105 je osob\u0105, nigdy nie nale\u017cy u\u017cywa\u0107 szerokiego siedziska podczas noszenia dziecka w pozycji twarz\u0105 na zewn\u0105trz;<\/li>\n<li>Dziecko przodem na plecach rodzic\u00f3w &#8211; dla dzieci b\u0119d\u0105cych w stanie ca\u0142kowicie samodzielnie siada\u0107. W tej pozycji dziecko mo\u017ce sprawdza\u0107 co si\u0119 dzieje dooko\u0142a, ale nadal wie, \u017ce rodzic jest tu\u017c obok.<\/li>\n<\/ol>\n<\/section><\/div>\n<\/section>\n<section class=\"section\">\n<div class=\"item item-6\">\n<section class=\"image-item\">             <img decoding=\"async\" src=\"https:\/\/upload.cdn.baselinker.com\/products\/3029707\/c5b566ec2037926ded6f2863ac96c065.jpg\" \/>         <\/section>\n<\/p><\/div>\n<div class=\"item item-6\">\n<section class=\"text-item\">\n<ul>\n<li>Noside\u0142ko pozwala na noszenie dziecka w pozycji &#8222;fizjologicznej \u017caby&#8221;, rekomendowanej przez Mi\u0119dzynarodowy Instytut Dysplazji Biodrowej. Pozycja ta wspomaga prawid\u0142owy rozw\u00f3j staw\u00f3w biodrowych, kr\u0119gos\u0142upa i miednicy.<\/li>\n<li>Noszenie bli\u017cej cia\u0142a i wy\u017cej na plecach lub klatce piersiowej zminimalizuje obci\u0105\u017cenie kr\u0119gos\u0142upa i ramion wynikaj\u0105ce z d\u0142ugotrwa\u0142ego u\u017cytkowania.<\/li>\n<\/ul>\n<p><b>Zalety noszenia dziecka w noside\u0142ku:<\/b><\/p>\n<ul>\n<li>buduje wi\u0119\u017a mi\u0119dzy rodzicem a dzieckiem,<\/li>\n<li>wzmacnia szyj\u0119 dziecka i mi\u0119\u015bnie plec\u00f3w,<\/li>\n<li>wspiera rozw\u00f3j mentalny dziecka,<\/li>\n<li>stymuluje rozw\u00f3j emocjonalny i fizyczny,<\/li>\n<li>zwalnia r\u0119ce rodzica,<\/li>\n<li>pozwala trzyma\u0107 dziecko w zasi\u0119gu r\u0119ki w razie potrzeby,<\/li>\n<li>dodatkowo chroni dziecko.<\/li>\n<\/ul>\n<p>Wymiary opakowania: 32 cm x 29 x 12 cm.<\/p>\n<\/section><\/div>\n<\/section>\n<section class=\"section\">\n<div class=\"item item-6\">\n<section class=\"image-item\">             <img decoding=\"async\" src=\"https:\/\/upload.cdn.baselinker.com\/products\/3029707\/ace7745baa5441505b062aae6c0c8f28.jpg\" \/>         <\/section>\n<\/p><\/div>\n<div class=\"item item-6\">\n<section class=\"image-item\">             <img decoding=\"async\" src=\"https:\/\/upload.cdn.baselinker.com\/products\/3029707\/b3c87a5fb3f5ac7435211a0edfb35b77.jpg\" \/>         <\/section>\n<\/p><\/div>\n<\/section>\n<section class=\"section\">\n<div class=\"item item-6\">\n<section class=\"image-item\">             <img decoding=\"async\" src=\"https:\/\/upload.cdn.baselinker.com\/products\/3029707\/80860f4da6e4f5598193f7a099135d92.jpg\" \/>         <\/section>\n<\/p><\/div>\n<div class=\"item item-6\">\n<section class=\"image-item\">             <img decoding=\"async\" src=\"https:\/\/upload.cdn.baselinker.com\/products\/3029707\/9412382b7b3ccf449b17b754fc1a685c.jpg\" \/>         <\/section>\n<\/p><\/div>\n<\/section>\n<section class=\"section\">\n<div class=\"item item-6\">\n<section class=\"image-item\">             <img decoding=\"async\" src=\"https:\/\/upload.cdn.baselinker.com\/products\/3029707\/9eb9d167a8175fcf08cee52aee02a20e.jpg\" \/>         <\/section>\n<\/p><\/div>\n<div class=\"item item-6\">\n<section class=\"image-item\">             <img decoding=\"async\" src=\"https:\/\/upload.cdn.baselinker.com\/products\/3029707\/4f6be06649dda9e23aeffd496ddf5862.jpg\" \/>         <\/section>\n<\/p><\/div>\n<\/section>\n<section class=\"section\">\n<div class=\"item item-6\">\n<section class=\"image-item\">             <img decoding=\"async\" src=\"https:\/\/upload.cdn.baselinker.com\/products\/3029707\/b847662195f2df4ff90ba70291aa045e.jpg\" \/>         <\/section>\n<\/p><\/div>\n<div class=\"item item-6\">\n<section class=\"image-item\">             <img decoding=\"async\" src=\"https:\/\/upload.cdn.baselinker.com\/products\/3029707\/6c32321434ad3c5942a76694469bfc26.jpg\" \/>         <\/section>\n<\/p><\/div>\n<\/section>\n<section class=\"section\">\n<div class=\"item item-12\">\n<section class=\"image-item\">             <img decoding=\"async\" src=\"https:\/\/upload.cdn.baselinker.com\/products\/3029707\/f501fd4aa8bfcf5ab362fbab38c9de6e.jpg\" \/>         <\/section>\n<\/p><\/div>\n<\/section>\n<section class=\"section\">\n<div class=\"item item-12\">\n<section class=\"image-item\">             <img decoding=\"async\" src=\"https:\/\/upload.cdn.baselinker.com\/products\/3029707\/8fdd269f466d851016c8b09f6d9cdfc7.jpg\" \/>         <\/section>\n<\/p><\/div>\n<\/section>\n<section class=\"section\">\n<div class=\"item item-12\">\n<section class=\"image-item\">             <img decoding=\"async\" src=\"https:\/\/upload.cdn.baselinker.com\/products\/3029707\/e18c6e6b231fcabd756ab8ea5776aaac.jpg\" \/>         <\/section>\n<\/p><\/div>\n<\/section>\n<section class=\"section\">\n<div class=\"item item-12\">\n<section class=\"image-item\">             <img decoding=\"async\" src=\"https:\/\/upload.cdn.baselinker.com\/products\/3029707\/38607b6e82c36a232f346c7577c2e4e8.jpg\" \/>         <\/section>\n<\/p><\/div>\n<\/section>\n<section class=\"section\">\n<div class=\"item item-12\">\n<section class=\"image-item\">             <img decoding=\"async\" src=\"https:\/\/upload.cdn.baselinker.com\/products\/3029707\/3992af94592c2483db134b1691bde454.jpg\" \/>         <\/section>\n<\/p><\/div>\n<\/section>\n<p><strong>Dodatkowe informacje:<\/strong><\/p>\n<ul>\n<li><strong>Producent: <\/strong>INFANTINO B KIDS INTERNATIONAL LIMITED  Flat\/Rm 1203, 12\/F, East Ocean Centre, 98 Granville Road TST East, Kowloon Hong Kong; customersupport@infantino.com<\/li>\n<li><strong>Podmiot odpowiedzialny za wprowadzenie produktu na rynek europejski:<\/strong>\u00a0Infantino B kids B.V. John M. Keynesplein 12-46 1066EP Amsterdam The Netherlands eu.info@infantino.com<\/li>\n<li><strong>Ostrze\u017cenia na opakowaniu: <\/strong>Waga: 3,6-18,1kg Wielofunkcyjne noside\u0142ko, kt\u00f3re dzi\u0119ki specjalnym materia\u0142om b\u0119dzie odpowiednie na ka\u017cd\u0105 por\u0119 roku. W sumie zawiera 2 dodatkowe os\u0142ony, wodoodporny pokrowiec i kapturek. Na s\u0142oneczne dni &#8211; mu\u015blinowy kapturek, kt\u00f3ry b\u0119dzie te\u017c idealny podczas snu. Na ciep\u0142e dni &#8211; panel z \u201eoddychaj\u0105cego\u201d przepuszczaj\u0105cego powietrze materia\u0142u. Na ch\u0142odniejsze dni \u2013 dodatkowa bawe\u0142niana os\u0142ona na panel noside\u0142ka. Na zimne dni \u2013 druga bawe\u0142niana os\u0142ona dla utrzymania ciep\u0142a. Na deszczowe i \u015bnie\u017cne dni \u2013 wodoodporny pokrowiec. Z przodu pasa biodrowego znajduje si\u0119 saszetka zapinana na zamek, w kt\u00f3rej zmieszcz\u0105 si\u0119 drobne przedmioty. &#8211; System pask\u00f3w rozprowadzaj\u0105cych wag\u0119 dziecka w spos\u00f3b zwi\u0119kszaj\u0105cy wygod\u0119 dziecka i nosz\u0105cego, pozwoli dziecku podr\u00f3\u017cowa\u0107 w naturalnej pozycji siedz\u0105cej &#8211; Szeroki pas biodrowy roz\u0142o\u017cy wag\u0119 dziecka r\u00f3wnomiernie na nosz\u0105cego  &#8211; Ergonomiczne regulowane siedzisko dopasowuje si\u0119 do kszta\u0142t\u00f3w dziecka. Mo\u017cna go u\u017cywa\u0107 w wersji szerokiej i w\u0105skiej. Otwory na nogi, paski i pas biodrowy pozwol\u0105 na pe\u0142n\u0105 regulacj\u0119 dopasowania  &#8211; Usztywniane rami\u0105czka z pluszow\u0105 wy\u015bci\u00f3\u0142k\u0105 i dodatkowym podbiciem, kt\u00f3re zapewni\u0105 bezpiecze\u0144stwo i wi\u0119ksz\u0105 stabilno\u015b\u0107, ale jednocze\u015bnie zapewni\u0105 komfort nosz\u0105cemu przy d\u0142ugim u\u017cytkowaniem &#8211; Regulacja podparcia g\u0142owy zapewnia dodatkowy komfort &#8211; Mo\u017cliwo\u015b\u0107 noszenia w 4 pozycjach: Dziecko przodem do nosz\u0105cego w w\u0105skim siedzisku &#8211; do momentu a\u017c dziecko b\u0119dzie samodzielnie trzyma\u0107 g\u0142ow\u0119 pionowo jest to dla niego prawid\u0142owa pozycja, daje du\u017c\u0105 dawk\u0119 kontaktu fizycznego i uwagi, a jednocze\u015bnie zostawia nosz\u0105cemu wolne r\u0119ce. W tej pozycji mo\u017cna bawi\u0107 si\u0119 z dzieckiem i utrzymywa\u0107 z nim kontakt przez dotyk, zabaw\u0119 lub wzrokowy; Dziecko przodem w szerokim siedzisku \u2013 szerokie siedzisko pozwala na noszenie wi\u0119kszych dzieci w pozycji siedz\u0105cej z nogami obejmuj\u0105cymi nosz\u0105cego; Dziecko ty\u0142em w w\u0105skim siedzisku \u2013 pozycja ta pozwala dziecku poznawa\u0107 wzrokowo otoczenie, a jednocze\u015bnie pozosta\u0107 w bliskim kontakcie z nosz\u0105c\u0105 je osob\u0105, nigdy nie nale\u017cy u\u017cywa\u0107 szerokiego siedziska podczas noszenia dziecka w pozycji twarz\u0105 na zewn\u0105trz; Dziecko przodem na plecach rodzic\u00f3w dla dzieci b\u0119d\u0105cych w stanie ca\u0142kowicie samodzielnie siada\u0107. W tej pozycji dziecko mo\u017ce sprawdza\u0107 co si\u0119 dzieje dooko\u0142a, ale nadal wie, \u017ce rodzic jest tu\u017c obok. &#8211; Pozwala na noszenie dziecka w pozycji \u2018fizjologicznej \u017caby\u2019 rekomendowanej przez Mi\u0119dzynarodowy Instytut Dysplazji Biodrowej \u2013 nogi dziecka roz\u0142o\u017cone wok\u00f3\u0142 talii nosz\u0105cego, biodra zgi\u0119te tak, aby kolana by\u0142y nieco wy\u017cej, a po\u015bladki i uda by\u0142y podpierane. Udo wspierane jest przez staw kolanowy, dzi\u0119ki temu nacisk na biodro jest minimalny poniewa\u017c nogi s\u0105 roz\u0142o\u017cone, podpierane, a biodra s\u0105 w stabilnej pozycji. Pozycja ta zapewnia prawid\u0142owy rozw\u00f3j staw\u00f3w biodrowych, kr\u0119gos\u0142upa i miednicy &#8211; Noszenie bli\u017cej cia\u0142a i wy\u017cej na plecach lub klatce piersiowej zminimalizuje obci\u0105\u017cenie kr\u0119gos\u0142upa i ramion wynikaj\u0105ce z d\u0142ugotrwa\u0142ego u\u017cytkowania ZALECANY WIEK PRZEZ PRODUCENTA: 0M+ \/  OBOWI\u0104ZEK SKONSULTOWANIA SI\u0118 Z LEKARZEM W PRZYPADKU DZIECI URODZONYCH Z NISK\u0104 WAG\u0104 LUB PROBLEMAMI ZDROWOTNYMI Wyprodukowano w Chinach<\/li>\n<li><strong>Instrukcja obs\u0142ugi jest:<\/strong> NIE<\/li>\n<li><strong>Kraj pochodzenia:<\/strong> CHINY<\/li>\n<\/ul>\n","protected":false},"excerpt":{"rendered":"<p>Noside\u0142ko Ergonomiczne 4 pory roku z mu\u015blinowym kapturkiem Infantino 300004 Infantino to marka nr #1 w\u015br\u00f3d noside\u0142ek w Stanach Zjednoczonych<\/p>\n","protected":false},"featured_media":3859,"comment_status":"open","ping_status":"closed","template":"","meta":[],"product_brand":[],"product_cat":[17,18],"product_tag":[],"class_list":{"0":"post-3770","1":"product","2":"type-product","3":"status-publish","4":"has-post-thumbnail","6":"product_cat-dla-najmlodszych","7":"product_cat-nosidelka-i-maty","9":"first","10":"instock","11":"shipping-taxable","12":"purchasable","13":"product-type-simple"},"_links":{"self":[{"href":"https:\/\/czas.m2web.pl\/index.php?rest_route=\/wp\/v2\/product\/3770","targetHints":{"allow":["GET"]}}],"collection":[{"href":"https:\/\/czas.m2web.pl\/index.php?rest_route=\/wp\/v2\/product"}],"about":[{"href":"https:\/\/czas.m2web.pl\/index.php?rest_route=\/wp\/v2\/types\/product"}],"replies":[{"embeddable":true,"href":"https:\/\/czas.m2web.pl\/index.php?rest_route=%2Fwp%2Fv2%2Fcomments&post=3770"}],"version-history":[{"count":0,"href":"https:\/\/czas.m2web.pl\/index.php?rest_route=\/wp\/v2\/product\/3770\/revisions"}],"wp:featuredmedia":[{"embeddable":true,"href":"https:\/\/czas.m2web.pl\/index.php?rest_route=\/wp\/v2\/media\/3859"}],"wp:attachment":[{"href":"https:\/\/czas.m2web.pl\/index.php?rest_route=%2Fwp%2Fv2%2Fmedia&parent=3770"}],"wp:term":[{"taxonomy":"product_brand","embeddable":true,"href":"https:\/\/czas.m2web.pl\/index.php?rest_route=%2Fwp%2Fv2%2Fproduct_brand&post=3770"},{"taxonomy":"product_cat","embeddable":true,"href":"https:\/\/czas.m2web.pl\/index.php?rest_route=%2Fwp%2Fv2%2Fproduct_cat&post=3770"},{"taxonomy":"product_tag","embeddable":true,"href":"https:\/\/czas.m2web.pl\/index.php?rest_route=%2Fwp%2Fv2%2Fproduct_tag&post=3770"}],"curies":[{"name":"wp","href":"https:\/\/api.w.org\/{rel}","templated":true}]}}