{"id":3829,"date":"2026-01-04T23:01:28","date_gmt":"2026-01-04T22:01:28","guid":{"rendered":"https:\/\/czas.m2web.pl\/?post_type=product&#038;p=3829"},"modified":"2026-01-04T23:01:35","modified_gmt":"2026-01-04T22:01:35","slug":"infantino-jezdzik-pchacz-jednorozec-3-w-1-227018","status":"publish","type":"product","link":"https:\/\/czas.m2web.pl\/?product=infantino-jezdzik-pchacz-jednorozec-3-w-1-227018","title":{"rendered":"Infantino Je\u017adzik pchacz Jednoro\u017cec 3 w 1 227018"},"content":{"rendered":"<section class=\"section\">\n<div class=\"item item-6\">\n<section class=\"image-item\">             <img decoding=\"async\" src=\"https:\/\/upload.cdn.baselinker.com\/products\/3029707\/b5e2402b976922696fbb0d6f1af1ca7c.webp\" \/>         <\/section>\n<\/p><\/div>\n<div class=\"item item-6\">\n<section class=\"text-item\">\n<h1>Je\u017adzik pchacz Jednoro\u017cec 3 w 1<\/h1>\n<p>Infantino 227018<\/p>\n<p>Tym je\u017adzikiem mo\u017cna si\u0119 bawi\u0107 na wiele r\u00f3\u017cnych sposob\u00f3w. Mo\u017cna go u\u017cywa\u0107 jako centrum zabawy (6M+), pchacz (12M+) lub je\u017adzik (16M+).<\/p>\n<p>Siedz\u0105ce dzieci ucz\u0105 si\u0119 kolor\u00f3w, kszta\u0142t\u00f3w i liczb na podstawie pod\u015bwietlanych przycisk\u00f3w i d\u017awi\u0119k\u00f3w. Gdy dziecko stawia pierwsze kroki, mo\u017ce trzyma\u0107 si\u0119 uchwytu z ty\u0142u siedziska.<\/p>\n<p>Siedzisko podnosi si\u0119 do chodzenia, a opuszcza si\u0119 do je\u017cd\u017cenia, zawiera r\u00f3wnie\u017c schowek na pi\u0142ki.<\/p>\n<p>Je\u017adzik jednoro\u017cec to ponad 20 efekt\u00f3w d\u017awi\u0119kowych i \u015bwietlnych. Grzywa jednoro\u017cca jest kolorowa i posiada r\u00f3\u017cne faktury. Pr\u0119dko\u015b\u0107 k\u00f3\u0142 mo\u017cna regulowa\u0107 dla pocz\u0105tkuj\u0105cych i zaawansowanych spacerowicz\u00f3w (regulowane s\u0105 tylne ko\u0142a).<\/p>\n<p>Je\u017adzik zawiera 5 kolorowych pi\u0142ek, kt\u00f3re mo\u017cna umie\u015bci\u0107 w koszyku na przodzie lub w schowku pod siedziskiem. Jednoro\u017cec zbiera rozrzucone pi\u0142eczki, a nast\u0119pnie wyrzuca je na pod\u0142og\u0119 lub do koszyka.<\/p>\n<p>R\u00f3g jednoro\u017cca zosta\u0142 wykonany z mi\u0119kkiego materia\u0142u i za\u015bwieci si\u0119 po dotkni\u0119ciu!<\/p>\n<p>Zalety: rozwija umiej\u0119tno\u015bci, wyobra\u017ani\u0119, \u0107wiczy koordynacj\u0119 ruchow\u0105 dziecka. Weso\u0142e kolory przyci\u0105gn\u0105 uwag\u0119 ka\u017cdego maluszka.<\/p>\n<ul>\n<li>Wymiary opakowania: szer. 60,5 cm, wys. 40,5 cm. g\u0142. 20 cm.<\/li>\n<li>Zabawka wymaga 2 baterii 1,5V AA &#8211; brak w zestawie.<\/li>\n<li>Wiek: 6M-36M<\/li>\n<\/ul>\n<\/section><\/div>\n<\/section>\n<section class=\"section\">\n<div class=\"item item-12\">\n<section class=\"image-item\">             <img decoding=\"async\" src=\"https:\/\/upload.cdn.baselinker.com\/products\/3029707\/b5e2402b976922696fbb0d6f1af1ca7c.webp\" \/>         <\/section>\n<\/p><\/div>\n<\/section>\n<section class=\"section\">\n<div class=\"item item-6\">\n<section class=\"image-item\">             <img decoding=\"async\" src=\"https:\/\/upload.cdn.baselinker.com\/products\/3029707\/8b3c5d7afd7461bb83cdb88a6b47dacc.jpg\" \/>         <\/section>\n<\/p><\/div>\n<div class=\"item item-6\">\n<section class=\"image-item\">             <img decoding=\"async\" src=\"https:\/\/upload.cdn.baselinker.com\/products\/3029707\/96abd1f4d55a1df77c2fb4f316a8a56c.jpg\" \/>         <\/section>\n<\/p><\/div>\n<\/section>\n<section class=\"section\">\n<div class=\"item item-6\">\n<section class=\"image-item\">             <img decoding=\"async\" src=\"https:\/\/upload.cdn.baselinker.com\/products\/3029707\/37eeefc02e02fdb59c43c35d0791d5f5.jpg\" \/>         <\/section>\n<\/p><\/div>\n<div class=\"item item-6\">\n<section class=\"image-item\">             <img decoding=\"async\" src=\"https:\/\/upload.cdn.baselinker.com\/products\/3029707\/212abeb40e99590ba82b65ffc09f38bf.jpg\" \/>         <\/section>\n<\/p><\/div>\n<\/section>\n<section class=\"section\">\n<div class=\"item item-12\">\n<section class=\"image-item\">             <img decoding=\"async\" src=\"https:\/\/upload.cdn.baselinker.com\/products\/3029707\/b5e2402b976922696fbb0d6f1af1ca7c.webp\" \/>         <\/section>\n<\/p><\/div>\n<\/section>\n<section class=\"section\">\n<div class=\"item item-12\">\n<section class=\"image-item\">             <img decoding=\"async\" src=\"https:\/\/upload.cdn.baselinker.com\/products\/3029707\/6c3492019eb60dfbf36f6ac00bd00a8b.jpg\" \/>         <\/section>\n<\/p><\/div>\n<\/section>\n<p><strong>Dodatkowe informacje:<\/strong><\/p>\n<ul>\n<li><strong>Producent: <\/strong>INFANTINO B KIDS INTERNATIONAL LIMITED  Flat\/Rm 1203, 12\/F, East Ocean Centre, 98 Granville Road TST East, Kowloon Hong Kong; customersupport@infantino.com<\/li>\n<li><strong>Podmiot odpowiedzialny za wprowadzenie produktu na rynek europejski:<\/strong>\u00a0Infantino B kids B.V. John M. Keynesplein 12-46 1066EP Amsterdam The Netherlands eu.info@infantino.com<\/li>\n<li><strong>Ostrze\u017cenia na opakowaniu: <\/strong><\/li>\n<li><strong>Instrukcja obs\u0142ugi jest:<\/strong> NIE<\/li>\n<li><strong>Kraj pochodzenia:<\/strong> CHINY<\/li>\n<\/ul>\n","protected":false},"excerpt":{"rendered":"<p>Je\u017adzik pchacz Jednoro\u017cec 3 w 1 Infantino 227018 Tym je\u017adzikiem mo\u017cna si\u0119 bawi\u0107 na wiele r\u00f3\u017cnych sposob\u00f3w. Mo\u017cna go u\u017cywa\u0107<\/p>\n","protected":false},"featured_media":3875,"comment_status":"open","ping_status":"closed","template":"","meta":[],"product_brand":[],"product_cat":[965,417],"product_tag":[],"class_list":{"0":"post-3829","1":"product","2":"type-product","3":"status-publish","4":"has-post-thumbnail","6":"product_cat-jezdziki","7":"product_cat-zabawki-outdoorowe","9":"first","10":"instock","11":"shipping-taxable","12":"purchasable","13":"product-type-simple"},"_links":{"self":[{"href":"https:\/\/czas.m2web.pl\/index.php?rest_route=\/wp\/v2\/product\/3829","targetHints":{"allow":["GET"]}}],"collection":[{"href":"https:\/\/czas.m2web.pl\/index.php?rest_route=\/wp\/v2\/product"}],"about":[{"href":"https:\/\/czas.m2web.pl\/index.php?rest_route=\/wp\/v2\/types\/product"}],"replies":[{"embeddable":true,"href":"https:\/\/czas.m2web.pl\/index.php?rest_route=%2Fwp%2Fv2%2Fcomments&post=3829"}],"version-history":[{"count":0,"href":"https:\/\/czas.m2web.pl\/index.php?rest_route=\/wp\/v2\/product\/3829\/revisions"}],"wp:featuredmedia":[{"embeddable":true,"href":"https:\/\/czas.m2web.pl\/index.php?rest_route=\/wp\/v2\/media\/3875"}],"wp:attachment":[{"href":"https:\/\/czas.m2web.pl\/index.php?rest_route=%2Fwp%2Fv2%2Fmedia&parent=3829"}],"wp:term":[{"taxonomy":"product_brand","embeddable":true,"href":"https:\/\/czas.m2web.pl\/index.php?rest_route=%2Fwp%2Fv2%2Fproduct_brand&post=3829"},{"taxonomy":"product_cat","embeddable":true,"href":"https:\/\/czas.m2web.pl\/index.php?rest_route=%2Fwp%2Fv2%2Fproduct_cat&post=3829"},{"taxonomy":"product_tag","embeddable":true,"href":"https:\/\/czas.m2web.pl\/index.php?rest_route=%2Fwp%2Fv2%2Fproduct_tag&post=3829"}],"curies":[{"name":"wp","href":"https:\/\/api.w.org\/{rel}","templated":true}]}}