{"id":3934,"date":"2026-01-04T23:01:50","date_gmt":"2026-01-04T22:01:50","guid":{"rendered":"https:\/\/czas.m2web.pl\/?post_type=product&#038;p=3934"},"modified":"2026-01-04T23:02:16","modified_gmt":"2026-01-04T22:02:16","slug":"b-kids-aquapark-kapielowy-dla-dzieci-4303","status":"publish","type":"product","link":"https:\/\/czas.m2web.pl\/?product=b-kids-aquapark-kapielowy-dla-dzieci-4303","title":{"rendered":"B-Kids aquapark k\u0105pielowy dla dzieci 4303"},"content":{"rendered":"<section class=\"section\">\n<div class=\"item item-6\">\n<section class=\"image-item\"><img decoding=\"async\" src=\"https:\/\/upload.cdn.baselinker.com\/products\/3029707\/9df4009ae33b381053af665d2a531aa4.jpg\"><\/section>\n<\/p><\/div>\n<div class=\"item item-6\">\n<section class=\"text-item\">\n<h1>B-Kids Aquapark k\u0105pielowy dla dzieci 4303<\/h1>\n<p>Mini aquapark z dwiema zje\u017cd\u017calniami oraz ruchomymi elementami.<\/p>\n<p>Zabawka unosi si\u0119 na powierzchni wody. Zwierz\u0105tka na pontonach zje\u017cd\u017caj\u0105 w d\u00f3\u0142 po zakr\u0119conej zje\u017cd\u017calni. Dziecko wlewaj\u0105c wod\u0119 do wn\u0119trza aquaparku wprawi w ruch obrotowe elementy.<\/p>\n<p>W komplecie dwa zwierz\u0105tka na pontonach oraz \u0142y\u017cka w kszta\u0142cie wieloryba do nalewania wody.<\/p>\n<p>Idealna zabawka na czas k\u0105pieli.<\/p>\n<p>Wiek: 12m+<\/p>\n<p>Wymiary opakowania: 30,5 x 8,9 x 25,4 cm.<\/p>\n<\/section><\/div>\n<\/section>\n<section class=\"section\">\n<div class=\"item item-12\">\n<section class=\"image-item\"><img decoding=\"async\" src=\"https:\/\/upload.cdn.baselinker.com\/products\/3029707\/3333f160521f84df2b29ff81921de019.jpg\"><\/section>\n<\/p><\/div>\n<\/section>\n<section class=\"section\">\n<div class=\"item item-6\">\n<section class=\"image-item\"><img decoding=\"async\" src=\"https:\/\/upload.cdn.baselinker.com\/products\/3029707\/f2f5d90f38ecdc6416bd433ed3b6438b.jpg\"><\/section>\n<\/p><\/div>\n<div class=\"item item-6\">\n<section class=\"image-item\"><img decoding=\"async\" src=\"https:\/\/upload.cdn.baselinker.com\/products\/3029707\/64facef34fb22233f30dbbf3651d876b.jpg\"><\/section>\n<\/p><\/div>\n<\/section>\n<p><strong>Dodatkowe informacje:<\/strong><\/p>\n<ul>\n<li><strong>Producent: <\/strong>INFANTINO B KIDS INTERNATIONAL LIMITED  Flat\/Rm 1203, 12\/F, East Ocean Centre, 98 Granville Road TST East, Kowloon Hong Kong; elsa.chan@infantino.com; sally.ho@infantino.com<\/li>\n<li><strong>Podmiot odpowiedzialny za wprowadzenie produktu na rynek europejski:<\/strong>\u00a0Infantino B kids B.V. John M. Keynesplein 12-46 1066EP Amsterdam The Netherlands eu.info@infantino.com<\/li>\n<li><strong>Ostrze\u017cenia na opakowaniu: <\/strong><\/li>\n<li><strong>Instrukcja obs\u0142ugi jest:<\/strong> NIE<\/li>\n<li><strong>Kraj pochodzenia:<\/strong> CHINY<\/li>\n<\/ul>\n","protected":false},"excerpt":{"rendered":"<p>B-Kids Aquapark k\u0105pielowy dla dzieci 4303 Mini aquapark z dwiema zje\u017cd\u017calniami oraz ruchomymi elementami. Zabawka unosi si\u0119 na powierzchni wody.<\/p>\n","protected":false},"featured_media":4025,"comment_status":"open","ping_status":"closed","template":"","meta":[],"product_brand":[],"product_cat":[16],"product_tag":[],"class_list":{"0":"post-3934","1":"product","2":"type-product","3":"status-publish","4":"has-post-thumbnail","6":"product_cat-import","8":"first","9":"instock","10":"shipping-taxable","11":"purchasable","12":"product-type-simple"},"_links":{"self":[{"href":"https:\/\/czas.m2web.pl\/index.php?rest_route=\/wp\/v2\/product\/3934","targetHints":{"allow":["GET"]}}],"collection":[{"href":"https:\/\/czas.m2web.pl\/index.php?rest_route=\/wp\/v2\/product"}],"about":[{"href":"https:\/\/czas.m2web.pl\/index.php?rest_route=\/wp\/v2\/types\/product"}],"replies":[{"embeddable":true,"href":"https:\/\/czas.m2web.pl\/index.php?rest_route=%2Fwp%2Fv2%2Fcomments&post=3934"}],"version-history":[{"count":0,"href":"https:\/\/czas.m2web.pl\/index.php?rest_route=\/wp\/v2\/product\/3934\/revisions"}],"wp:featuredmedia":[{"embeddable":true,"href":"https:\/\/czas.m2web.pl\/index.php?rest_route=\/wp\/v2\/media\/4025"}],"wp:attachment":[{"href":"https:\/\/czas.m2web.pl\/index.php?rest_route=%2Fwp%2Fv2%2Fmedia&parent=3934"}],"wp:term":[{"taxonomy":"product_brand","embeddable":true,"href":"https:\/\/czas.m2web.pl\/index.php?rest_route=%2Fwp%2Fv2%2Fproduct_brand&post=3934"},{"taxonomy":"product_cat","embeddable":true,"href":"https:\/\/czas.m2web.pl\/index.php?rest_route=%2Fwp%2Fv2%2Fproduct_cat&post=3934"},{"taxonomy":"product_tag","embeddable":true,"href":"https:\/\/czas.m2web.pl\/index.php?rest_route=%2Fwp%2Fv2%2Fproduct_tag&post=3934"}],"curies":[{"name":"wp","href":"https:\/\/api.w.org\/{rel}","templated":true}]}}