{"id":3991,"date":"2026-01-04T23:02:11","date_gmt":"2026-01-04T22:02:11","guid":{"rendered":"https:\/\/czas.m2web.pl\/?post_type=product&#038;p=3991"},"modified":"2026-01-04T23:02:18","modified_gmt":"2026-01-04T22:02:18","slug":"maisto-pojazdy-budowlane-wywrotka-25203-yl","status":"publish","type":"product","link":"https:\/\/czas.m2web.pl\/?product=maisto-pojazdy-budowlane-wywrotka-25203-yl","title":{"rendered":"MAISTO Pojazdy budowlane &#8211; wywrotka 25203 YL"},"content":{"rendered":"<section class=\"section\">\n<div class=\"item item-6\">\n<section class=\"image-item\"><img decoding=\"async\" src=\"https:\/\/upload.cdn.baselinker.com\/products\/3029707\/607d19ac1e1e351472069c9367651790.jpg\"><\/section>\n<\/p><\/div>\n<div class=\"item item-6\">\n<section class=\"text-item\">\n<h1>MAISTO Pojazdy budowlane &#8211; Wywrotka<\/h1>\n<p>Nr kat.: 25203<\/p>\n<p>Kolor: \u017c\u00f3\u0142ty<\/p>\n<p>Pojazd budowlany z ruchom\u0105 skrzyni\u0105 \u0142adunkow\u0105.<\/p>\n<p>Zabawka wykonana z plastiku z metalowymi elementami.<\/p>\n<p>Wymiary pojazdu: ok. 11 x 6 x 5 cm.<\/p>\n<p>Wymiary opakowania: 16 x 16 cm.<\/p>\n<p>Wiek: 3+.<\/p>\n<\/section><\/div>\n<\/section>\n<section class=\"section\">\n<div class=\"item item-12\">\n<section class=\"image-item\"><img decoding=\"async\" src=\"https:\/\/upload.cdn.baselinker.com\/products\/3029707\/607d19ac1e1e351472069c9367651790.jpg\"><\/section>\n<\/p><\/div>\n<\/section>\n<p><strong>Dodatkowe informacje:<\/strong><\/p>\n","protected":false},"excerpt":{"rendered":"<p>MAISTO Pojazdy budowlane &#8211; Wywrotka Nr kat.: 25203 Kolor: \u017c\u00f3\u0142ty Pojazd budowlany z ruchom\u0105 skrzyni\u0105 \u0142adunkow\u0105. Zabawka wykonana z plastiku<\/p>\n","protected":false},"featured_media":4032,"comment_status":"open","ping_status":"closed","template":"","meta":[],"product_brand":[],"product_cat":[19,20,23,22],"product_tag":[],"class_list":{"0":"post-3991","1":"product","2":"type-product","3":"status-publish","4":"has-post-thumbnail","6":"product_cat-dla-chlopca","7":"product_cat-pojazdy","8":"product_cat-pozostale-pojazdy","9":"product_cat-samochody","11":"first","12":"instock","13":"shipping-taxable","14":"purchasable","15":"product-type-simple"},"_links":{"self":[{"href":"https:\/\/czas.m2web.pl\/index.php?rest_route=\/wp\/v2\/product\/3991","targetHints":{"allow":["GET"]}}],"collection":[{"href":"https:\/\/czas.m2web.pl\/index.php?rest_route=\/wp\/v2\/product"}],"about":[{"href":"https:\/\/czas.m2web.pl\/index.php?rest_route=\/wp\/v2\/types\/product"}],"replies":[{"embeddable":true,"href":"https:\/\/czas.m2web.pl\/index.php?rest_route=%2Fwp%2Fv2%2Fcomments&post=3991"}],"version-history":[{"count":0,"href":"https:\/\/czas.m2web.pl\/index.php?rest_route=\/wp\/v2\/product\/3991\/revisions"}],"wp:featuredmedia":[{"embeddable":true,"href":"https:\/\/czas.m2web.pl\/index.php?rest_route=\/wp\/v2\/media\/4032"}],"wp:attachment":[{"href":"https:\/\/czas.m2web.pl\/index.php?rest_route=%2Fwp%2Fv2%2Fmedia&parent=3991"}],"wp:term":[{"taxonomy":"product_brand","embeddable":true,"href":"https:\/\/czas.m2web.pl\/index.php?rest_route=%2Fwp%2Fv2%2Fproduct_brand&post=3991"},{"taxonomy":"product_cat","embeddable":true,"href":"https:\/\/czas.m2web.pl\/index.php?rest_route=%2Fwp%2Fv2%2Fproduct_cat&post=3991"},{"taxonomy":"product_tag","embeddable":true,"href":"https:\/\/czas.m2web.pl\/index.php?rest_route=%2Fwp%2Fv2%2Fproduct_tag&post=3991"}],"curies":[{"name":"wp","href":"https:\/\/api.w.org\/{rel}","templated":true}]}}