{"id":4075,"date":"2026-01-04T23:02:31","date_gmt":"2026-01-04T22:02:31","guid":{"rendered":"https:\/\/czas.m2web.pl\/?post_type=product&#038;p=4075"},"modified":"2026-01-04T23:02:46","modified_gmt":"2026-01-04T22:02:46","slug":"model-maisto-datsun-510-1971-1-24-31518","status":"publish","type":"product","link":"https:\/\/czas.m2web.pl\/?product=model-maisto-datsun-510-1971-1-24-31518","title":{"rendered":"Model MAISTO Datsun 510 1971 1\/24 31518"},"content":{"rendered":"<section class=\"section\">\n<div class=\"item item-6\">\n<section class=\"image-item\"><img decoding=\"async\" src=\"https:\/\/upload.cdn.baselinker.com\/products\/3029707\/fad2dc0967a21cf2dab85d06a116ab27.jpg\"><\/section>\n<\/p><\/div>\n<div class=\"item item-6\">\n<section class=\"text-item\">\n<h1>MAISTO Datsun 510 1971<\/h1>\n<p>Nr kat.: 31518<\/p>\n<p>Skala: 1\/24<\/p>\n<p>Kolor: \u017c\u00f3\u0142ty<\/p>\n<p><b>Materia\u0142: metal (nadwozie)\/plastik\/guma<\/b><\/p>\n<p>Model wykonany przez w\u0142osk\u0105 firm\u0119 MaiSto.<\/p>\n<p>Charakteryzuje si\u0119 ruchomymi elementami oraz dba\u0142o\u015bci\u0105 o ka\u017cdy szczeg\u00f3\u0142.<\/p>\n<p>Spe\u0142ni swoj\u0105 rol\u0119 zar\u00f3wno na p\u00f3\u0142ce kolekcjonera jak i zabawka dla Twojego dziecka.<\/p>\n<p><b>Model posiada otwierane drzwi i podnoszon\u0105 mask\u0119.<\/b><\/p>\n<p>Wymiary opakowania: szer. 23 cm, wys. 10,5 cm, g\u0142. 11,4 cm.<\/p>\n<p>Wiek: 3+.<\/p>\n<\/section><\/div>\n<\/section>\n<section class=\"section\">\n<div class=\"item item-12\">\n<section class=\"image-item\"><img decoding=\"async\" src=\"https:\/\/upload.cdn.baselinker.com\/products\/3029707\/8cd562b69bd7d81098950972eae57c4d.jpg\"><\/section>\n<\/p><\/div>\n<\/section>\n<section class=\"section\">\n<div class=\"item item-12\">\n<section class=\"image-item\"><img decoding=\"async\" src=\"https:\/\/upload.cdn.baselinker.com\/products\/3029707\/2a33df0b4490b84aa7a94ca1e11a261d.jpg\"><\/section>\n<\/p><\/div>\n<\/section>\n<section class=\"section\">\n<div class=\"item item-12\">\n<section class=\"image-item\"><img decoding=\"async\" src=\"https:\/\/upload.cdn.baselinker.com\/products\/3029707\/4e204c2a06c5f479f4438ba858755f11.jpg\"><\/section>\n<\/p><\/div>\n<\/section>\n<p><strong>Dodatkowe informacje:<\/strong><\/p>\n","protected":false},"excerpt":{"rendered":"<p>MAISTO Datsun 510 1971 Nr kat.: 31518 Skala: 1\/24 Kolor: \u017c\u00f3\u0142ty Materia\u0142: metal (nadwozie)\/plastik\/guma Model wykonany przez w\u0142osk\u0105 firm\u0119 MaiSto.<\/p>\n","protected":false},"featured_media":4121,"comment_status":"open","ping_status":"closed","template":"","meta":[],"product_brand":[],"product_cat":[16],"product_tag":[],"class_list":{"0":"post-4075","1":"product","2":"type-product","3":"status-publish","4":"has-post-thumbnail","6":"product_cat-import","8":"first","9":"instock","10":"shipping-taxable","11":"purchasable","12":"product-type-simple"},"_links":{"self":[{"href":"https:\/\/czas.m2web.pl\/index.php?rest_route=\/wp\/v2\/product\/4075","targetHints":{"allow":["GET"]}}],"collection":[{"href":"https:\/\/czas.m2web.pl\/index.php?rest_route=\/wp\/v2\/product"}],"about":[{"href":"https:\/\/czas.m2web.pl\/index.php?rest_route=\/wp\/v2\/types\/product"}],"replies":[{"embeddable":true,"href":"https:\/\/czas.m2web.pl\/index.php?rest_route=%2Fwp%2Fv2%2Fcomments&post=4075"}],"version-history":[{"count":0,"href":"https:\/\/czas.m2web.pl\/index.php?rest_route=\/wp\/v2\/product\/4075\/revisions"}],"wp:featuredmedia":[{"embeddable":true,"href":"https:\/\/czas.m2web.pl\/index.php?rest_route=\/wp\/v2\/media\/4121"}],"wp:attachment":[{"href":"https:\/\/czas.m2web.pl\/index.php?rest_route=%2Fwp%2Fv2%2Fmedia&parent=4075"}],"wp:term":[{"taxonomy":"product_brand","embeddable":true,"href":"https:\/\/czas.m2web.pl\/index.php?rest_route=%2Fwp%2Fv2%2Fproduct_brand&post=4075"},{"taxonomy":"product_cat","embeddable":true,"href":"https:\/\/czas.m2web.pl\/index.php?rest_route=%2Fwp%2Fv2%2Fproduct_cat&post=4075"},{"taxonomy":"product_tag","embeddable":true,"href":"https:\/\/czas.m2web.pl\/index.php?rest_route=%2Fwp%2Fv2%2Fproduct_tag&post=4075"}],"curies":[{"name":"wp","href":"https:\/\/api.w.org\/{rel}","templated":true}]}}