{"id":4080,"date":"2026-01-04T23:02:31","date_gmt":"2026-01-04T22:02:31","guid":{"rendered":"https:\/\/czas.m2web.pl\/?post_type=product&#038;p=4080"},"modified":"2026-01-04T23:02:49","modified_gmt":"2026-01-04T22:02:49","slug":"dzwonek-cars-na-rower-i-hulajnoge-stamp-892084","status":"publish","type":"product","link":"https:\/\/czas.m2web.pl\/?product=dzwonek-cars-na-rower-i-hulajnoge-stamp-892084","title":{"rendered":"Dzwonek CARS na rower i hulajnog\u0119 Stamp 892084"},"content":{"rendered":"<section class=\"section\">\n<div class=\"item item-6\">\n<section class=\"image-item\"><img decoding=\"async\" src=\"https:\/\/upload.cdn.baselinker.com\/products\/3029707\/5daf9009e05a82aee6f42d5cd344070e.jpg\"><\/section>\n<\/p><\/div>\n<div class=\"item item-6\">\n<section class=\"text-item\">\n<h1>STAMP Dzwonek Cars<\/h1>\n<p>Nr kat.: 892084<\/p>\n<p>Dzwonek z bohaterem bajki Cars na rower lub hulajnog\u0119.<\/p>\n<p>Wydaje dono\u015bny d\u017awi\u0119k i jest \u0142atwy w monta\u017cu.<\/p>\n<p>G\u00f3rna cze\u015b\u0107 jest metalowa, podstawa i obejma z tworzywa.<\/p>\n<p>\u015arednica dzwonka: 5,5 cm.<\/p>\n<\/section><\/div>\n<\/section>\n<section class=\"section\">\n<div class=\"item item-6\">\n<section class=\"image-item\"><img decoding=\"async\" src=\"https:\/\/upload.cdn.baselinker.com\/products\/3029707\/ae9f0d8213ef862d8a436b3148a0b418.jpg\"><\/section>\n<\/p><\/div>\n<div class=\"item item-6\">\n<section class=\"image-item\"><img decoding=\"async\" src=\"https:\/\/upload.cdn.baselinker.com\/products\/3029707\/22f59672992fbfc9691d9fa7764fb4c5.jpg\"><\/section>\n<\/p><\/div>\n<\/section>\n<p><strong>Dodatkowe informacje:<\/strong><\/p>\n<ul>\n<li><strong>Producent: <\/strong>STAMP S.A.S, 7 Rue Denis Papin, 67400 Illkirch-Graff, France;  emmanuellelaurent@stamp-fr.com<\/li>\n<li><strong>Podmiot odpowiedzialny za wprowadzenie produktu na rynek europejski:<\/strong>\u00a0STAMP S.A.S, 7 Rue Denis Papin, 67400 Illkirch-Graff, France;  emmanuellelaurent@stamp-fr.com<\/li>\n<li><strong>Ostrze\u017cenia na opakowaniu: <\/strong>Ostrze\u017cenia: UWAGA! Nieodpowiednie dla dzieci poni\u017cej 3 roku \u017cycia. Istnieje ryzyko zad\u0142awienia ma\u0142ymi elementami. Przed przekazaniem dziecku nale\u017cy usun\u0105\u0107 wszystkie elementy opakowania. Monta\u017c wy\u0142\u0105cznie przez osob\u0119 doros\u0142\u0105. Czy\u015bci\u0107 wy\u0142\u0105cznie wod\u0105 i myd\u0142em, unika\u0107 produkt\u00f3w chemicznych i rozpuszczalnik\u00f3w. Producent zastrzega sobie mo\u017cliwo\u015b\u0107 zmian kolorystycznych i technicznych. Prosimy zachowa\u0107 opakowanie wraz z ostrze\u017ceniami i pozosta\u0142ymi informacjami do  p\u00f3\u017aniejszej korespondencji. Wyprodukowano w Chinach<\/li>\n<li><strong>Instrukcja obs\u0142ugi jest:<\/strong> NIE<\/li>\n<li><strong>Kraj pochodzenia:<\/strong> CHINY<\/li>\n<\/ul>\n","protected":false},"excerpt":{"rendered":"<p>STAMP Dzwonek Cars Nr kat.: 892084 Dzwonek z bohaterem bajki Cars na rower lub hulajnog\u0119. Wydaje dono\u015bny d\u017awi\u0119k i jest<\/p>\n","protected":false},"featured_media":4129,"comment_status":"open","ping_status":"closed","template":"","meta":[],"product_brand":[],"product_cat":[898,417],"product_tag":[],"class_list":{"0":"post-4080","1":"product","2":"type-product","3":"status-publish","4":"has-post-thumbnail","6":"product_cat-akcesoria-rowerowe","7":"product_cat-zabawki-outdoorowe","9":"first","10":"instock","11":"shipping-taxable","12":"purchasable","13":"product-type-simple"},"_links":{"self":[{"href":"https:\/\/czas.m2web.pl\/index.php?rest_route=\/wp\/v2\/product\/4080","targetHints":{"allow":["GET"]}}],"collection":[{"href":"https:\/\/czas.m2web.pl\/index.php?rest_route=\/wp\/v2\/product"}],"about":[{"href":"https:\/\/czas.m2web.pl\/index.php?rest_route=\/wp\/v2\/types\/product"}],"replies":[{"embeddable":true,"href":"https:\/\/czas.m2web.pl\/index.php?rest_route=%2Fwp%2Fv2%2Fcomments&post=4080"}],"version-history":[{"count":0,"href":"https:\/\/czas.m2web.pl\/index.php?rest_route=\/wp\/v2\/product\/4080\/revisions"}],"wp:featuredmedia":[{"embeddable":true,"href":"https:\/\/czas.m2web.pl\/index.php?rest_route=\/wp\/v2\/media\/4129"}],"wp:attachment":[{"href":"https:\/\/czas.m2web.pl\/index.php?rest_route=%2Fwp%2Fv2%2Fmedia&parent=4080"}],"wp:term":[{"taxonomy":"product_brand","embeddable":true,"href":"https:\/\/czas.m2web.pl\/index.php?rest_route=%2Fwp%2Fv2%2Fproduct_brand&post=4080"},{"taxonomy":"product_cat","embeddable":true,"href":"https:\/\/czas.m2web.pl\/index.php?rest_route=%2Fwp%2Fv2%2Fproduct_cat&post=4080"},{"taxonomy":"product_tag","embeddable":true,"href":"https:\/\/czas.m2web.pl\/index.php?rest_route=%2Fwp%2Fv2%2Fproduct_tag&post=4080"}],"curies":[{"name":"wp","href":"https:\/\/api.w.org\/{rel}","templated":true}]}}