{"id":4081,"date":"2026-01-04T23:02:31","date_gmt":"2026-01-04T22:02:31","guid":{"rendered":"https:\/\/czas.m2web.pl\/?post_type=product&#038;p=4081"},"modified":"2026-01-04T23:02:50","modified_gmt":"2026-01-04T22:02:50","slug":"fotelik-na-rower-dla-lalki-frozen-244500","status":"publish","type":"product","link":"https:\/\/czas.m2web.pl\/?product=fotelik-na-rower-dla-lalki-frozen-244500","title":{"rendered":"Fotelik na rower dla lalki &#8211; FROZEN 244500"},"content":{"rendered":"<section class=\"section\">\n<div class=\"item item-6\">\n<section class=\"image-item\"><img decoding=\"async\" src=\"https:\/\/upload.cdn.baselinker.com\/products\/3029707\/7ef5fb1e2ae7f1a74ebde20676e59269.jpg\"><\/section>\n<\/p><\/div>\n<div class=\"item item-6\">\n<section class=\"text-item\">\n<h1>Fotelik na rower dla lalki &#8211; FROZEN II<\/h1>\n<p>Stamp 244500<\/p>\n<p>Fotelik na rower dla ulubionej lalki lub misia. Posiada pasek bezpiecze\u0144stwa oraz specjalny zaczep do mocowania na ka\u017cdym rowerze. Teraz ma\u0142a rowerzystka mo\u017ce podr\u00f3\u017cowa\u0107 ze swoimi ulubie\u0144cami.<\/p>\n<p><b>Wymiary: wys. 35 x szer. 20 x g\u0142. 14 cm.<\/b><\/p>\n<p><b>Wiek: 3+.<\/b><\/p>\n<\/section><\/div>\n<\/section>\n<section class=\"section\">\n<div class=\"item item-6\">\n<section class=\"image-item\"><img decoding=\"async\" src=\"https:\/\/upload.cdn.baselinker.com\/products\/3029707\/96493e3dff3882500991f85654262622.jpg\"><\/section>\n<\/p><\/div>\n<div class=\"item item-6\">\n<section class=\"image-item\"><img decoding=\"async\" src=\"https:\/\/upload.cdn.baselinker.com\/products\/3029707\/39a8f8f30e4fa00ddd85741ab73e983b.jpg\"><\/section>\n<\/p><\/div>\n<\/section>\n<section class=\"section\">\n<div class=\"item item-12\">\n<section class=\"image-item\"><img decoding=\"async\" src=\"https:\/\/upload.cdn.baselinker.com\/products\/3029707\/7ef5fb1e2ae7f1a74ebde20676e59269.jpg\"><\/section>\n<\/p><\/div>\n<\/section>\n<p><strong>Dodatkowe informacje:<\/strong><\/p>\n<ul>\n<li><strong>Producent: <\/strong>STAMP S.A.S, 7 Rue Denis Papin, 67400 Illkirch-Graff, France;  emmanuellelaurent@stamp-fr.com<\/li>\n<li><strong>Podmiot odpowiedzialny za wprowadzenie produktu na rynek europejski:<\/strong>\u00a0STAMP S.A.S, 7 Rue Denis Papin, 67400 Illkirch-Graff, France;  emmanuellelaurent@stamp-fr.com<\/li>\n<li><strong>Ostrze\u017cenia na opakowaniu: <\/strong>Ostrze\u017cenia: UWAGA! Nieodpowiednie dla dzieci poni\u017cej 3 roku \u017cycia. Istnieje ryzyko zad\u0142awienia ma\u0142ymi elementami. Przed przekazaniem dziecku nale\u017cy usun\u0105\u0107 wszystkie elementy opakowania. Monta\u017c wy\u0142\u0105cznie przez osob\u0119 doros\u0142\u0105. Czy\u015bci\u0107 wy\u0142\u0105cznie wod\u0105 i myd\u0142em, unika\u0107 produkt\u00f3w chemicznych i rozpuszczalnik\u00f3w. Producent zastrzega sobie mo\u017cliwo\u015b\u0107 zmian kolorystycznych i technicznych. Prosimy zachowa\u0107 opakowanie wraz z ostrze\u017ceniami i pozosta\u0142ymi informacjami do  p\u00f3\u017aniejszej korespondencji. Wyprodukowano w Chinach<\/li>\n<li><strong>Instrukcja obs\u0142ugi jest:<\/strong> NIE<\/li>\n<li><strong>Kraj pochodzenia:<\/strong> CHINY<\/li>\n<\/ul>\n","protected":false},"excerpt":{"rendered":"<p>Fotelik na rower dla lalki &#8211; FROZEN II Stamp 244500 Fotelik na rower dla ulubionej lalki lub misia. Posiada pasek<\/p>\n","protected":false},"featured_media":4132,"comment_status":"open","ping_status":"closed","template":"","meta":[],"product_brand":[],"product_cat":[16],"product_tag":[],"class_list":{"0":"post-4081","1":"product","2":"type-product","3":"status-publish","4":"has-post-thumbnail","6":"product_cat-import","8":"first","9":"instock","10":"shipping-taxable","11":"purchasable","12":"product-type-simple"},"_links":{"self":[{"href":"https:\/\/czas.m2web.pl\/index.php?rest_route=\/wp\/v2\/product\/4081","targetHints":{"allow":["GET"]}}],"collection":[{"href":"https:\/\/czas.m2web.pl\/index.php?rest_route=\/wp\/v2\/product"}],"about":[{"href":"https:\/\/czas.m2web.pl\/index.php?rest_route=\/wp\/v2\/types\/product"}],"replies":[{"embeddable":true,"href":"https:\/\/czas.m2web.pl\/index.php?rest_route=%2Fwp%2Fv2%2Fcomments&post=4081"}],"version-history":[{"count":0,"href":"https:\/\/czas.m2web.pl\/index.php?rest_route=\/wp\/v2\/product\/4081\/revisions"}],"wp:featuredmedia":[{"embeddable":true,"href":"https:\/\/czas.m2web.pl\/index.php?rest_route=\/wp\/v2\/media\/4132"}],"wp:attachment":[{"href":"https:\/\/czas.m2web.pl\/index.php?rest_route=%2Fwp%2Fv2%2Fmedia&parent=4081"}],"wp:term":[{"taxonomy":"product_brand","embeddable":true,"href":"https:\/\/czas.m2web.pl\/index.php?rest_route=%2Fwp%2Fv2%2Fproduct_brand&post=4081"},{"taxonomy":"product_cat","embeddable":true,"href":"https:\/\/czas.m2web.pl\/index.php?rest_route=%2Fwp%2Fv2%2Fproduct_cat&post=4081"},{"taxonomy":"product_tag","embeddable":true,"href":"https:\/\/czas.m2web.pl\/index.php?rest_route=%2Fwp%2Fv2%2Fproduct_tag&post=4081"}],"curies":[{"name":"wp","href":"https:\/\/api.w.org\/{rel}","templated":true}]}}