{"id":4084,"date":"2026-01-04T23:02:32","date_gmt":"2026-01-04T22:02:32","guid":{"rendered":"https:\/\/czas.m2web.pl\/?post_type=product&#038;p=4084"},"modified":"2026-01-04T23:02:55","modified_gmt":"2026-01-04T22:02:55","slug":"maisto-motocykl-ducati-hypermotard-sp-2013-31101-1-12","status":"publish","type":"product","link":"https:\/\/czas.m2web.pl\/?product=maisto-motocykl-ducati-hypermotard-sp-2013-31101-1-12","title":{"rendered":"MAISTO Motocykl Ducati Hypermotard SP 2013 31101 1\/12"},"content":{"rendered":"<section class=\"section\">\n<div class=\"item item-6\">\n<section class=\"image-item\"><img decoding=\"async\" src=\"https:\/\/upload.cdn.baselinker.com\/products\/3029707\/31ead0f04bbb2e2c5f8be11e3acda77e.jpg\"><\/section>\n<\/p><\/div>\n<div class=\"item item-6\">\n<section class=\"text-item\">\n<h1>MAISTO Motocykl Ducati Hypermotard SP 2013<br \/><\/h1>\n<p>Nr kat.: 31101<\/p>\n<p>Skala: 1\/12<\/p>\n<p>Kolor: czarny z czerwonymi detalami<\/p>\n<p><b>Materia\u0142: metal\/plastik\/guma<\/b><\/p>\n<p>Model MaiSto charakteryzuje si\u0119 du\u017c\u0105 dba\u0142o\u015bci\u0105 o szczeg\u00f3\u0142y oraz ruchomym zawieszeniem.<\/p>\n<p><b>Motocykl wyposa\u017cony w n\u00f3\u017ck\u0119, na kt\u00f3rej mo\u017cna go postawi\u0107.<\/b><\/p>\n<p>Model jest wiernym odwzorowaniem w skali prawdziwego motocykla.<\/p>\n<p>Wymiary opakowania: szer.\u00a021 cm, wys. 12 cm, g\u0142.\u00a07 cm.<\/p>\n<p>Wiek: 3+.<\/p>\n<\/section><\/div>\n<\/section>\n<section class=\"section\">\n<div class=\"item item-12\">\n<section class=\"image-item\"><img decoding=\"async\" src=\"https:\/\/upload.cdn.baselinker.com\/products\/3029707\/31ead0f04bbb2e2c5f8be11e3acda77e.jpg\"><\/section>\n<\/p><\/div>\n<\/section>\n<p><strong>Dodatkowe informacje:<\/strong><\/p>\n<ul>\n<li><strong>Producent: <\/strong>May Cheong Group Limited Unit 901-2, 9\/F, East Ocean Centre,  98 Granville Road, Tsimshatsui East, Kowloon, Hong Kong info@maycheonggroup.com.hk<\/li>\n<li><strong>Podmiot odpowiedzialny za wprowadzenie produktu na rynek europejski:<\/strong>\u00a0Firma Handlowa PULIO Krzysztof Gebel ul. Kolejowa 3 55-040 Bielany Wroc\u0142awskie  tel. +48 71 352 07 80  biuro@pulio.pl  www.pulio.pl<\/li>\n<li><strong>Ostrze\u017cenia na opakowaniu: <\/strong>Ostrze\u017cenia: Uwaga! Nieodpowiednie dla dzieci w wieku poni\u017cej 3 lat. Niebezpiecze\u0144stwo zad\u0142awienia drobnymi elementami. Prosimy zachowa\u0107 opakowanie wraz z ostrze\u017ceniami i pozosta\u0142ymi informacjami do p\u00f3\u017aniejszej korespondencji. Przed przekazaniem dziecku nale\u017cy usun\u0105\u0107 wszystkie elementy opakowania. Opakowanie nie stanowi cz\u0119\u015bci zabawki. Producent zastrzega sobie prawo do zmian technicznych i kolorystyki bez uprzedzenia. Kolory i zawarto\u015b\u0107 mog\u0105 r\u00f3\u017cni\u0107 si\u0119 od ilustracji na opakowaniu. Wyprodukowano w Chinach.<\/li>\n<li><strong>Instrukcja obs\u0142ugi jest:<\/strong> NIE<\/li>\n<li><strong>Kraj pochodzenia:<\/strong> CHINY<\/li>\n<\/ul>\n","protected":false},"excerpt":{"rendered":"<p>MAISTO Motocykl Ducati Hypermotard SP 2013 Nr kat.: 31101 Skala: 1\/12 Kolor: czarny z czerwonymi detalami Materia\u0142: metal\/plastik\/guma Model MaiSto<\/p>\n","protected":false},"featured_media":4167,"comment_status":"open","ping_status":"closed","template":"","meta":[],"product_brand":[],"product_cat":[19,899,124,20],"product_tag":[],"class_list":{"0":"post-4084","1":"product","2":"type-product","3":"status-publish","4":"has-post-thumbnail","6":"product_cat-dla-chlopca","7":"product_cat-modele-112","8":"product_cat-motocykle","9":"product_cat-pojazdy","11":"first","12":"instock","13":"shipping-taxable","14":"purchasable","15":"product-type-simple"},"_links":{"self":[{"href":"https:\/\/czas.m2web.pl\/index.php?rest_route=\/wp\/v2\/product\/4084","targetHints":{"allow":["GET"]}}],"collection":[{"href":"https:\/\/czas.m2web.pl\/index.php?rest_route=\/wp\/v2\/product"}],"about":[{"href":"https:\/\/czas.m2web.pl\/index.php?rest_route=\/wp\/v2\/types\/product"}],"replies":[{"embeddable":true,"href":"https:\/\/czas.m2web.pl\/index.php?rest_route=%2Fwp%2Fv2%2Fcomments&post=4084"}],"version-history":[{"count":0,"href":"https:\/\/czas.m2web.pl\/index.php?rest_route=\/wp\/v2\/product\/4084\/revisions"}],"wp:featuredmedia":[{"embeddable":true,"href":"https:\/\/czas.m2web.pl\/index.php?rest_route=\/wp\/v2\/media\/4167"}],"wp:attachment":[{"href":"https:\/\/czas.m2web.pl\/index.php?rest_route=%2Fwp%2Fv2%2Fmedia&parent=4084"}],"wp:term":[{"taxonomy":"product_brand","embeddable":true,"href":"https:\/\/czas.m2web.pl\/index.php?rest_route=%2Fwp%2Fv2%2Fproduct_brand&post=4084"},{"taxonomy":"product_cat","embeddable":true,"href":"https:\/\/czas.m2web.pl\/index.php?rest_route=%2Fwp%2Fv2%2Fproduct_cat&post=4084"},{"taxonomy":"product_tag","embeddable":true,"href":"https:\/\/czas.m2web.pl\/index.php?rest_route=%2Fwp%2Fv2%2Fproduct_tag&post=4084"}],"curies":[{"name":"wp","href":"https:\/\/api.w.org\/{rel}","templated":true}]}}