{"id":4221,"date":"2026-01-04T23:03:17","date_gmt":"2026-01-04T22:03:17","guid":{"rendered":"https:\/\/czas.m2web.pl\/?post_type=product&#038;p=4221"},"modified":"2026-01-04T23:03:38","modified_gmt":"2026-01-04T22:03:38","slug":"maisto-ford-deluxe-1939-1-18-31180-red","status":"publish","type":"product","link":"https:\/\/czas.m2web.pl\/?product=maisto-ford-deluxe-1939-1-18-31180-red","title":{"rendered":"MAISTO Ford Deluxe 1939 1\/18 31180 Red"},"content":{"rendered":"<section class=\"section\">\n<div class=\"item item-6\">\n<section class=\"image-item\"><img decoding=\"async\" src=\"https:\/\/upload.cdn.baselinker.com\/products\/3029707\/68c57aa395b0d33e1067826be69df64b.jpg\"><\/section>\n<\/p><\/div>\n<div class=\"item item-6\">\n<section class=\"text-item\">\n<h1>MAISTO Ford Deluxe 1939<\/h1>\n<p>Nr kat.: 31180<\/p>\n<p>Skala: 1\/18<\/p>\n<p>Kolor: czerwony<\/p>\n<p><b>Materia\u0142: metal (nadwozie)\/plastik\/guma<\/b><\/p>\n<p>Wysokiej jako\u015bci metalowy model pojazdu wykonany przez firm\u0119 MaiSto.<\/p>\n<p>Charakteryzuje si\u0119 ruchomymi elementami oraz dba\u0142o\u015bci\u0105 o ka\u017cdy szczeg\u00f3\u0142.<\/p>\n<p><b>Model posiada dzia\u0142aj\u0105cy uk\u0142ad kierowniczy \u2013 skr\u0119tne ko\u0142a i kierownic\u0119.<\/b><\/p>\n<p><b>Dodatkowo wyposa\u017cony jest w amortyzowane zawieszenie.<\/b><\/p>\n<p><b>Ca\u0142o\u015bci dope\u0142niaj\u0105 otwierane elementy \u2013 drzwi, maska i baga\u017cnik.<\/b><\/p>\n<p><b>Dzi\u0119ki podstawce ekspozycyjnej znajduj\u0105cej si\u0119 w zestawie model doskonale prezentuje si\u0119 jako eksponat na p\u00f3\u0142ce lub biurku kolekcjonera.<\/b><\/p>\n<p>Wymiary opakowania: szer. 33 cm, wys. 12,5 cm, g\u0142. 16,5 cm.<\/p>\n<p>Wiek: 3+.<\/p>\n<\/section><\/div>\n<\/section>\n<section class=\"section\">\n<div class=\"item item-12\">\n<section class=\"image-item\"><img decoding=\"async\" src=\"https:\/\/upload.cdn.baselinker.com\/products\/3029707\/0a8d104491d4669ab4569e531f8a6d89.jpg\"><\/section>\n<\/p><\/div>\n<\/section>\n<section class=\"section\">\n<div class=\"item item-12\">\n<section class=\"image-item\"><img decoding=\"async\" src=\"https:\/\/upload.cdn.baselinker.com\/products\/3029707\/ad9449f7e3adcd51f965ec707990aa31.jpg\"><\/section>\n<\/p><\/div>\n<\/section>\n<section class=\"section\">\n<div class=\"item item-12\">\n<section class=\"image-item\"><img decoding=\"async\" src=\"https:\/\/upload.cdn.baselinker.com\/products\/3029707\/00b2b7f32f7dd2731cd4d61a9e03ac30.jpg\"><\/section>\n<\/p><\/div>\n<\/section>\n<p><strong>Dodatkowe informacje:<\/strong><\/p>\n","protected":false},"excerpt":{"rendered":"<p>MAISTO Ford Deluxe 1939 Nr kat.: 31180 Skala: 1\/18 Kolor: czerwony Materia\u0142: metal (nadwozie)\/plastik\/guma Wysokiej jako\u015bci metalowy model pojazdu wykonany<\/p>\n","protected":false},"featured_media":4269,"comment_status":"open","ping_status":"closed","template":"","meta":[],"product_brand":[],"product_cat":[19,286,20,22],"product_tag":[],"class_list":{"0":"post-4221","1":"product","2":"type-product","3":"status-publish","4":"has-post-thumbnail","6":"product_cat-dla-chlopca","7":"product_cat-modele-118","8":"product_cat-pojazdy","9":"product_cat-samochody","11":"first","12":"instock","13":"shipping-taxable","14":"purchasable","15":"product-type-simple"},"_links":{"self":[{"href":"https:\/\/czas.m2web.pl\/index.php?rest_route=\/wp\/v2\/product\/4221","targetHints":{"allow":["GET"]}}],"collection":[{"href":"https:\/\/czas.m2web.pl\/index.php?rest_route=\/wp\/v2\/product"}],"about":[{"href":"https:\/\/czas.m2web.pl\/index.php?rest_route=\/wp\/v2\/types\/product"}],"replies":[{"embeddable":true,"href":"https:\/\/czas.m2web.pl\/index.php?rest_route=%2Fwp%2Fv2%2Fcomments&post=4221"}],"version-history":[{"count":0,"href":"https:\/\/czas.m2web.pl\/index.php?rest_route=\/wp\/v2\/product\/4221\/revisions"}],"wp:featuredmedia":[{"embeddable":true,"href":"https:\/\/czas.m2web.pl\/index.php?rest_route=\/wp\/v2\/media\/4269"}],"wp:attachment":[{"href":"https:\/\/czas.m2web.pl\/index.php?rest_route=%2Fwp%2Fv2%2Fmedia&parent=4221"}],"wp:term":[{"taxonomy":"product_brand","embeddable":true,"href":"https:\/\/czas.m2web.pl\/index.php?rest_route=%2Fwp%2Fv2%2Fproduct_brand&post=4221"},{"taxonomy":"product_cat","embeddable":true,"href":"https:\/\/czas.m2web.pl\/index.php?rest_route=%2Fwp%2Fv2%2Fproduct_cat&post=4221"},{"taxonomy":"product_tag","embeddable":true,"href":"https:\/\/czas.m2web.pl\/index.php?rest_route=%2Fwp%2Fv2%2Fproduct_tag&post=4221"}],"curies":[{"name":"wp","href":"https:\/\/api.w.org\/{rel}","templated":true}]}}