{"id":4224,"date":"2026-01-04T23:03:17","date_gmt":"2026-01-04T22:03:17","guid":{"rendered":"https:\/\/czas.m2web.pl\/?post_type=product&#038;p=4224"},"modified":"2026-01-04T23:03:42","modified_gmt":"2026-01-04T22:03:42","slug":"maisto-ducati-diavel-carbon-2011-do-skladania-1-12-39196","status":"publish","type":"product","link":"https:\/\/czas.m2web.pl\/?product=maisto-ducati-diavel-carbon-2011-do-skladania-1-12-39196","title":{"rendered":"MAISTO Ducati Diavel Carbon 2011 do sk\u0142adania 1\/12 39196"},"content":{"rendered":"<section class=\"section\">\n<div class=\"item item-6\">\n<section class=\"image-item\"><\/section>\n<\/p><\/div>\n<div class=\"item item-6\">\n<section class=\"text-item\">\n<h1>MAISTO Ducati Diavel Carbon 2011 &#8211; model do sk\u0142adania<\/h1>\n<p>Nr kat.: 39196<\/p>\n<p>Skala: 1\/12<\/p>\n<p>Kolor: czarny<\/p>\n<p>Materia\u0142: metal\/plastik\/guma<\/p>\n<p><b>Model do sk\u0142adania &#8211; nie wymaga u\u017cycia kleju i malowania &#8211; \u015brubokr\u0119t w komplecie.<\/b><\/p>\n<p>Modele z serii MaiSto Assembly Line Model Kit wykonane s\u0105 z dba\u0142o\u015bci\u0105 o najmniejsze szczeg\u00f3\u0142y.<\/p>\n<p><b>Motocykle posiadaj\u0105 ruchome elementy, pomalowane metalowe i plastikowe elementy konstrukcyjne, gumowe ko\u0142a i amortyzowane tylne zawieszenie.<\/b><\/p>\n<p>Po z\u0142o\u017ceniu otrzymujemy w pe\u0142ni funkcjonalny, je\u017cd\u017c\u0105cy pojazd idealny jako zabawka dla dziecka lub model dla kolekcjonera.<\/p>\n<p><b>Model wyposa\u017cony w n\u00f3\u017ck\u0119, na kt\u00f3rej mo\u017cna go postawi\u0107.<\/b><\/p>\n<p>Wiek: 8+.<\/p>\n<p>Wymiary opakowania: szer. 19 cm, wys. 25,5 cm, g\u0142. 6 cm.<\/p>\n<\/section><\/div>\n<\/section>\n<section class=\"section\">\n<div class=\"item item-12\">\n<section class=\"image-item\"><\/section>\n<\/p><\/div>\n<\/section>\n<section class=\"section\">\n<div class=\"item item-12\">\n<section class=\"image-item\"><\/section>\n<\/p><\/div>\n<\/section>\n<section class=\"section\">\n<div class=\"item item-12\">\n<section class=\"image-item\"><\/section>\n<\/p><\/div>\n<\/section>\n<p><strong>Dodatkowe informacje:<\/strong><\/p>\n<ul>\n<li><strong>Producent: <\/strong>May Cheong Group Limited Unit 901-2, 9\/F, East Ocean Centre,  98 Granville Road, Tsimshatsui East, Kowloon, Hong Kong info@maycheonggroup.com.hk<\/li>\n<li><strong>Podmiot odpowiedzialny za wprowadzenie produktu na rynek europejski:<\/strong>\u00a0Firma Handlowa PULIO Krzysztof Gebel ul. Kolejowa 3 55-040 Bielany Wroc\u0142awskie  tel. +48 71 352 07 80  biuro@pulio.pl  www.pulio.pl<\/li>\n<li><strong>Ostrze\u017cenia na opakowaniu: <\/strong>Ostrze\u017cenia: Uwaga! Nieodpowiednie dla dzieci w wieku poni\u017cej 3 lat. Niebezpiecze\u0144stwo zad\u0142awienia drobnymi elementami. Prosimy zachowa\u0107 opakowanie wraz z ostrze\u017ceniami i pozosta\u0142ymi informacjami do p\u00f3\u017aniejszej korespondencji. Przed przekazaniem dziecku nale\u017cy usun\u0105\u0107 wszystkie elementy opakowania. Opakowanie nie stanowi cz\u0119\u015bci zabawki. Producent zastrzega sobie prawo do zmian technicznych i kolorystyki bez uprzedzenia. Kolory i zawarto\u015b\u0107 mog\u0105 r\u00f3\u017cni\u0107 si\u0119 od ilustracji na opakowaniu. Wyprodukowano w Chinach.<\/li>\n<li><strong>Instrukcja obs\u0142ugi jest:<\/strong> NIE<\/li>\n<li><strong>Kraj pochodzenia:<\/strong> CHINY<\/li>\n<\/ul>\n","protected":false},"excerpt":{"rendered":"<p>MAISTO Ducati Diavel Carbon 2011 &#8211; model do sk\u0142adania Nr kat.: 39196 Skala: 1\/12 Kolor: czarny Materia\u0142: metal\/plastik\/guma Model do<\/p>\n","protected":false},"featured_media":4305,"comment_status":"open","ping_status":"closed","template":"","meta":[],"product_brand":[],"product_cat":[19,125,124,20],"product_tag":[],"class_list":{"0":"post-4224","1":"product","2":"type-product","3":"status-publish","4":"has-post-thumbnail","6":"product_cat-dla-chlopca","7":"product_cat-modele-112-do-skladania","8":"product_cat-motocykle","9":"product_cat-pojazdy","11":"first","12":"instock","13":"shipping-taxable","14":"purchasable","15":"product-type-simple"},"_links":{"self":[{"href":"https:\/\/czas.m2web.pl\/index.php?rest_route=\/wp\/v2\/product\/4224","targetHints":{"allow":["GET"]}}],"collection":[{"href":"https:\/\/czas.m2web.pl\/index.php?rest_route=\/wp\/v2\/product"}],"about":[{"href":"https:\/\/czas.m2web.pl\/index.php?rest_route=\/wp\/v2\/types\/product"}],"replies":[{"embeddable":true,"href":"https:\/\/czas.m2web.pl\/index.php?rest_route=%2Fwp%2Fv2%2Fcomments&post=4224"}],"version-history":[{"count":0,"href":"https:\/\/czas.m2web.pl\/index.php?rest_route=\/wp\/v2\/product\/4224\/revisions"}],"wp:featuredmedia":[{"embeddable":true,"href":"https:\/\/czas.m2web.pl\/index.php?rest_route=\/wp\/v2\/media\/4305"}],"wp:attachment":[{"href":"https:\/\/czas.m2web.pl\/index.php?rest_route=%2Fwp%2Fv2%2Fmedia&parent=4224"}],"wp:term":[{"taxonomy":"product_brand","embeddable":true,"href":"https:\/\/czas.m2web.pl\/index.php?rest_route=%2Fwp%2Fv2%2Fproduct_brand&post=4224"},{"taxonomy":"product_cat","embeddable":true,"href":"https:\/\/czas.m2web.pl\/index.php?rest_route=%2Fwp%2Fv2%2Fproduct_cat&post=4224"},{"taxonomy":"product_tag","embeddable":true,"href":"https:\/\/czas.m2web.pl\/index.php?rest_route=%2Fwp%2Fv2%2Fproduct_tag&post=4224"}],"curies":[{"name":"wp","href":"https:\/\/api.w.org\/{rel}","templated":true}]}}