{"id":4362,"date":"2026-01-04T23:04:01","date_gmt":"2026-01-04T22:04:01","guid":{"rendered":"https:\/\/czas.m2web.pl\/?post_type=product&#038;p=4362"},"modified":"2026-01-04T23:04:14","modified_gmt":"2026-01-04T22:04:14","slug":"bujak-bujaczek-do-domu-i-ogrodu-zielony-krokodyl-dantoy","status":"publish","type":"product","link":"https:\/\/czas.m2web.pl\/?product=bujak-bujaczek-do-domu-i-ogrodu-zielony-krokodyl-dantoy","title":{"rendered":"Bujak, bujaczek do domu i ogrodu zielony KROKODYL DANTOY"},"content":{"rendered":"<section class=\"section\">\n<div class=\"item item-6\">\n<section class=\"image-item\"><img decoding=\"async\" src=\"https:\/\/upload.cdn.baselinker.com\/products\/3029707\/f826b26c93289c10ec2d9ddec0b18bac.jpg\"><\/section>\n<\/p><\/div>\n<div class=\"item item-6\">\n<section class=\"text-item\">\n<h1>DANTOY Bujak \u201eZielony krokodyl\u201d<\/h1>\n<h2>Oryginalny bujak wyprodukowany w Danii.<\/h2>\n<p>Nr kat.: 6721<\/p>\n<p><b>Bujaczek du\u0144skiej firmy DANTOY dla nawet tr\u00f3jki dzieci do domu lub ogrodu.<\/b><\/p>\n<p>Ma szerokie brzegi na podparcie n\u00f3g i wygodne uchwyty do trzymania.<\/p>\n<p>Jedno dziecko mo\u017ce si\u0119 na nim buja\u0107 siadaj\u0105c po\u015brodku bujaczka.<\/p>\n<p>Bujak wykonany jest z wysokiej jako\u015bci tworzywa sztucznego.<\/p>\n<ul>\n<li>D\u0142ugo\u015b\u0107 bujaka: 101 cm.<\/li>\n<li>Wysoko\u015b\u0107: 38 cm.<\/li>\n<li>Odleg\u0142o\u015b\u0107 od pod\u0142ogi do siedziska: 23 cm.<\/li>\n<li>Maks. obci\u0105\u017cenie: 3 x 50 kg.<\/li>\n<li><b>W komplecie ozdobne naklejki: oczy i u\u015bmiechni\u0119ty pyszczek krokodyla.<\/b><\/li>\n<li>Wiek: 18M+.<\/li>\n<\/ul>\n<\/section><\/div>\n<\/section>\n<section class=\"section\">\n<div class=\"item item-12\">\n<section class=\"image-item\"><img decoding=\"async\" src=\"https:\/\/upload.cdn.baselinker.com\/products\/3029707\/f826b26c93289c10ec2d9ddec0b18bac.jpg\"><\/section>\n<\/p><\/div>\n<\/section>\n<section class=\"section\">\n<div class=\"item item-12\">\n<section class=\"image-item\"><img decoding=\"async\" src=\"https:\/\/upload.cdn.baselinker.com\/products\/3029707\/397b56f108bd739ac2a905bed07005b2.jpg\"><\/section>\n<\/p><\/div>\n<\/section>\n<p><strong>Dodatkowe informacje:<\/strong><\/p>\n<ul>\n<li><strong>Producent: <\/strong>Dantoy A\/S Sj\u00e6llandsvej 4 9500 Hobro Denmark; contact@dantoy.dk<\/li>\n<li><strong>Podmiot odpowiedzialny za wprowadzenie produktu na rynek europejski:<\/strong>\u00a0Dantoy A\/S Sj\u00e6llandsvej 4 9500 Hobro Denmark; contact@dantoy.dk<\/li>\n<li><strong>Ostrze\u017cenia na opakowaniu: <\/strong>OSTRZE\u017bENIA: Przed przekazaniem dziecku nale\u017cy usun\u0105\u0107 wszystkie elementy opakowania. Opakowanie nie stanowi cz\u0119\u015bci zabawki. Producent zastrzega sobie mo\u017cliwo\u015b\u0107 zmian kolorystycznych i technicznych. Prosimy zachowa\u0107 opakowanie wraz z ostrze\u017ceniami i pozosta\u0142ymi informacjami do p\u00f3\u017aniejszej korespondencji. Wyprodukowano w Danii. Prosimy o ci\u0105g\u0142e nadzorowanie bawi\u0105cych si\u0119 dzieci. Ustaw bujak na mi\u0119kkiej, czystej i r\u00f3wnej powierzchni, najlepiej w odleg\u0142o\u015bci 2 m od jakichkolwiek obiekt\u00f3w lub przeszk\u00f3d. Nie umieszczaj urz\u0105dzenia w pobli\u017cu powierzchni pochy\u0142ych lub zboczy, schod\u00f3w, wody, ulic lub innych zagro\u017ce\u0144. Produkt b\u0119dzie dzia\u0142a\u0142 najlepiej, je\u015bli zostanie umieszczony na r\u00f3wnym trawniku lub odpowiedniej macie, je\u015bli powierzchnia jest twarda. Utrzymanie produktu: &#8211; wszystkie powierzchnie bujaczka nale\u017cy okresowo sprawdza\u0107 pod k\u0105tem uszkodze\u0144, kt\u00f3re mog\u0142yby mie\u0107 wp\u0142yw na dzia\u0142anie lub og\u00f3lne bezpiecze\u0144stwo produktu &#8211; produkt mo\u017cna czy\u015bci\u0107 \u0142agodnym detergentem i wod\u0105 oraz mi\u0119kk\u0105 \u015bciereczk\u0105<\/li>\n<li><strong>Instrukcja obs\u0142ugi jest:<\/strong> NIE<\/li>\n<li><strong>Kraj pochodzenia:<\/strong> DANIA<\/li>\n<\/ul>\n","protected":false},"excerpt":{"rendered":"<p>DANTOY Bujak \u201eZielony krokodyl\u201d Oryginalny bujak wyprodukowany w Danii. Nr kat.: 6721 Bujaczek du\u0144skiej firmy DANTOY dla nawet tr\u00f3jki dzieci<\/p>\n","protected":false},"featured_media":4420,"comment_status":"open","ping_status":"closed","template":"","meta":[],"product_brand":[],"product_cat":[1656,417],"product_tag":[],"class_list":{"0":"post-4362","1":"product","2":"type-product","3":"status-publish","4":"has-post-thumbnail","6":"product_cat-bujaki-dantoy","7":"product_cat-zabawki-outdoorowe","9":"first","10":"instock","11":"shipping-taxable","12":"purchasable","13":"product-type-simple"},"_links":{"self":[{"href":"https:\/\/czas.m2web.pl\/index.php?rest_route=\/wp\/v2\/product\/4362","targetHints":{"allow":["GET"]}}],"collection":[{"href":"https:\/\/czas.m2web.pl\/index.php?rest_route=\/wp\/v2\/product"}],"about":[{"href":"https:\/\/czas.m2web.pl\/index.php?rest_route=\/wp\/v2\/types\/product"}],"replies":[{"embeddable":true,"href":"https:\/\/czas.m2web.pl\/index.php?rest_route=%2Fwp%2Fv2%2Fcomments&post=4362"}],"version-history":[{"count":0,"href":"https:\/\/czas.m2web.pl\/index.php?rest_route=\/wp\/v2\/product\/4362\/revisions"}],"wp:featuredmedia":[{"embeddable":true,"href":"https:\/\/czas.m2web.pl\/index.php?rest_route=\/wp\/v2\/media\/4420"}],"wp:attachment":[{"href":"https:\/\/czas.m2web.pl\/index.php?rest_route=%2Fwp%2Fv2%2Fmedia&parent=4362"}],"wp:term":[{"taxonomy":"product_brand","embeddable":true,"href":"https:\/\/czas.m2web.pl\/index.php?rest_route=%2Fwp%2Fv2%2Fproduct_brand&post=4362"},{"taxonomy":"product_cat","embeddable":true,"href":"https:\/\/czas.m2web.pl\/index.php?rest_route=%2Fwp%2Fv2%2Fproduct_cat&post=4362"},{"taxonomy":"product_tag","embeddable":true,"href":"https:\/\/czas.m2web.pl\/index.php?rest_route=%2Fwp%2Fv2%2Fproduct_tag&post=4362"}],"curies":[{"name":"wp","href":"https:\/\/api.w.org\/{rel}","templated":true}]}}