{"id":4366,"date":"2026-01-04T23:04:01","date_gmt":"2026-01-04T22:04:01","guid":{"rendered":"https:\/\/czas.m2web.pl\/?post_type=product&#038;p=4366"},"modified":"2026-01-04T23:04:17","modified_gmt":"2026-01-04T22:04:17","slug":"infantino-nosidelko-ergonomiczne-z-torba-5308","status":"publish","type":"product","link":"https:\/\/czas.m2web.pl\/?product=infantino-nosidelko-ergonomiczne-z-torba-5308","title":{"rendered":"INFANTINO Noside\u0142ko ergonomiczne z torb\u0105 5308"},"content":{"rendered":"<section class=\"section\">\n<div class=\"item item-6\">\n<section class=\"image-item\"><img decoding=\"async\" src=\"https:\/\/upload.cdn.baselinker.com\/products\/3029707\/77ccfc3f8774787254fe6016b273887b.jpg\"><\/section>\n<\/p><\/div>\n<div class=\"item item-6\">\n<section class=\"text-item\">\n<h1>Noside\u0142ko Ergonomiczne podr\u00f3\u017cne z torb\u0105<\/h1>\n<p>Infantino 5308<\/p>\n<p><b>Infantino to marka nr #1 w\u015br\u00f3d noside\u0142ek w Stanach Zjednoczonych (na podstawie bada\u0144 IRI w punktach sprzeda\u017cy dla wielu odbiorc\u00f3w w 2016 roku)<\/b><\/p>\n<p>Kompaktowe, ergonomiczne noside\u0142ko idealne do zabrania w podr\u00f3\u017c.<\/p>\n<p>Jest ultralekkie i wyposa\u017cone we wszystko czego potrzebujesz! Mo\u017cna je nosi\u0107 na 2 sposoby:<\/p>\n<ul>\n<li>Dziecko z przodu twarz\u0105 do nosz\u0105cego (do momentu a\u017c dziecko zacznie samodzielnie siada\u0107)<\/li>\n<li>Dziecko na plecach, dla starszych dzieci.<\/li>\n<\/ul>\n<ol>\n<li>Ergonomiczne siedzisko dopasowuje si\u0119 do kszta\u0142t\u00f3w maluszka, co pozwala nosi\u0107 dziecko z przodu i z ty\u0142u.<\/li>\n<li>Noside\u0142ko jest po\u0142\u0105czeniem chusty z tradycyjnym noside\u0142kiem. Jest ono szerokie i mi\u0119kkie przez co dopasowuje si\u0119 do dziecka. Usztywnione rami\u0105czka z lekkimi podk\u0142adami zapewni\u0105 bezpiecze\u0144stwo, wi\u0119ksz\u0105 stabilno\u015b\u0107 oraz komfort nosz\u0105cemu.<\/li>\n<li>Przednie sprz\u0105czki pozwalaj\u0105 na szybkie i \u0142atwe przypi\u0119cie. Szeroki pas biodrowy roz\u0142o\u017cy wag\u0119 dziecka r\u00f3wnomiernie na nosz\u0105cego<\/li>\n<li>Kiedy noside\u0142ko nie jest u\u017cywane, mo\u017cna je zapakowa\u0107 w specjalne do\u0142\u0105czone opakowanie i nosi\u0107 na ramieniu lub w pasie.<\/li>\n<\/ol>\n<p>Noside\u0142ko pozwala na noszenie dziecka w pozycji \u201e\u017caby\u201d, rekomendowanej przez Mi\u0119dzynarodowy Instytut Dysplazji Biodrowej. Pozycja ta wspiera prawid\u0142owy rozw\u00f3j staw\u00f3w biodrowych, kr\u0119gos\u0142upa i miednicy.<\/p>\n<p>Noszenie bli\u017cej cia\u0142a i wy\u017cej na plecach lub klatce piersiowej zminimalizuje obci\u0105\u017cenie kr\u0119gos\u0142upa i ramion wynikaj\u0105ce z d\u0142ugotrwa\u0142ego u\u017cytkowania<\/p>\n<ul>\n<li>Wymiary opakowania: 25 x 10 cm.<\/li>\n<li>Sugerowana waga dziecka: 5.5-18.14 kg.<\/li>\n<\/ul>\n<\/section><\/div>\n<\/section>\n<section class=\"section\">\n<div class=\"item item-12\">\n<section class=\"image-item\"><img decoding=\"async\" src=\"https:\/\/upload.cdn.baselinker.com\/products\/3029707\/d5c8ba85058900419985ba28360936f1.jpg\"><\/section>\n<\/p><\/div>\n<\/section>\n<section class=\"section\">\n<div class=\"item item-12\">\n<section class=\"image-item\"><img decoding=\"async\" src=\"https:\/\/upload.cdn.baselinker.com\/products\/3029707\/c72ebc3bab3e6ff088619351fda6443b.jpg\"><\/section>\n<\/p><\/div>\n<\/section>\n<section class=\"section\">\n<div class=\"item item-12\">\n<section class=\"image-item\"><img decoding=\"async\" src=\"https:\/\/upload.cdn.baselinker.com\/products\/3029707\/aad2784bde89e35285440ac48273643f.jpg\"><\/section>\n<\/p><\/div>\n<\/section>\n<section class=\"section\">\n<div class=\"item item-12\">\n<section class=\"image-item\"><img decoding=\"async\" src=\"https:\/\/upload.cdn.baselinker.com\/products\/3029707\/4b9619d9eade9c61d858de1e065f3e10.jpg\"><\/section>\n<\/p><\/div>\n<\/section>\n<section class=\"section\">\n<div class=\"item item-12\">\n<section class=\"image-item\"><img decoding=\"async\" src=\"https:\/\/upload.cdn.baselinker.com\/products\/3029707\/4f2cb06226078dc9ccebf1891b2b529c.jpg\"><\/section>\n<\/p><\/div>\n<\/section>\n<section class=\"section\">\n<div class=\"item item-12\">\n<section class=\"image-item\"><img decoding=\"async\" src=\"https:\/\/upload.cdn.baselinker.com\/products\/3029707\/ae3daaf060cd9579fbef461d8d6a5ea3.jpg\"><\/section>\n<\/p><\/div>\n<\/section>\n<section class=\"section\">\n<div class=\"item item-12\">\n<section class=\"image-item\"><img decoding=\"async\" src=\"https:\/\/upload.cdn.baselinker.com\/products\/3029707\/98018d60e94b4a452ebe5b85c4117472.jpg\"><\/section>\n<\/p><\/div>\n<\/section>\n<section class=\"section\">\n<div class=\"item item-12\">\n<section class=\"image-item\"><img decoding=\"async\" src=\"https:\/\/upload.cdn.baselinker.com\/products\/3029707\/d4c488a90e826de505da0f38db752c8a.jpg\"><\/section>\n<\/p><\/div>\n<\/section>\n<p><strong>Dodatkowe informacje:<\/strong><\/p>\n<ul>\n<li><strong>Producent: <\/strong>INFANTINO B KIDS INTERNATIONAL LIMITED  Flat\/Rm 1203, 12\/F, East Ocean Centre, 98 Granville Road TST East, Kowloon Hong Kong; customersupport@infantino.com<\/li>\n<li><strong>Podmiot odpowiedzialny za wprowadzenie produktu na rynek europejski:<\/strong>\u00a0Infantino B kids B.V. John M. Keynesplein 12-46 1066EP Amsterdam The Netherlands eu.info@infantino.com<\/li>\n<li><strong>Ostrze\u017cenia na opakowaniu: <\/strong><\/li>\n<li><strong>Instrukcja obs\u0142ugi jest:<\/strong> NIE<\/li>\n<li><strong>Kraj pochodzenia:<\/strong> CHINY<\/li>\n<\/ul>\n","protected":false},"excerpt":{"rendered":"<p>Noside\u0142ko Ergonomiczne podr\u00f3\u017cne z torb\u0105 Infantino 5308 Infantino to marka nr #1 w\u015br\u00f3d noside\u0142ek w Stanach Zjednoczonych (na podstawie bada\u0144<\/p>\n","protected":false},"featured_media":4425,"comment_status":"open","ping_status":"closed","template":"","meta":[],"product_brand":[],"product_cat":[17,18],"product_tag":[],"class_list":{"0":"post-4366","1":"product","2":"type-product","3":"status-publish","4":"has-post-thumbnail","6":"product_cat-dla-najmlodszych","7":"product_cat-nosidelka-i-maty","9":"first","10":"instock","11":"shipping-taxable","12":"purchasable","13":"product-type-simple"},"_links":{"self":[{"href":"https:\/\/czas.m2web.pl\/index.php?rest_route=\/wp\/v2\/product\/4366","targetHints":{"allow":["GET"]}}],"collection":[{"href":"https:\/\/czas.m2web.pl\/index.php?rest_route=\/wp\/v2\/product"}],"about":[{"href":"https:\/\/czas.m2web.pl\/index.php?rest_route=\/wp\/v2\/types\/product"}],"replies":[{"embeddable":true,"href":"https:\/\/czas.m2web.pl\/index.php?rest_route=%2Fwp%2Fv2%2Fcomments&post=4366"}],"version-history":[{"count":0,"href":"https:\/\/czas.m2web.pl\/index.php?rest_route=\/wp\/v2\/product\/4366\/revisions"}],"wp:featuredmedia":[{"embeddable":true,"href":"https:\/\/czas.m2web.pl\/index.php?rest_route=\/wp\/v2\/media\/4425"}],"wp:attachment":[{"href":"https:\/\/czas.m2web.pl\/index.php?rest_route=%2Fwp%2Fv2%2Fmedia&parent=4366"}],"wp:term":[{"taxonomy":"product_brand","embeddable":true,"href":"https:\/\/czas.m2web.pl\/index.php?rest_route=%2Fwp%2Fv2%2Fproduct_brand&post=4366"},{"taxonomy":"product_cat","embeddable":true,"href":"https:\/\/czas.m2web.pl\/index.php?rest_route=%2Fwp%2Fv2%2Fproduct_cat&post=4366"},{"taxonomy":"product_tag","embeddable":true,"href":"https:\/\/czas.m2web.pl\/index.php?rest_route=%2Fwp%2Fv2%2Fproduct_tag&post=4366"}],"curies":[{"name":"wp","href":"https:\/\/api.w.org\/{rel}","templated":true}]}}