{"id":4375,"date":"2026-01-04T23:04:01","date_gmt":"2026-01-04T22:04:01","guid":{"rendered":"https:\/\/czas.m2web.pl\/?post_type=product&#038;p=4375"},"modified":"2026-01-04T23:04:28","modified_gmt":"2026-01-04T22:04:28","slug":"koszykowka-slonik-dla-maluchow-b-kids-3977","status":"publish","type":"product","link":"https:\/\/czas.m2web.pl\/?product=koszykowka-slonik-dla-maluchow-b-kids-3977","title":{"rendered":"Koszyk\u00f3wka s\u0142onik dla maluch\u00f3w B-kids 3977"},"content":{"rendered":"<section class=\"section\">\n<div class=\"item item-6\">\n<section class=\"image-item\"><img decoding=\"async\" src=\"https:\/\/upload.cdn.baselinker.com\/products\/3029707\/1ef76b455612c83b98ebf4e3ebbc8391.jpg\"><\/section>\n<\/p><\/div>\n<div class=\"item item-6\">\n<section class=\"text-item\">\n<h1>Koszyk\u00f3wka s\u0142onik dla maluch\u00f3w<\/h1>\n<h1>B-kids 3977<\/h1>\n<\/p>\n<p>Weso\u0142y s\u0142onik to idealna zabawka dla ma\u0142ych koszykarzy!<\/p>\n<p>Maluchy mog\u0105 wrzuca\u0107 \u015bwiec\u0105c\u0105 i mrugaj\u0105c\u0105 pi\u0142eczk\u0119 do kosza, a nast\u0119pnie ogl\u0105da\u0107 jak obracaj\u0105 si\u0119 kolorowe elementy i zbiera\u0107 punkty.<\/p>\n<p>Zabawa rozwija koordynacj\u0119 wzrokowo-ruchow\u0105.<\/p>\n<p>Wymagane baterie: 2 X baterie guzikowe 1,5V (LR44). Baterie zawarte w zestawie.<\/p>\n<p>Wiek: 12M+<\/p>\n<p>Wymiary opakowania: 40,7 x 8,9 x 30,5 cm.<\/p>\n<\/section><\/div>\n<\/section>\n<section class=\"section\">\n<div class=\"item item-12\">\n<section class=\"image-item\"><img decoding=\"async\" src=\"https:\/\/upload.cdn.baselinker.com\/products\/3029707\/1ef76b455612c83b98ebf4e3ebbc8391.jpg\"><\/section>\n<\/p><\/div>\n<\/section>\n<section class=\"section\">\n<div class=\"item item-12\">\n<section class=\"image-item\"><img decoding=\"async\" src=\"https:\/\/upload.cdn.baselinker.com\/products\/3029707\/c1060cb46a6a23653a182d752a682a20.jpg\"><\/section>\n<\/p><\/div>\n<\/section>\n<p><strong>Dodatkowe informacje:<\/strong><\/p>\n","protected":false},"excerpt":{"rendered":"<p>Koszyk\u00f3wka s\u0142onik dla maluch\u00f3w B-kids 3977 Weso\u0142y s\u0142onik to idealna zabawka dla ma\u0142ych koszykarzy! Maluchy mog\u0105 wrzuca\u0107 \u015bwiec\u0105c\u0105 i mrugaj\u0105c\u0105<\/p>\n","protected":false},"featured_media":4484,"comment_status":"open","ping_status":"closed","template":"","meta":[],"product_brand":[],"product_cat":[121,17],"product_tag":[],"class_list":{"0":"post-4375","1":"product","2":"type-product","3":"status-publish","4":"has-post-thumbnail","6":"product_cat-aktywne-i-edukacyjne","7":"product_cat-dla-najmlodszych","9":"first","10":"instock","11":"shipping-taxable","12":"purchasable","13":"product-type-simple"},"_links":{"self":[{"href":"https:\/\/czas.m2web.pl\/index.php?rest_route=\/wp\/v2\/product\/4375","targetHints":{"allow":["GET"]}}],"collection":[{"href":"https:\/\/czas.m2web.pl\/index.php?rest_route=\/wp\/v2\/product"}],"about":[{"href":"https:\/\/czas.m2web.pl\/index.php?rest_route=\/wp\/v2\/types\/product"}],"replies":[{"embeddable":true,"href":"https:\/\/czas.m2web.pl\/index.php?rest_route=%2Fwp%2Fv2%2Fcomments&post=4375"}],"version-history":[{"count":0,"href":"https:\/\/czas.m2web.pl\/index.php?rest_route=\/wp\/v2\/product\/4375\/revisions"}],"wp:featuredmedia":[{"embeddable":true,"href":"https:\/\/czas.m2web.pl\/index.php?rest_route=\/wp\/v2\/media\/4484"}],"wp:attachment":[{"href":"https:\/\/czas.m2web.pl\/index.php?rest_route=%2Fwp%2Fv2%2Fmedia&parent=4375"}],"wp:term":[{"taxonomy":"product_brand","embeddable":true,"href":"https:\/\/czas.m2web.pl\/index.php?rest_route=%2Fwp%2Fv2%2Fproduct_brand&post=4375"},{"taxonomy":"product_cat","embeddable":true,"href":"https:\/\/czas.m2web.pl\/index.php?rest_route=%2Fwp%2Fv2%2Fproduct_cat&post=4375"},{"taxonomy":"product_tag","embeddable":true,"href":"https:\/\/czas.m2web.pl\/index.php?rest_route=%2Fwp%2Fv2%2Fproduct_tag&post=4375"}],"curies":[{"name":"wp","href":"https:\/\/api.w.org\/{rel}","templated":true}]}}