{"id":4467,"date":"2026-01-04T23:04:22","date_gmt":"2026-01-04T22:04:22","guid":{"rendered":"https:\/\/czas.m2web.pl\/?post_type=product&#038;p=4467"},"modified":"2026-01-04T23:04:50","modified_gmt":"2026-01-04T22:04:50","slug":"bburago-motocykl-ducati-supersport-900-1-18-51000","status":"publish","type":"product","link":"https:\/\/czas.m2web.pl\/?product=bburago-motocykl-ducati-supersport-900-1-18-51000","title":{"rendered":"BBURAGO Motocykl Ducati Supersport 900 1\/18 51000"},"content":{"rendered":"<section class=\"section\">\n<div class=\"item item-6\">\n<section class=\"image-item\"><\/section>\n<\/p><\/div>\n<div class=\"item item-6\">\n<section class=\"text-item\">\n<h1>BBURAGO Motocykl Ducati Supersport 900<\/h1>\n<p>Nr kat.: 51000<\/p>\n<p>Skala: 1\/18<\/p>\n<p>Kolor: srebrny metalik<\/p>\n<p><b>Materia\u0142: plastik\/metal\/\/guma<\/b><\/p>\n<p>Wysokiej jako\u015bci model motocykla marki Bburago.<\/p>\n<p>Charakteryzuje si\u0119 du\u017c\u0105 dba\u0142o\u015bci\u0105 o szczeg\u00f3\u0142y oraz ruchomym zawieszeniem.<\/p>\n<p>Model jest wiernym odwzorowaniem w skali prawdziwego motocykla.<\/p>\n<p><b>Model posiada wysuwan\u0105 n\u00f3\u017ck\u0119, na kt\u00f3rej mo\u017cna go postawi\u0107.<\/b><\/p>\n<p>Wymiary opakowania: szer. 17,5 cm, wys. 11 cm, g\u0142. 7 cm.<\/p>\n<p>Wiek: 3+.<\/p>\n<\/section><\/div>\n<\/section>\n<section class=\"section\">\n<div class=\"item item-12\">\n<section class=\"image-item\"><\/section>\n<\/p><\/div>\n<\/section>\n<p><strong>Dodatkowe informacje:<\/strong><\/p>\n","protected":false},"excerpt":{"rendered":"<p>BBURAGO Motocykl Ducati Supersport 900 Nr kat.: 51000 Skala: 1\/18 Kolor: srebrny metalik Materia\u0142: plastik\/metal\/\/guma Wysokiej jako\u015bci model motocykla marki<\/p>\n","protected":false},"featured_media":4561,"comment_status":"open","ping_status":"closed","template":"","meta":[],"product_brand":[],"product_cat":[19,826,124,21],"product_tag":[],"class_list":{"0":"post-4467","1":"product","2":"type-product","3":"status-publish","4":"has-post-thumbnail","6":"product_cat-dla-chlopca","7":"product_cat-modele-118-motocykle","8":"product_cat-motocykle","9":"product_cat-pojazdy-2","11":"first","12":"instock","13":"shipping-taxable","14":"purchasable","15":"product-type-simple"},"_links":{"self":[{"href":"https:\/\/czas.m2web.pl\/index.php?rest_route=\/wp\/v2\/product\/4467","targetHints":{"allow":["GET"]}}],"collection":[{"href":"https:\/\/czas.m2web.pl\/index.php?rest_route=\/wp\/v2\/product"}],"about":[{"href":"https:\/\/czas.m2web.pl\/index.php?rest_route=\/wp\/v2\/types\/product"}],"replies":[{"embeddable":true,"href":"https:\/\/czas.m2web.pl\/index.php?rest_route=%2Fwp%2Fv2%2Fcomments&post=4467"}],"version-history":[{"count":0,"href":"https:\/\/czas.m2web.pl\/index.php?rest_route=\/wp\/v2\/product\/4467\/revisions"}],"wp:featuredmedia":[{"embeddable":true,"href":"https:\/\/czas.m2web.pl\/index.php?rest_route=\/wp\/v2\/media\/4561"}],"wp:attachment":[{"href":"https:\/\/czas.m2web.pl\/index.php?rest_route=%2Fwp%2Fv2%2Fmedia&parent=4467"}],"wp:term":[{"taxonomy":"product_brand","embeddable":true,"href":"https:\/\/czas.m2web.pl\/index.php?rest_route=%2Fwp%2Fv2%2Fproduct_brand&post=4467"},{"taxonomy":"product_cat","embeddable":true,"href":"https:\/\/czas.m2web.pl\/index.php?rest_route=%2Fwp%2Fv2%2Fproduct_cat&post=4467"},{"taxonomy":"product_tag","embeddable":true,"href":"https:\/\/czas.m2web.pl\/index.php?rest_route=%2Fwp%2Fv2%2Fproduct_tag&post=4467"}],"curies":[{"name":"wp","href":"https:\/\/api.w.org\/{rel}","templated":true}]}}