{"id":448,"date":"2026-01-04T22:47:44","date_gmt":"2026-01-04T21:47:44","guid":{"rendered":"https:\/\/czas.m2web.pl\/?post_type=product&#038;p=448"},"modified":"2026-01-04T22:47:48","modified_gmt":"2026-01-04T21:47:48","slug":"b-kids-aktywny-mlyn-z-przyssawka-karuzela-4644","status":"publish","type":"product","link":"https:\/\/czas.m2web.pl\/?product=b-kids-aktywny-mlyn-z-przyssawka-karuzela-4644","title":{"rendered":"B-Kids Aktywny m\u0142yn z przyssawk\u0105, karuzela 4644"},"content":{"rendered":"<section class=\"section\">\n<div class=\"item item-6\">\n<section class=\"image-item\"><img decoding=\"async\" src=\"https:\/\/upload.cdn.baselinker.com\/products\/3029707\/a4c5c37a58768d6450b822d771e955f1.jpg\"><\/section>\n<\/p><\/div>\n<div class=\"item item-6\">\n<section class=\"text-item\">\n<h1>Aktywny m\u0142yn z przyssawk\u0105<\/h1>\n<p>B-Kids (Infantino) 4644<\/p>\n<p>Maluchy b\u0119d\u0105 si\u0119 wspaniale bawi\u0107, obracaj\u0105c m\u0142yn z kolorowymi zwierz\u0105tkami. W trakcie obracania, s\u0142o\u0144, ma\u0142pka i \u017cyrafa tak\u017ce si\u0119 obracaj\u0105, weso\u0142o grzechocz\u0105c. W centrum m\u0142yna umieszczona jest obracaj\u0105ca si\u0119 kulka z barwnymi koralikami.<\/p>\n<p>\u017bywe kolory i wzory zach\u0119c\u0105 dziecko do chwytania, kr\u0119cenia i potrz\u0105sania. Zabawka wyposa\u017cona jest w przyssawk\u0119 umo\u017cliwiaj\u0105c\u0105 umocowanie na g\u0142adkim blacie \u2013 idealna przy posi\u0142ku.<\/p>\n<ul>\n<li>Wymiary opakowania: szer. 18 cm, wys. 23 cm, g\u0142. 10 cm.<\/li>\n<li>Wiek: 6m+.<\/li>\n<\/ul>\n<\/section><\/div>\n<\/section>\n<section class=\"section\">\n<div class=\"item item-12\">\n<section class=\"image-item\"><img decoding=\"async\" src=\"https:\/\/upload.cdn.baselinker.com\/products\/3029707\/a4c5c37a58768d6450b822d771e955f1.jpg\"><\/section>\n<\/p><\/div>\n<\/section>\n<section class=\"section\">\n<div class=\"item item-12\">\n<section class=\"image-item\"><img decoding=\"async\" src=\"https:\/\/upload.cdn.baselinker.com\/products\/3029707\/529cff9b39d89f03bf1989aad4eea6cb.jpg\"><\/section>\n<\/p><\/div>\n<\/section>\n<section class=\"section\">\n<div class=\"item item-12\">\n<section class=\"image-item\"><img decoding=\"async\" src=\"https:\/\/upload.cdn.baselinker.com\/products\/3029707\/4beb101c7ace31dea16fd29e8785079f.jpg\"><\/section>\n<\/p><\/div>\n<\/section>\n<p><strong>Dodatkowe informacje:<\/strong><\/p>\n<ul>\n<li><strong>Producent: <\/strong>INFANTINO B KIDS INTERNATIONAL LIMITED  Flat\/Rm 1203, 12\/F, East Ocean Centre, 98 Granville Road TST East, Kowloon Hong Kong; elsa.chan@infantino.com; sally.ho@infantino.com<\/li>\n<li><strong>Podmiot odpowiedzialny za wprowadzenie produktu na rynek europejski:<\/strong>\u00a0Infantino B kids B.V. John M. Keynesplein 12-46 1066EP Amsterdam The Netherlands eu.info@infantino.com<\/li>\n<li><strong>Ostrze\u017cenia na opakowaniu: <\/strong><\/li>\n<li><strong>Instrukcja obs\u0142ugi jest:<\/strong> NIE<\/li>\n<li><strong>Kraj pochodzenia:<\/strong> CHINY<\/li>\n<\/ul>\n","protected":false},"excerpt":{"rendered":"<p>Aktywny m\u0142yn z przyssawk\u0105 B-Kids (Infantino) 4644 Maluchy b\u0119d\u0105 si\u0119 wspaniale bawi\u0107, obracaj\u0105c m\u0142yn z kolorowymi zwierz\u0105tkami. W trakcie obracania,<\/p>\n","protected":false},"featured_media":488,"comment_status":"open","ping_status":"closed","template":"","meta":[],"product_brand":[],"product_cat":[16],"product_tag":[],"class_list":{"0":"post-448","1":"product","2":"type-product","3":"status-publish","4":"has-post-thumbnail","6":"product_cat-import","8":"first","9":"instock","10":"shipping-taxable","11":"purchasable","12":"product-type-simple"},"_links":{"self":[{"href":"https:\/\/czas.m2web.pl\/index.php?rest_route=\/wp\/v2\/product\/448","targetHints":{"allow":["GET"]}}],"collection":[{"href":"https:\/\/czas.m2web.pl\/index.php?rest_route=\/wp\/v2\/product"}],"about":[{"href":"https:\/\/czas.m2web.pl\/index.php?rest_route=\/wp\/v2\/types\/product"}],"replies":[{"embeddable":true,"href":"https:\/\/czas.m2web.pl\/index.php?rest_route=%2Fwp%2Fv2%2Fcomments&post=448"}],"version-history":[{"count":0,"href":"https:\/\/czas.m2web.pl\/index.php?rest_route=\/wp\/v2\/product\/448\/revisions"}],"wp:featuredmedia":[{"embeddable":true,"href":"https:\/\/czas.m2web.pl\/index.php?rest_route=\/wp\/v2\/media\/488"}],"wp:attachment":[{"href":"https:\/\/czas.m2web.pl\/index.php?rest_route=%2Fwp%2Fv2%2Fmedia&parent=448"}],"wp:term":[{"taxonomy":"product_brand","embeddable":true,"href":"https:\/\/czas.m2web.pl\/index.php?rest_route=%2Fwp%2Fv2%2Fproduct_brand&post=448"},{"taxonomy":"product_cat","embeddable":true,"href":"https:\/\/czas.m2web.pl\/index.php?rest_route=%2Fwp%2Fv2%2Fproduct_cat&post=448"},{"taxonomy":"product_tag","embeddable":true,"href":"https:\/\/czas.m2web.pl\/index.php?rest_route=%2Fwp%2Fv2%2Fproduct_tag&post=448"}],"curies":[{"name":"wp","href":"https:\/\/api.w.org\/{rel}","templated":true}]}}