{"id":4539,"date":"2026-01-04T23:04:43","date_gmt":"2026-01-04T22:04:43","guid":{"rendered":"https:\/\/czas.m2web.pl\/?post_type=product&#038;p=4539"},"modified":"2026-01-04T23:05:12","modified_gmt":"2026-01-04T22:05:12","slug":"bburago-motocykl-rc-motion-control-z-figurka-95001-bu","status":"publish","type":"product","link":"https:\/\/czas.m2web.pl\/?product=bburago-motocykl-rc-motion-control-z-figurka-95001-bu","title":{"rendered":"BBURAGO Motocykl RC MOTION CONTROL z figurk\u0105 95001 BU"},"content":{"rendered":"<section class=\"section\">\n<div class=\"item item-6\">\n<section class=\"image-item\"><img decoding=\"async\" src=\"https:\/\/upload.cdn.baselinker.com\/products\/3029707\/836e02ba09ec79eb969050483d50eff4.jpg\"><\/section>\n<\/p><\/div>\n<div class=\"item item-6\">\n<section class=\"text-item\">\n<h1>BBURAGO JUNIOR Motocykl R\/C z figurk\u0105<\/h1>\n<h1>Pojazd zdalnie sterowany z zaawansowanym pilotem<\/h1>\n<p>Nr kat.: 95001\/2<\/p>\n<p>Kolor: niebieski<\/p>\n<p><b>Zdalnie sterowany pojazd z serii My First RC.<\/b><\/p>\n<p><b>Pojazd je\u017adzi do przodu i do ty\u0142u oraz skr\u0119ca w prawo i w lewo, potrafi te\u017c stan\u0105\u0107 na tylnym kole i obraca\u0107 si\u0119 o 360 stopni.<\/b><\/p>\n<p><b>W komplecie ergonomiczny pilot\u00a0 w kszta\u0142cie kierownicy dzia\u0142aj\u0105cy na cz\u0119stotliwo\u015bci 27 MHz z czujnikiem ruchu \u2013 po przekr\u0119ceniu kierownicy auto skr\u0119ca w prawo lub w lewo!<\/b><\/p>\n<p><b>Podczas jazdy motocykl wydaje r\u00f3\u017cne d\u017awi\u0119ki. Po naci\u015bni\u0119ciu \u017c\u00f3\u0142tego przycisku pojazd wykonuje akrobacje na kole.<\/b><\/p>\n<ul>\n<li>Wymiary pojazdu (z figurk\u0105): 23 x 20 cm.<\/li>\n<li>Wymiary opakowania: 35,5 x 21 x 13,5 cm.<\/li>\n<li>Wiek: 2-5 lat.<\/li>\n<\/ul>\n<p>Wymagane baterie: 4 x AA (pojazd &#8211; niezawarte w zestawie), 3 x AAA (pilot &#8211; zawarte w zestawie).<\/p>\n<\/section><\/div>\n<\/section>\n<section class=\"section\">\n<div class=\"item item-6\">\n<section class=\"image-item\"><img decoding=\"async\" src=\"https:\/\/upload.cdn.baselinker.com\/products\/3029707\/2e76ee962b700bc4feb343d60749bc0a.jpg\"><\/section>\n<\/p><\/div>\n<div class=\"item item-6\">\n<section class=\"image-item\"><img decoding=\"async\" src=\"https:\/\/upload.cdn.baselinker.com\/products\/3029707\/1348c8edbc2d6a011325933fd2fb4cad.jpg\"><\/section>\n<\/p><\/div>\n<\/section>\n<section class=\"section\">\n<div class=\"item item-6\">\n<section class=\"image-item\"><img decoding=\"async\" src=\"https:\/\/upload.cdn.baselinker.com\/products\/3029707\/836e02ba09ec79eb969050483d50eff4.jpg\"><\/section>\n<\/p><\/div>\n<div class=\"item item-6\">\n<section class=\"image-item\"><img decoding=\"async\" src=\"https:\/\/upload.cdn.baselinker.com\/products\/3029707\/5feca14b8c12e5af045fc033892771f4.jpg\"><\/section>\n<\/p><\/div>\n<\/section>\n<section class=\"section\">\n<div class=\"item item-12\">\n<section class=\"image-item\"><img decoding=\"async\" src=\"https:\/\/upload.cdn.baselinker.com\/products\/3029707\/051ebab3b94635abc99f1ec69bb2f3d5.jpg\"><\/section>\n<\/p><\/div>\n<\/section>\n<section class=\"section\">\n<div class=\"item item-6\">\n<section class=\"image-item\"><img decoding=\"async\" src=\"https:\/\/upload.cdn.baselinker.com\/products\/3029707\/21282d69d8cb013d32c450c566aee230.jpg\"><\/section>\n<\/p><\/div>\n<div class=\"item item-6\">\n<section class=\"image-item\"><img decoding=\"async\" src=\"https:\/\/upload.cdn.baselinker.com\/products\/3029707\/cc0c91d12472abab0569dd71c160a683.jpg\"><\/section>\n<\/p><\/div>\n<\/section>\n<section class=\"section\">\n<div class=\"item item-12\">\n<section class=\"image-item\"><img decoding=\"async\" src=\"https:\/\/upload.cdn.baselinker.com\/products\/3029707\/d80dab0861bdcd5d922625dec340e1d4.jpg\"><\/section>\n<\/p><\/div>\n<\/section>\n<p><strong>Dodatkowe informacje:<\/strong><\/p>\n<ul>\n<li><strong>Producent: <\/strong>May Cheong Group Limited Unit 901-2, 9\/F, East Ocean Centre,  98 Granville Road, Tsimshatsui East, Kowloon, Hong Kong info@maycheonggroup.com.hk<\/li>\n<li><strong>Podmiot odpowiedzialny za wprowadzenie produktu na rynek europejski:<\/strong>\u00a0Firma Handlowa PULIO Krzysztof Gebel ul. Kolejowa 3 55-040 Bielany Wroc\u0142awskie  tel. +48 71 352 07 80  biuro@pulio.pl  www.pulio.pl<\/li>\n<li><strong>Ostrze\u017cenia na opakowaniu: <\/strong>2 baterie 1,5 V \u201eAAA\u201d LR03\/R03(brak w zestawie) Pilot: 3 baterie 1,5 V \u201eAAA\u201d LR03\/R03(brak w zestawie) \u2022 Baterie s\u0105 dostarczone wy\u0142\u0105cznie do cel\u00f3w demonstracyjnych, a nie do d\u0142ugotrwa\u0142ego u\u017cytku. \u2022 Zalecamy u\u017cywanie baterii alkalicznych. \u2022 Zalecanie akumulatork\u00f3w (\u0142adowalnych baterii) nie jest zalecane. \u2022 Nie nale\u017cy miesza\u0107 starych baterii z nowymi. \u2022 Nie nale\u017cy miesza\u0107 baterii alkalicznych ze zwyk\u0142ymi (w\u0119glowo-cynkowymi) lub akumulatorkami. \u2022 Nale\u017cy zwr\u00f3ci\u0107 uwag\u0119 na prawid\u0142ow\u0105 polaryzacj\u0119 baterii. \u2022 Nie wolno zwiera\u0107 styk\u00f3w zasilania.<\/li>\n<li><strong>Instrukcja obs\u0142ugi jest:<\/strong> Uwaga: 1. Nie wolna pr\u00f3bowa\u0107 demontowa\u0107 produkt\u00f3w. 2. Nie nale\u017cy bawi\u0107 si\u0119 pojazdem, je\u015bli w tym samym pomieszczeniu znajduj\u0105 si\u0119 inne urz\u0105dzenia pracuj\u0105ce na tej samej cz\u0119stotliwo\u015bci. Spowoduje to zak\u0142\u00f3cenia i utrat\u0119 kontroli nad pojazdem. 3. Upewnij si\u0119, \u017ce baterie s\u0105 w\u0142a\u015bciwie zainstalowane zgodnie z oznaczeniami polaryzacji wewn\u0105trz pojemnika baterii. 4. Usun\u0105\u0107 opakowanie, wyj\u0105\u0107 wszystkie akcesoria i z\u0142o\u017cy\u0107 zabawk\u0119 przed przekazaniem jej dzieciom do zabawy. 5. Urz\u0105dzenie mo\u017ce by\u0107 stosowane jedynie z za\u0142\u0105czonym zasilaniem. Cz\u0119stotliwo\u015b\u0107 fal radiowych 27MHz&#8221;.<\/li>\n<li><strong>Kraj pochodzenia:<\/strong> CHINY<\/li>\n<\/ul>\n","protected":false},"excerpt":{"rendered":"<p>BBURAGO JUNIOR Motocykl R\/C z figurk\u0105 Pojazd zdalnie sterowany z zaawansowanym pilotem Nr kat.: 95001\/2 Kolor: niebieski Zdalnie sterowany pojazd<\/p>\n","protected":false},"featured_media":4645,"comment_status":"open","ping_status":"closed","template":"","meta":[],"product_brand":[],"product_cat":[19,17,20],"product_tag":[],"class_list":{"0":"post-4539","1":"product","2":"type-product","3":"status-publish","4":"has-post-thumbnail","6":"product_cat-dla-chlopca","7":"product_cat-dla-najmlodszych","8":"product_cat-pojazdy","10":"first","11":"instock","12":"shipping-taxable","13":"purchasable","14":"product-type-simple"},"_links":{"self":[{"href":"https:\/\/czas.m2web.pl\/index.php?rest_route=\/wp\/v2\/product\/4539","targetHints":{"allow":["GET"]}}],"collection":[{"href":"https:\/\/czas.m2web.pl\/index.php?rest_route=\/wp\/v2\/product"}],"about":[{"href":"https:\/\/czas.m2web.pl\/index.php?rest_route=\/wp\/v2\/types\/product"}],"replies":[{"embeddable":true,"href":"https:\/\/czas.m2web.pl\/index.php?rest_route=%2Fwp%2Fv2%2Fcomments&post=4539"}],"version-history":[{"count":0,"href":"https:\/\/czas.m2web.pl\/index.php?rest_route=\/wp\/v2\/product\/4539\/revisions"}],"wp:featuredmedia":[{"embeddable":true,"href":"https:\/\/czas.m2web.pl\/index.php?rest_route=\/wp\/v2\/media\/4645"}],"wp:attachment":[{"href":"https:\/\/czas.m2web.pl\/index.php?rest_route=%2Fwp%2Fv2%2Fmedia&parent=4539"}],"wp:term":[{"taxonomy":"product_brand","embeddable":true,"href":"https:\/\/czas.m2web.pl\/index.php?rest_route=%2Fwp%2Fv2%2Fproduct_brand&post=4539"},{"taxonomy":"product_cat","embeddable":true,"href":"https:\/\/czas.m2web.pl\/index.php?rest_route=%2Fwp%2Fv2%2Fproduct_cat&post=4539"},{"taxonomy":"product_tag","embeddable":true,"href":"https:\/\/czas.m2web.pl\/index.php?rest_route=%2Fwp%2Fv2%2Fproduct_tag&post=4539"}],"curies":[{"name":"wp","href":"https:\/\/api.w.org\/{rel}","templated":true}]}}