{"id":4612,"date":"2026-01-04T23:05:05","date_gmt":"2026-01-04T22:05:05","guid":{"rendered":"https:\/\/czas.m2web.pl\/?post_type=product&#038;p=4612"},"modified":"2026-01-04T23:05:16","modified_gmt":"2026-01-04T22:05:16","slug":"maisto-zestaw-resorakow-5-szt-samochodziki-15017-4","status":"publish","type":"product","link":"https:\/\/czas.m2web.pl\/?product=maisto-zestaw-resorakow-5-szt-samochodziki-15017-4","title":{"rendered":"Maisto Zestaw resorak\u00f3w 5 szt., samochodziki 15017\/4"},"content":{"rendered":"<section class=\"section\">\n<div class=\"item item-6\">\n<section class=\"image-item\"><img decoding=\"async\" src=\"https:\/\/upload.cdn.baselinker.com\/products\/3029707\/74b80a4e00257c613850721c1f99bbdc.jpg\"><\/section>\n<\/p><\/div>\n<div class=\"item item-6\">\n<section class=\"text-item\">\n<h1>MAISTO Zestaw 5 samochodzik\u00f3w (resorak\u00f3w)<\/h1>\n<p>Nr kat.: 15017<\/p>\n<p><b>Modele samochod\u00f3w marki MaiSto w skali 1\/64.<\/b><\/p>\n<p><b>Wykonane z metalu z plastikowymi elementami.<\/b><\/p>\n<p>W zestawie pi\u0119\u0107 r\u00f3\u017cnych modeli samochod\u00f3w.<\/p>\n<ul>\n<li>Wymiary opakowania: szer. 11 cm, wys. 30,5 cm, g\u0142. 4,5 cm.<\/li>\n<li>Wymiary auta: d\u0142. ok. 7 cm.<\/li>\n<li>Wiek: 3+.<\/li>\n<\/ul>\n<\/section><\/div>\n<\/section>\n<p><strong>Dodatkowe informacje:<\/strong><\/p>\n","protected":false},"excerpt":{"rendered":"<p>MAISTO Zestaw 5 samochodzik\u00f3w (resorak\u00f3w) Nr kat.: 15017 Modele samochod\u00f3w marki MaiSto w skali 1\/64. Wykonane z metalu z plastikowymi<\/p>\n","protected":false},"featured_media":4664,"comment_status":"open","ping_status":"closed","template":"","meta":[],"product_brand":[],"product_cat":[19,20,23,22],"product_tag":[],"class_list":{"0":"post-4612","1":"product","2":"type-product","3":"status-publish","4":"has-post-thumbnail","6":"product_cat-dla-chlopca","7":"product_cat-pojazdy","8":"product_cat-pozostale-pojazdy","9":"product_cat-samochody","11":"first","12":"instock","13":"shipping-taxable","14":"purchasable","15":"product-type-simple"},"_links":{"self":[{"href":"https:\/\/czas.m2web.pl\/index.php?rest_route=\/wp\/v2\/product\/4612","targetHints":{"allow":["GET"]}}],"collection":[{"href":"https:\/\/czas.m2web.pl\/index.php?rest_route=\/wp\/v2\/product"}],"about":[{"href":"https:\/\/czas.m2web.pl\/index.php?rest_route=\/wp\/v2\/types\/product"}],"replies":[{"embeddable":true,"href":"https:\/\/czas.m2web.pl\/index.php?rest_route=%2Fwp%2Fv2%2Fcomments&post=4612"}],"version-history":[{"count":0,"href":"https:\/\/czas.m2web.pl\/index.php?rest_route=\/wp\/v2\/product\/4612\/revisions"}],"wp:featuredmedia":[{"embeddable":true,"href":"https:\/\/czas.m2web.pl\/index.php?rest_route=\/wp\/v2\/media\/4664"}],"wp:attachment":[{"href":"https:\/\/czas.m2web.pl\/index.php?rest_route=%2Fwp%2Fv2%2Fmedia&parent=4612"}],"wp:term":[{"taxonomy":"product_brand","embeddable":true,"href":"https:\/\/czas.m2web.pl\/index.php?rest_route=%2Fwp%2Fv2%2Fproduct_brand&post=4612"},{"taxonomy":"product_cat","embeddable":true,"href":"https:\/\/czas.m2web.pl\/index.php?rest_route=%2Fwp%2Fv2%2Fproduct_cat&post=4612"},{"taxonomy":"product_tag","embeddable":true,"href":"https:\/\/czas.m2web.pl\/index.php?rest_route=%2Fwp%2Fv2%2Fproduct_tag&post=4612"}],"curies":[{"name":"wp","href":"https:\/\/api.w.org\/{rel}","templated":true}]}}