{"id":4628,"date":"2026-01-04T23:05:05","date_gmt":"2026-01-04T22:05:05","guid":{"rendered":"https:\/\/czas.m2web.pl\/?post_type=product&#038;p=4628"},"modified":"2026-01-04T23:05:30","modified_gmt":"2026-01-04T22:05:30","slug":"maisto-traktor-new-holland-t8-435-swiatla-i-dzwiek-82231","status":"publish","type":"product","link":"https:\/\/czas.m2web.pl\/?product=maisto-traktor-new-holland-t8-435-swiatla-i-dzwiek-82231","title":{"rendered":"MAISTO Traktor New Holland T8.435 \u015bwiat\u0142a i d\u017awi\u0119k 82231"},"content":{"rendered":"<div class=\"mp4t_16_s mryx_16_s mr3m_1 mli2_1 mh85_56 mh85_0_l\">\n<div class=\"mgn2_16 _0d3bd_r3bCg\">\n<h1>MAISTO Traktor NEW HOLLAND T8.320 \u015awiat\u0142a + d\u017awi\u0119k<\/h1>\n<p> Nr kat.: 82231<\/p>\n<p> Kolor: niebieski<\/p>\n<p> Traktor na oficjalnej licencji marki New Holland Agriculture!<\/p>\n<p> <b>Po naci\u015bni\u0119ciu przycisku na dachu, traktor jedzie do przodu, emituje d\u017awi\u0119ki poruszaj\u0105cego si\u0119 pojazdu i \u015bwieci przednimi \u015bwiat\u0142ami.<\/b><\/p>\n<p> Pojazd posiada gumowe opony z grubym bie\u017cnikiem.<\/p>\n<p> <b>Traktor wyposa\u017cony z ty\u0142u i z przodu w prowadnice, do kt\u00f3rych przy wykorzystaniu opcjonalnych zaczep\u00f3w, mo\u017cna pod\u0142\u0105czy\u0107 akcesoria rolnicze innych marek.<\/b><\/p>\n<p> Wymagane baterie: 4 x AA (w zestawie).<\/p>\n<p> Wymiary zabawki: d\u0142. 30,5 cm x wys. 20 cm.<\/p>\n<p> Wymiary opakowania: 37,5 x 25 x 22 cm.<\/p>\n<p> Wiek: 5+.<\/p><\/div>\n<\/p><\/div>\n<p><strong>Dodatkowe informacje:<\/strong><\/p>\n<ul>\n<li><strong>Producent: <\/strong>May Cheong Group Limited Unit 901-2, 9\/F, East Ocean Centre,  98 Granville Road, Tsimshatsui East, Kowloon, Hong Kong info@maycheonggroup.com.hk<\/li>\n<li><strong>Podmiot odpowiedzialny za wprowadzenie produktu na rynek europejski:<\/strong>\u00a0Firma Handlowa PULIO Krzysztof Gebel ul. Kolejowa 3 55-040 Bielany Wroc\u0142awskie  tel. +48 71 352 07 80  biuro@pulio.pl  www.pulio.pl<\/li>\n<li><strong>Ostrze\u017cenia na opakowaniu: <\/strong>Ostrze\u017cenia: Uwaga! Nieodpowiednie dla dzieci w wieku poni\u017cej 3 lat. Niebezpiecze\u0144stwo zad\u0142awienia drobnymi elementami. Prosimy zachowa\u0107 opakowanie wraz z ostrze\u017ceniami i pozosta\u0142ymi informacjami do p\u00f3\u017aniejszej korespondencji. Przed przekazaniem dziecku nale\u017cy usun\u0105\u0107 wszystkie elementy opakowania. Opakowanie nie stanowi cz\u0119\u015bci zabawki. OSTRZE\u017bENIA DOTYCZ\u0104CE BATERII: Nie nale\u017cy miesza\u0107 ze sob\u0105 baterii r\u00f3\u017cnych typ\u00f3w lub nowych i u\u017cywanych. Nale\u017cy u\u017cywa\u0107 jedynie baterii zalecanego typu lub r\u00f3wnowa\u017cnych. Nie nale\u017cy u\u017cywa\u0107 baterii przewidzianych do \u0142adowania, chyba \u017ce jest zalecane. Baterie nie przewidziane do \u0142adowania nie mog\u0105 by\u0107 \u0142adowane. Baterie przewidziane do \u0142adowania mog\u0105 by\u0107 \u0142adowane jedynie po wyj\u0119ciu z produktu pod nadzorem osoby doros\u0142ej. Baterie nale\u017cy wk\u0142ada\u0107 z zachowaniem prawid\u0142owej biegunowo\u015bci. Nie wolno zwiera\u0107 zacisk\u00f3w zasilania. Wyj\u0105\u0107 baterie gdy s\u0105 zu\u017cyte. Zu\u017cyte baterie nale\u017cy wyrzuca\u0107 do odpowiednio oznaczonych pojemnik\u00f3w. Zu\u017cytych elektrycznych i elektronicznych produkt\u00f3w nie nale\u017cy umieszcza\u0107 z pozosta\u0142ymi odpadami domowymi. Produkt musi by\u0107 dostarczony do punktu zbi\u00f3rki s\u0142u\u017c\u0105cego recyklingowi urz\u0105dze\u0144 elektrycznych i elektronicznych. Skontaktuj si\u0119 z w\u0142adzami lokalnymi aby dowiedzie\u0107 si\u0119 o dost\u0119pnych punktach. Producent zastrzega sobie prawo do zmian technicznych i kolorystyki bez uprzedzenia. Kolory i zawarto\u015b\u0107 mog\u0105 r\u00f3\u017cni\u0107 si\u0119 od ilustracji na opakowaniu. Wyprodukowano w Chinach.<\/li>\n<li><strong>Instrukcja obs\u0142ugi jest:<\/strong> Wymagania dotycz\u0105ce baterii: 4x 1,5V AA LR6\/R6  Instalacja baterii do pojazdu (Rysunek 1 i 2): 1.U\u017cyj \u015brubokr\u0119tu do odkr\u0119cenia \u015brubki na pokrywie baterii aby j\u0105 otworzy\u0107 (\u015brubokr\u0119t niezawarty w zestawie)          2. W\u0142\u00f3\u017c 4 nowe baterie 1,5V AA LR6\/R6 z zachowaniem prawid\u0142owej biegunowo\u015bci  (+\/-) tak jak zosta\u0142o to pokazane na pokrywie baterii 3.Zamknij pokryw\u0119 baterii i przykr\u0119\u0107 \u015brubk\u0119         Instrukcje dotycz\u0105ce u\u017cytkowania pojazdu: 1.Ustaw w\u0142\u0105cznik w pozycji ON 2.Naci\u015bnij g\u00f3rny przycisk. Pojazd b\u0119dzie porusza\u0142 si\u0119 przez chwil\u0119 do przodu z w\u0142\u0105czonymi \u015bwiat\u0142ami i d\u017awi\u0119kiem. 3.S\u0142abe baterie mog\u0105 mie\u0107 wp\u0142yw na jako\u015b\u0107 d\u017awi\u0119ku. W tym przypadku wymie\u0144 baterie na nowe.             Informacje dotycz\u0105ce baterii: 1.Zaleca si\u0119 u\u017cywanie baterii alkalicznych 2.Nale\u017cy u\u017cywa\u0107 jedynie baterii zalecanego typu lub r\u00f3wnowa\u017cnych 3.Nie nale\u017cy miesza\u0107 ze sob\u0105 baterii alkalicznych, standardowych i do \u0142adowania 4.Nie nale\u017cy miesza\u0107 ze sob\u0105 baterii r\u00f3\u017cnych typ\u00f3w lub nowych i u\u017cywanych 5.Baterie nieprzewidziane do \u0142adowania nie mog\u0105 by\u0107 \u0142adowane 6.Baterie przewidziane do \u0142adowania mog\u0105 by\u0107 \u0142adowane jedynie pod nadzorem osoby doros\u0142ej 7.Baterie przewidziane do \u0142adowania nale\u017cy wyj\u0105\u0107 z produktu przed \u0142adowaniem 8.Baterie nale\u017cy wk\u0142ada\u0107 z zachowaniem prawid\u0142owej biegunowo\u015bci oraz post\u0119powa\u0107 zgodnie z instrukcj\u0105 producenta 9.Wyjmij baterie je\u017celi produkt nie jest u\u017cywany przez d\u0142u\u017cszy czas 10.Wyj\u0105\u0107 baterie gdy s\u0105 zu\u017cyte 11.Ko\u0144c\u00f3wek baterii nie nale\u017cy zwiera\u0107 12.Zu\u017cyte baterie nale\u017cy wyrzuca\u0107 do odpowiednio oznaczonych pojemnik\u00f3w. Nie wrzuca\u0107 zu\u017cytych baterii do ognia gdy\u017c mo\u017ce te spowodowa\u0107 ich wybuch lub wyciek powoduj\u0105cy zranienia lub uszkodzenia 13.Baterie mog\u0105 by\u0107 wymienione jedynie przez osob\u0119 doros\u0142\u0105<\/li>\n<li><strong>Kraj pochodzenia:<\/strong> CHINY<\/li>\n<\/ul>\n","protected":false},"excerpt":{"rendered":"<p>MAISTO Traktor NEW HOLLAND T8.320 \u015awiat\u0142a + d\u017awi\u0119k Nr kat.: 82231 Kolor: niebieski Traktor na oficjalnej licencji marki New Holland<\/p>\n","protected":false},"featured_media":4723,"comment_status":"open","ping_status":"closed","template":"","meta":[],"product_brand":[],"product_cat":[16],"product_tag":[],"class_list":{"0":"post-4628","1":"product","2":"type-product","3":"status-publish","4":"has-post-thumbnail","6":"product_cat-import","8":"first","9":"instock","10":"shipping-taxable","11":"purchasable","12":"product-type-simple"},"_links":{"self":[{"href":"https:\/\/czas.m2web.pl\/index.php?rest_route=\/wp\/v2\/product\/4628","targetHints":{"allow":["GET"]}}],"collection":[{"href":"https:\/\/czas.m2web.pl\/index.php?rest_route=\/wp\/v2\/product"}],"about":[{"href":"https:\/\/czas.m2web.pl\/index.php?rest_route=\/wp\/v2\/types\/product"}],"replies":[{"embeddable":true,"href":"https:\/\/czas.m2web.pl\/index.php?rest_route=%2Fwp%2Fv2%2Fcomments&post=4628"}],"version-history":[{"count":0,"href":"https:\/\/czas.m2web.pl\/index.php?rest_route=\/wp\/v2\/product\/4628\/revisions"}],"wp:featuredmedia":[{"embeddable":true,"href":"https:\/\/czas.m2web.pl\/index.php?rest_route=\/wp\/v2\/media\/4723"}],"wp:attachment":[{"href":"https:\/\/czas.m2web.pl\/index.php?rest_route=%2Fwp%2Fv2%2Fmedia&parent=4628"}],"wp:term":[{"taxonomy":"product_brand","embeddable":true,"href":"https:\/\/czas.m2web.pl\/index.php?rest_route=%2Fwp%2Fv2%2Fproduct_brand&post=4628"},{"taxonomy":"product_cat","embeddable":true,"href":"https:\/\/czas.m2web.pl\/index.php?rest_route=%2Fwp%2Fv2%2Fproduct_cat&post=4628"},{"taxonomy":"product_tag","embeddable":true,"href":"https:\/\/czas.m2web.pl\/index.php?rest_route=%2Fwp%2Fv2%2Fproduct_tag&post=4628"}],"curies":[{"name":"wp","href":"https:\/\/api.w.org\/{rel}","templated":true}]}}