{"id":4785,"date":"2026-01-04T23:05:46","date_gmt":"2026-01-04T22:05:46","guid":{"rendered":"https:\/\/czas.m2web.pl\/?post_type=product&#038;p=4785"},"modified":"2026-01-04T23:06:03","modified_gmt":"2026-01-04T22:06:03","slug":"szkatulka-z-akcesoriami-pamietnik-jednorozec-175nuc","status":"publish","type":"product","link":"https:\/\/czas.m2web.pl\/?product=szkatulka-z-akcesoriami-pamietnik-jednorozec-175nuc","title":{"rendered":"Szkatu\u0142ka z akcesoriami, pami\u0119tnik &#8211; Jednoro\u017cec 175NUC"},"content":{"rendered":"<section class=\"section\">\n<div class=\"item item-6\">\n<section class=\"image-item\">             <img decoding=\"async\" src=\"https:\/\/upload.cdn.baselinker.com\/products\/3029707\/63c34b5fefd327c294c93317ead1945a.jpg\" \/>         <\/section>\n<\/p><\/div>\n<div class=\"item item-6\">\n<section class=\"text-item\">\n<h1>Szkatu\u0142ka z akcesoriami &#8211; Jednoro\u017cec<\/h1>\n<p>Pecoware 175NUC<\/p>\n<p>Zestaw zawiera:<\/p>\n<ul>\n<li><b>mini pami\u0119tnik z kolorowymi kartkami zamykany na zamek (11,5 cm x 14,5 cm),<\/b><\/li>\n<li><b>d\u0142ugopis w 4 kolorach,<\/b><\/li>\n<li><b>du\u017ce kryszta\u0142ki w r\u00f3\u017cnych kszta\u0142tach i kolorach,<\/b><\/li>\n<li><b>zestaw naklejek,<\/b><\/li>\n<li><b>naklejk\u0119 3D,<\/b><\/li>\n<li><b>male\u0144kie koraliki,<\/b><\/li>\n<li><b>papierowe spinacze,<\/b><\/li>\n<li><b>ozdobn\u0105 kokard\u0119.<\/b><\/li>\n<\/ul>\n<p>Zestaw zapakowany w ozdobne pude\u0142ko (szkatu\u0142k\u0119) z 2 p\u00f3\u0142eczkami, kt\u00f3re mo\u017cna roz\u0142o\u017cy\u0107 na boki, a pod nimi schowa\u0107 pami\u0119tnik.<\/p>\n<p>Szkatu\u0142k\u0119 wykonano ze wzmocnionej tektury.<\/p>\n<ul>\n<li>Wiek: 3+.<\/li>\n<li>Wymiary szkatu\u0142ki: 19 x 19 x 7 cm.<\/li>\n<li>Wymiary pami\u0119tnika: 11,5 x 14,5 cm.<\/li>\n<\/ul>\n<\/section><\/div>\n<\/section>\n<section class=\"section\">\n<div class=\"item item-12\">\n<section class=\"image-item\">             <img decoding=\"async\" src=\"https:\/\/upload.cdn.baselinker.com\/products\/3029707\/0a8b910c2ffb952cea7eafab935d3f30.jpg\" \/>         <\/section>\n<\/p><\/div>\n<\/section>\n<section class=\"section\">\n<div class=\"item item-12\">\n<section class=\"image-item\">             <img decoding=\"async\" src=\"https:\/\/upload.cdn.baselinker.com\/products\/3029707\/63c34b5fefd327c294c93317ead1945a.jpg\" \/>         <\/section>\n<\/p><\/div>\n<\/section>\n<section class=\"section\">\n<div class=\"item item-12\">\n<section class=\"image-item\">             <img decoding=\"async\" src=\"https:\/\/upload.cdn.baselinker.com\/products\/3029707\/fabe7fa844208aab4505318b4734c547.jpg\" \/>         <\/section>\n<\/p><\/div>\n<\/section>\n<p><strong>Dodatkowe informacje:<\/strong><\/p>\n<ul>\n<li><strong>Producent: <\/strong>Shanghai Broadwell Stationery CO.,Ltd. 556 DONGXING VILLAGE,JINHUI TOWN,FENGXIAN DISTRICT, SHANGHAI ,CHINA CHINA  CONTACT: Tel:86-21-57481826; Fax: 86-21-57481672; Email: sumer@broadwellchina.com<\/li>\n<li><strong>Podmiot odpowiedzialny za wprowadzenie produktu na rynek europejski:<\/strong>\u00a0Firma Handlowa PULIO Krzysztof Gebel ul. Kolejowa 3 55-040 Bielany Wroc\u0142awskie  tel. +48 71 352 07 80  biuro@pulio.pl  www.pulio.pl<\/li>\n<li><strong>Ostrze\u017cenia na opakowaniu: <\/strong>Ostrze\u017cenia: Nieodpowiednie dla dzieci poni\u017cej 3 roku \u017cycia. Niebezpiecze\u0144stwo zad\u0142awienia drobnymi  elementami! Przed przekazaniem dziecku nale\u017cy usun\u0105\u0107 wszystkie elementy opakowania. Opakowanie nie stanowi  cz\u0119\u015bci zabawki. Producent zastrzega sobie mo\u017cliwo\u015b\u0107 zmian kolorystycznych i technicznych. Prosimy zachowa\u0107  opakowanie wraz z ostrze\u017ceniami i pozosta\u0142ymi informacjami do p\u00f3\u017aniejszej korespondencji. Wyprodukowano w  Chinach.<\/li>\n<li><strong>Instrukcja obs\u0142ugi jest:<\/strong> NIE<\/li>\n<li><strong>Kraj pochodzenia:<\/strong> CHINY<\/li>\n<\/ul>\n","protected":false},"excerpt":{"rendered":"<p>Szkatu\u0142ka z akcesoriami &#8211; Jednoro\u017cec Pecoware 175NUC Zestaw zawiera: mini pami\u0119tnik z kolorowymi kartkami zamykany na zamek (11,5 cm x<\/p>\n","protected":false},"featured_media":4833,"comment_status":"open","ping_status":"closed","template":"","meta":[],"product_brand":[],"product_cat":[284,285],"product_tag":[],"class_list":{"0":"post-4785","1":"product","2":"type-product","3":"status-publish","4":"has-post-thumbnail","6":"product_cat-dla-dziewczynki","7":"product_cat-zabawki-kreatywne","9":"first","10":"instock","11":"shipping-taxable","12":"purchasable","13":"product-type-simple"},"_links":{"self":[{"href":"https:\/\/czas.m2web.pl\/index.php?rest_route=\/wp\/v2\/product\/4785","targetHints":{"allow":["GET"]}}],"collection":[{"href":"https:\/\/czas.m2web.pl\/index.php?rest_route=\/wp\/v2\/product"}],"about":[{"href":"https:\/\/czas.m2web.pl\/index.php?rest_route=\/wp\/v2\/types\/product"}],"replies":[{"embeddable":true,"href":"https:\/\/czas.m2web.pl\/index.php?rest_route=%2Fwp%2Fv2%2Fcomments&post=4785"}],"version-history":[{"count":0,"href":"https:\/\/czas.m2web.pl\/index.php?rest_route=\/wp\/v2\/product\/4785\/revisions"}],"wp:featuredmedia":[{"embeddable":true,"href":"https:\/\/czas.m2web.pl\/index.php?rest_route=\/wp\/v2\/media\/4833"}],"wp:attachment":[{"href":"https:\/\/czas.m2web.pl\/index.php?rest_route=%2Fwp%2Fv2%2Fmedia&parent=4785"}],"wp:term":[{"taxonomy":"product_brand","embeddable":true,"href":"https:\/\/czas.m2web.pl\/index.php?rest_route=%2Fwp%2Fv2%2Fproduct_brand&post=4785"},{"taxonomy":"product_cat","embeddable":true,"href":"https:\/\/czas.m2web.pl\/index.php?rest_route=%2Fwp%2Fv2%2Fproduct_cat&post=4785"},{"taxonomy":"product_tag","embeddable":true,"href":"https:\/\/czas.m2web.pl\/index.php?rest_route=%2Fwp%2Fv2%2Fproduct_tag&post=4785"}],"curies":[{"name":"wp","href":"https:\/\/api.w.org\/{rel}","templated":true}]}}