{"id":4786,"date":"2026-01-04T23:05:46","date_gmt":"2026-01-04T22:05:46","guid":{"rendered":"https:\/\/czas.m2web.pl\/?post_type=product&#038;p=4786"},"modified":"2026-01-04T23:06:04","modified_gmt":"2026-01-04T22:06:04","slug":"naboje-kapiszony-x8-9-x8-szt-72-szt-155a4","status":"publish","type":"product","link":"https:\/\/czas.m2web.pl\/?product=naboje-kapiszony-x8-9-x8-szt-72-szt-155a4","title":{"rendered":"Naboje, kapiszony x8 (9 x8 szt.) 72 szt. 155A4"},"content":{"rendered":"<section class=\"section\">\n<div class=\"item item-6\">\n<section class=\"image-item\"><img decoding=\"async\" src=\"https:\/\/upload.cdn.baselinker.com\/products\/3029707\/f0fbdcb5b5da4b873a8e8636230103de.jpg\"><\/section>\n<\/p><\/div>\n<div class=\"item item-6\">\n<section class=\"text-item\">\n<h1>Zestaw 10&#215;72 naboje (kapiszony) do rewolwer\u00f3w i pistolet\u00f3w na 8 kapiszon\u00f3w<\/h1>\n<p>Nr kat.: P1104<\/p>\n<p><b>Zestaw 10&#215;72 kapiszony (720 wystrza\u0142\u00f3w) dedykowane do rewolwer\u00f3w i pistolet\u00f3w na 8 kapiszon\u00f3w.<\/b><\/p>\n<p>Wyprodukowane w Chinach.<\/p>\n<p>Certyfikat bezpiecze\u0144stwa: CE.<\/p>\n<p>Wiek: 8+.<\/p>\n<\/section><\/div>\n<\/section>\n<p><strong>Dodatkowe informacje:<\/strong><\/p>\n<ul>\n<li><strong>Producent: <\/strong><\/li>\n<li><strong>Podmiot odpowiedzialny za wprowadzenie produktu na rynek europejski:<\/strong>\u00a0<\/li>\n<li><strong>Ostrze\u017cenia na opakowaniu: <\/strong><\/li>\n<li><strong>Instrukcja obs\u0142ugi jest:<\/strong> NIE<\/li>\n<li><strong>Kraj pochodzenia:<\/strong> <\/li>\n<\/ul>\n","protected":false},"excerpt":{"rendered":"<p>Zestaw 10&#215;72 naboje (kapiszony) do rewolwer\u00f3w i pistolet\u00f3w na 8 kapiszon\u00f3w Nr kat.: P1104 Zestaw 10&#215;72 kapiszony (720 wystrza\u0142\u00f3w) dedykowane<\/p>\n","protected":false},"featured_media":4836,"comment_status":"open","ping_status":"closed","template":"","meta":[],"product_brand":[],"product_cat":[16],"product_tag":[],"class_list":{"0":"post-4786","1":"product","2":"type-product","3":"status-publish","4":"has-post-thumbnail","6":"product_cat-import","8":"first","9":"instock","10":"shipping-taxable","11":"purchasable","12":"product-type-simple"},"_links":{"self":[{"href":"https:\/\/czas.m2web.pl\/index.php?rest_route=\/wp\/v2\/product\/4786","targetHints":{"allow":["GET"]}}],"collection":[{"href":"https:\/\/czas.m2web.pl\/index.php?rest_route=\/wp\/v2\/product"}],"about":[{"href":"https:\/\/czas.m2web.pl\/index.php?rest_route=\/wp\/v2\/types\/product"}],"replies":[{"embeddable":true,"href":"https:\/\/czas.m2web.pl\/index.php?rest_route=%2Fwp%2Fv2%2Fcomments&post=4786"}],"version-history":[{"count":0,"href":"https:\/\/czas.m2web.pl\/index.php?rest_route=\/wp\/v2\/product\/4786\/revisions"}],"wp:featuredmedia":[{"embeddable":true,"href":"https:\/\/czas.m2web.pl\/index.php?rest_route=\/wp\/v2\/media\/4836"}],"wp:attachment":[{"href":"https:\/\/czas.m2web.pl\/index.php?rest_route=%2Fwp%2Fv2%2Fmedia&parent=4786"}],"wp:term":[{"taxonomy":"product_brand","embeddable":true,"href":"https:\/\/czas.m2web.pl\/index.php?rest_route=%2Fwp%2Fv2%2Fproduct_brand&post=4786"},{"taxonomy":"product_cat","embeddable":true,"href":"https:\/\/czas.m2web.pl\/index.php?rest_route=%2Fwp%2Fv2%2Fproduct_cat&post=4786"},{"taxonomy":"product_tag","embeddable":true,"href":"https:\/\/czas.m2web.pl\/index.php?rest_route=%2Fwp%2Fv2%2Fproduct_tag&post=4786"}],"curies":[{"name":"wp","href":"https:\/\/api.w.org\/{rel}","templated":true}]}}