{"id":4951,"date":"2026-01-04T23:06:31","date_gmt":"2026-01-04T22:06:31","guid":{"rendered":"https:\/\/czas.m2web.pl\/?post_type=product&#038;p=4951"},"modified":"2026-01-04T23:06:56","modified_gmt":"2026-01-04T22:06:56","slug":"jezdzik-z-torem-i-autkami-psi-patrol-41874","status":"publish","type":"product","link":"https:\/\/czas.m2web.pl\/?product=jezdzik-z-torem-i-autkami-psi-patrol-41874","title":{"rendered":"Je\u017adzik z torem i autkami Psi Patrol 41874"},"content":{"rendered":"<section class=\"section\">\n<div class=\"item item-6\">\n<section class=\"image-item\">             <img decoding=\"async\" src=\"https:\/\/upload.cdn.baselinker.com\/products\/3029707\/eb265ca4a3802a603cc2c92722804478.jpg\" \/>         <\/section>\n<\/p><\/div>\n<div class=\"item item-6\">\n<section class=\"text-item\">\n<h1>Je\u017adzik z torem i autkami<\/h1>\n<h2>Jakks Pacific 41874<\/h2>\n<p>Je\u017adzik Psi Patrol przeznaczony jest dla dzieci w wieku od 12M (maks. obci\u0105\u017cenie: do 20 kg).<\/p>\n<p>Stylizowany na pojazd Psiego Patrolu. Ozdobiony jest kolorowymi grafikami i postaciami z bajki.<\/p>\n<p>Wygodne siedzisko i szerokie ko\u0142a zapewniaj\u0105 stabilno\u015b\u0107 je\u017adzika. Pojazd posiada wbudowany tor, kt\u00f3ry mo\u017cna roz\u0142o\u017cy\u0107 i \u015bciga\u0107 si\u0119 dwoma minisamochodami. Po naci\u015bni\u0119ciu przycisk\u00f3w na kierownicy, je\u017adzik wydaje weso\u0142e d\u017awi\u0119ki i melodie z Psiego Patrolu.<\/p>\n<p>Dwa autka zawarte w zestawie.<\/p>\n<p>Zalety: rozwija umiej\u0119tno\u015bci, wyobra\u017ani\u0119, \u0107wiczy koordynacj\u0119 ruchow\u0105 dziecka.<\/p>\n<ul>\n<li>Wymiary je\u017adzika: d\u0142. 52 cm, szer. 24 cm, wys. 34 cm (z r\u0105czk\u0105).<\/li>\n<li>Wykonany z solidnego plastiku.<\/li>\n<\/ul>\n<\/section><\/div>\n<\/section>\n<section class=\"section\">\n<div class=\"item item-6\">\n<section class=\"image-item\">             <img decoding=\"async\" src=\"https:\/\/upload.cdn.baselinker.com\/products\/3029707\/356a5254656cb811a26404219140dbc6.jpg\" \/>         <\/section>\n<\/p><\/div>\n<div class=\"item item-6\">\n<section class=\"image-item\">             <img decoding=\"async\" src=\"https:\/\/upload.cdn.baselinker.com\/products\/3029707\/1ea3661577c1345a5f58bd204edbc319.jpg\" \/>         <\/section>\n<\/p><\/div>\n<\/section>\n<section class=\"section\">\n<div class=\"item item-6\">\n<section class=\"image-item\">             <img decoding=\"async\" src=\"https:\/\/upload.cdn.baselinker.com\/products\/3029707\/eb265ca4a3802a603cc2c92722804478.jpg\" \/>         <\/section>\n<\/p><\/div>\n<div class=\"item item-6\">\n<section class=\"image-item\">             <img decoding=\"async\" src=\"https:\/\/upload.cdn.baselinker.com\/products\/3029707\/356a5254656cb811a26404219140dbc6.jpg\" \/>         <\/section>\n<\/p><\/div>\n<\/section>\n<p><strong>Dodatkowe informacje:<\/strong><\/p>\n","protected":false},"excerpt":{"rendered":"<p>Je\u017adzik z torem i autkami Jakks Pacific 41874 Je\u017adzik Psi Patrol przeznaczony jest dla dzieci w wieku od 12M (maks.<\/p>\n","protected":false},"featured_media":5047,"comment_status":"open","ping_status":"closed","template":"","meta":[],"product_brand":[],"product_cat":[965,417],"product_tag":[],"class_list":{"0":"post-4951","1":"product","2":"type-product","3":"status-publish","4":"has-post-thumbnail","6":"product_cat-jezdziki","7":"product_cat-zabawki-outdoorowe","9":"first","10":"instock","11":"shipping-taxable","12":"purchasable","13":"product-type-simple"},"_links":{"self":[{"href":"https:\/\/czas.m2web.pl\/index.php?rest_route=\/wp\/v2\/product\/4951","targetHints":{"allow":["GET"]}}],"collection":[{"href":"https:\/\/czas.m2web.pl\/index.php?rest_route=\/wp\/v2\/product"}],"about":[{"href":"https:\/\/czas.m2web.pl\/index.php?rest_route=\/wp\/v2\/types\/product"}],"replies":[{"embeddable":true,"href":"https:\/\/czas.m2web.pl\/index.php?rest_route=%2Fwp%2Fv2%2Fcomments&post=4951"}],"version-history":[{"count":0,"href":"https:\/\/czas.m2web.pl\/index.php?rest_route=\/wp\/v2\/product\/4951\/revisions"}],"wp:featuredmedia":[{"embeddable":true,"href":"https:\/\/czas.m2web.pl\/index.php?rest_route=\/wp\/v2\/media\/5047"}],"wp:attachment":[{"href":"https:\/\/czas.m2web.pl\/index.php?rest_route=%2Fwp%2Fv2%2Fmedia&parent=4951"}],"wp:term":[{"taxonomy":"product_brand","embeddable":true,"href":"https:\/\/czas.m2web.pl\/index.php?rest_route=%2Fwp%2Fv2%2Fproduct_brand&post=4951"},{"taxonomy":"product_cat","embeddable":true,"href":"https:\/\/czas.m2web.pl\/index.php?rest_route=%2Fwp%2Fv2%2Fproduct_cat&post=4951"},{"taxonomy":"product_tag","embeddable":true,"href":"https:\/\/czas.m2web.pl\/index.php?rest_route=%2Fwp%2Fv2%2Fproduct_tag&post=4951"}],"curies":[{"name":"wp","href":"https:\/\/api.w.org\/{rel}","templated":true}]}}