{"id":5029,"date":"2026-01-04T23:06:52","date_gmt":"2026-01-04T22:06:52","guid":{"rendered":"https:\/\/czas.m2web.pl\/?post_type=product&#038;p=5029"},"modified":"2026-01-04T23:07:23","modified_gmt":"2026-01-04T22:07:23","slug":"bburago-volkswagen-ev-rc-ze-wskaznikiem-naladowania-92021","status":"publish","type":"product","link":"https:\/\/czas.m2web.pl\/?product=bburago-volkswagen-ev-rc-ze-wskaznikiem-naladowania-92021","title":{"rendered":"BBURAGO Volkswagen EV RC ze wska\u017anikiem na\u0142adowania 92021"},"content":{"rendered":"<section class=\"section\">\n<div class=\"item item-6\">\n<section class=\"image-item\">             <img decoding=\"async\" src=\"https:\/\/upload.cdn.baselinker.com\/products\/3029707\/dee91ed8b7e36c14cbce9aa860c24af5.jpg\" \/>         <\/section>\n<\/p><\/div>\n<div class=\"item item-6\">\n<section class=\"text-item\">\n<h1>BBURAGO JUNIOR RC Volkswagen EV<\/h1>\n<h1>Pojazd zdalnie sterowany ze wska\u017anikiem na\u0142adowania baterii<\/h1>\n<p>Nr kat.: 92021<\/p>\n<p>Kolor: niebieski<\/p>\n<p><b>Zdalnie sterowany pojazd z serii My First Electric Car na oficjalnej licencji marki Volkswagen.<\/b><\/p>\n<p>W komplecie ergonomiczny pilot dzia\u0142aj\u0105cy na cz\u0119stotliwo\u015bci 2,4 GHz, umo\u017cliwiaj\u0105cy jazd\u0119 we wszystkich kierunkach.<\/p>\n<p>Mo\u017cliwa zabawa czterema pojazdami jednocze\u015bnie (cz\u0119stotliwo\u015bci pojazd\u00f3w nie b\u0119d\u0105 ze sob\u0105 kolidowa\u0107).<\/p>\n<p><b>Na dachu samochodu jest \u015bwiec\u0105ca bateria pokazuj\u0105ca aktualny poziom energii zabawki.<\/b><\/p>\n<p>Wymiary pojazdu: 19 x 11 x 9,5 cm.<\/p>\n<p>Wymiary opakowania: 32,5 x 20,5 x 15 cm.<\/p>\n<p>Wymagane baterie: 3 x 1,5V AA (pojazd) \u2013 w zestawie, 2 x 1,5V AAA (pilot) &#8211; brak w zestawie.<\/p>\n<p>Wiek: 2 lata+.<\/p>\n<\/section><\/div>\n<\/section>\n<section class=\"section\">\n<div class=\"item item-12\">\n<section class=\"image-item\">             <img decoding=\"async\" src=\"https:\/\/upload.cdn.baselinker.com\/products\/3029707\/818fce0a7b5ab903233b4c68da13f35f.jpg\" \/>         <\/section>\n<\/p><\/div>\n<\/section>\n<section class=\"section\">\n<div class=\"item item-6\">\n<section class=\"image-item\">             <img decoding=\"async\" src=\"https:\/\/upload.cdn.baselinker.com\/products\/3029707\/f0195f1e16a891d8d292dc02b410b7bb.jpg\" \/>         <\/section>\n<\/p><\/div>\n<div class=\"item item-6\">\n<section class=\"image-item\">             <img decoding=\"async\" src=\"https:\/\/upload.cdn.baselinker.com\/products\/3029707\/873c8523ef23c6b36237262cd2724813.jpg\" \/>         <\/section>\n<\/p><\/div>\n<\/section>\n<section class=\"section\">\n<div class=\"item item-6\">\n<section class=\"image-item\">             <img decoding=\"async\" src=\"https:\/\/upload.cdn.baselinker.com\/products\/3029707\/e62392308ae15729d6b62dc82eba2818.jpg\" \/>         <\/section>\n<\/p><\/div>\n<div class=\"item item-6\">\n<section class=\"image-item\">             <img decoding=\"async\" src=\"https:\/\/upload.cdn.baselinker.com\/products\/3029707\/8d73c348bb0f62b548daaf3e5ce5de26.jpg\" \/>         <\/section>\n<\/p><\/div>\n<\/section>\n<section class=\"section\">\n<div class=\"item item-12\">\n<section class=\"image-item\">             <img decoding=\"async\" src=\"https:\/\/upload.cdn.baselinker.com\/products\/3029707\/0f00540f1c22a1e7d36738d9c2f35d31.jpg\" \/>         <\/section>\n<\/p><\/div>\n<\/section>\n<section class=\"section\">\n<div class=\"item item-12\">\n<section class=\"image-item\">             <img decoding=\"async\" src=\"https:\/\/upload.cdn.baselinker.com\/products\/3029707\/dee91ed8b7e36c14cbce9aa860c24af5.jpg\" \/>         <\/section>\n<\/p><\/div>\n<\/section>\n<p><strong>Dodatkowe informacje:<\/strong><\/p>\n<ul>\n<li><strong>Producent: <\/strong>May Cheong Group Limited Unit 901-2, 9\/F, East Ocean Centre,  98 Granville Road, Tsimshatsui East, Kowloon, Hong Kong info@maycheonggroup.com.hk<\/li>\n<li><strong>Podmiot odpowiedzialny za wprowadzenie produktu na rynek europejski:<\/strong>\u00a0Firma Handlowa PULIO Krzysztof Gebel ul. Kolejowa 3 55-040 Bielany Wroc\u0142awskie  tel. +48 71 352 07 80  biuro@pulio.pl  www.pulio.pl<\/li>\n<li><strong>Ostrze\u017cenia na opakowaniu: <\/strong>\u2022 Samoch\u00f3d: 3 baterie 1,5 V \u201eAA\u201d LR6\/R6 (brak w zestawie). \u2022 Pilot: 3 baterie 1,5 V \u201eAAA\u201d LR03\/R03 (w zestawie) \u2022 Baterie s\u0105 dostarczone wy\u0142\u0105cznie do cel\u00f3w demonstracyjnych, a nie do d\u0142ugotrwa\u0142ego u\u017cytku. \u2022 Zalecamy u\u017cywanie baterii alkalicznych. \u2022 Zalecanie akumulatork\u00f3w (\u0142adowalnych baterii) nie jest zalecane. \u2022 Nie nale\u017cy miesza\u0107 starych baterii z nowymi. \u2022 Nie nale\u017cy miesza\u0107 baterii alkalicznych ze zwyk\u0142ymi (w\u0119glowo-cynkowymi) lub akumulatorkami. \u2022 Nale\u017cy zwr\u00f3ci\u0107 uwag\u0119 na prawid\u0142ow\u0105 polaryzacj\u0119 baterii. \u2022 Nie wolno zwiera\u0107 styk\u00f3w zasilania.<\/li>\n<li><strong>Instrukcja obs\u0142ugi jest:<\/strong> Uwaga: 1. Nie wolna pr\u00f3bowa\u0107 demontowa\u0107 produkt\u00f3w. 2. Nie nale\u017cy bawi\u0107 si\u0119 pojazdem, je\u015bli w tym samym pomieszczeniu znajduj\u0105 si\u0119 inne urz\u0105dzenia pracuj\u0105ce na tej samej cz\u0119stotliwo\u015bci. Spowoduje to zak\u0142\u00f3cenia i utrat\u0119 kontroli nad pojazdem. 3. Upewnij si\u0119, \u017ce baterie s\u0105 w\u0142a\u015bciwie zainstalowane zgodnie z oznaczeniami polaryzacji wewn\u0105trz pojemnika baterii. 4. Usun\u0105\u0107 opakowanie, wyj\u0105\u0107 wszystkie akcesoria i z\u0142o\u017cy\u0107 zabawk\u0119 przed przekazaniem jejdzieciom do zabawy. 5. Urz\u0105dzenie mo\u017ce by\u0107 stosowane jedynie z za\u0142\u0105czonym zasilaniem. Cz\u0119stotliwo\u015b\u0107 fal radiowych 27MHz&#8221;.<\/li>\n<li><strong>Kraj pochodzenia:<\/strong> CHINY<\/li>\n<\/ul>\n","protected":false},"excerpt":{"rendered":"<p>BBURAGO JUNIOR RC Volkswagen EV Pojazd zdalnie sterowany ze wska\u017anikiem na\u0142adowania baterii Nr kat.: 92021 Kolor: niebieski Zdalnie sterowany pojazd<\/p>\n","protected":false},"featured_media":5127,"comment_status":"open","ping_status":"closed","template":"","meta":[],"product_brand":[],"product_cat":[19,17,20],"product_tag":[],"class_list":{"0":"post-5029","1":"product","2":"type-product","3":"status-publish","4":"has-post-thumbnail","6":"product_cat-dla-chlopca","7":"product_cat-dla-najmlodszych","8":"product_cat-pojazdy","10":"first","11":"instock","12":"shipping-taxable","13":"purchasable","14":"product-type-simple"},"_links":{"self":[{"href":"https:\/\/czas.m2web.pl\/index.php?rest_route=\/wp\/v2\/product\/5029","targetHints":{"allow":["GET"]}}],"collection":[{"href":"https:\/\/czas.m2web.pl\/index.php?rest_route=\/wp\/v2\/product"}],"about":[{"href":"https:\/\/czas.m2web.pl\/index.php?rest_route=\/wp\/v2\/types\/product"}],"replies":[{"embeddable":true,"href":"https:\/\/czas.m2web.pl\/index.php?rest_route=%2Fwp%2Fv2%2Fcomments&post=5029"}],"version-history":[{"count":0,"href":"https:\/\/czas.m2web.pl\/index.php?rest_route=\/wp\/v2\/product\/5029\/revisions"}],"wp:featuredmedia":[{"embeddable":true,"href":"https:\/\/czas.m2web.pl\/index.php?rest_route=\/wp\/v2\/media\/5127"}],"wp:attachment":[{"href":"https:\/\/czas.m2web.pl\/index.php?rest_route=%2Fwp%2Fv2%2Fmedia&parent=5029"}],"wp:term":[{"taxonomy":"product_brand","embeddable":true,"href":"https:\/\/czas.m2web.pl\/index.php?rest_route=%2Fwp%2Fv2%2Fproduct_brand&post=5029"},{"taxonomy":"product_cat","embeddable":true,"href":"https:\/\/czas.m2web.pl\/index.php?rest_route=%2Fwp%2Fv2%2Fproduct_cat&post=5029"},{"taxonomy":"product_tag","embeddable":true,"href":"https:\/\/czas.m2web.pl\/index.php?rest_route=%2Fwp%2Fv2%2Fproduct_tag&post=5029"}],"curies":[{"name":"wp","href":"https:\/\/api.w.org\/{rel}","templated":true}]}}