{"id":5030,"date":"2026-01-04T23:06:52","date_gmt":"2026-01-04T22:06:52","guid":{"rendered":"https:\/\/czas.m2web.pl\/?post_type=product&#038;p=5030"},"modified":"2026-01-04T23:07:24","modified_gmt":"2026-01-04T22:07:24","slug":"sohni-wicke-naboje-do-dubeltowki-100-01-100-szt","status":"publish","type":"product","link":"https:\/\/czas.m2web.pl\/?product=sohni-wicke-naboje-do-dubeltowki-100-01-100-szt","title":{"rendered":"SOHNI-WICKE Naboje do dubelt\u00f3wki 100\/01 (100 szt.)"},"content":{"rendered":"<section class=\"section\">\n<div class=\"item item-6\">\n<section class=\"image-item\">                      <\/section>\n<\/p><\/div>\n<div class=\"item item-6\">\n<section class=\"text-item\">\n<h1>SOHNI-WICKE Naboje do dubelt\u00f3wki 100\/01 (100 szt.)<br \/><\/h1>\n<p>Nr kat.: 100\/01<\/p>\n<p>Naboje do strzelb my\u015bliwskich nr kat.: 111\/0, 117\/0 oraz 617\/0.<\/p>\n<p><b>W zestawie 100 pojedynczych naboi (kapiszon\u00f3w).<\/b><\/p>\n<ul>\n<li>Wyprodukowane w Niemczech.<\/li>\n<li>Wiek: 3+.<\/li>\n<li>Certyfikat bezpiecze\u0144stwa CE.<\/li>\n<\/ul>\n<p><b>UWAGA: wystrza\u0142 kapiszon\u00f3w nie jest zbyt g\u0142o\u015bny, przez co  bezpieczny dla dziecka (g\u0142o\u015bno\u015b\u0107 kapiszon\u00f3w ograniczona przez regulacje  Unii Europejskiej).<\/b><\/p>\n<\/section><\/div>\n<\/section>\n<section class=\"section\">\n<div class=\"item item-12\">\n<section class=\"image-item\">                      <\/section>\n<\/p><\/div>\n<\/section>\n<p><strong>Dodatkowe informacje:<\/strong><\/p>\n<ul>\n<li><strong>Producent: <\/strong>SOHNI-WICKE AMORCES-UND SPIELWARENFABRIK Zweigniederlassung der Heinrich Bauer GmbH&#038;Co KG Ruhrallee 11 \u2013 DE-45525 Hattingen Germany Tel. +49 (0) 2324-922-0<\/li>\n<li><strong>Podmiot odpowiedzialny za wprowadzenie produktu na rynek europejski:<\/strong>\u00a0SOHNI-WICKE AMORCES-UND SPIELWARENFABRIK Zweigniederlassung der Heinrich Bauer GmbH&#038;Co KG Ruhrallee 11 \u2013 DE-45525 Hattingen Germany Tel. +49 (0) 2324-922-0<\/li>\n<li><strong>Ostrze\u017cenia na opakowaniu: <\/strong>Ostrze\u017cenia: Tylko do u\u017cytku w zabawkach. Nieodpowiednie dla dzieci poni\u017cej 3 roku \u017cycia. Niebezpiecze\u0144stwo zad\u0142awienia drobnymi elementami. Nie strzela\u0107 w pomieszczeniach zamkni\u0119tych. Sprzedawa\u0107 tylko w opakowaniu. Nie u\u017cywa\u0107 w pobli\u017cu oczu i uszu. Nie trzyma\u0107 kapiszon\u00f3w luzem w kieszeni. Zachowa\u0107 adres. Wyprodukowano w Niemczech.<\/li>\n<li><strong>Instrukcja obs\u0142ugi jest:<\/strong> NIE<\/li>\n<li><strong>Kraj pochodzenia:<\/strong> NIEMCY<\/li>\n<\/ul>\n","protected":false},"excerpt":{"rendered":"<p>SOHNI-WICKE Naboje do dubelt\u00f3wki 100\/01 (100 szt.) Nr kat.: 100\/01 Naboje do strzelb my\u015bliwskich nr kat.: 111\/0, 117\/0 oraz 617\/0.<\/p>\n","protected":false},"featured_media":5134,"comment_status":"open","ping_status":"closed","template":"","meta":[],"product_brand":[],"product_cat":[16],"product_tag":[],"class_list":{"0":"post-5030","1":"product","2":"type-product","3":"status-publish","4":"has-post-thumbnail","6":"product_cat-import","8":"first","9":"instock","10":"shipping-taxable","11":"purchasable","12":"product-type-simple"},"_links":{"self":[{"href":"https:\/\/czas.m2web.pl\/index.php?rest_route=\/wp\/v2\/product\/5030","targetHints":{"allow":["GET"]}}],"collection":[{"href":"https:\/\/czas.m2web.pl\/index.php?rest_route=\/wp\/v2\/product"}],"about":[{"href":"https:\/\/czas.m2web.pl\/index.php?rest_route=\/wp\/v2\/types\/product"}],"replies":[{"embeddable":true,"href":"https:\/\/czas.m2web.pl\/index.php?rest_route=%2Fwp%2Fv2%2Fcomments&post=5030"}],"version-history":[{"count":0,"href":"https:\/\/czas.m2web.pl\/index.php?rest_route=\/wp\/v2\/product\/5030\/revisions"}],"wp:featuredmedia":[{"embeddable":true,"href":"https:\/\/czas.m2web.pl\/index.php?rest_route=\/wp\/v2\/media\/5134"}],"wp:attachment":[{"href":"https:\/\/czas.m2web.pl\/index.php?rest_route=%2Fwp%2Fv2%2Fmedia&parent=5030"}],"wp:term":[{"taxonomy":"product_brand","embeddable":true,"href":"https:\/\/czas.m2web.pl\/index.php?rest_route=%2Fwp%2Fv2%2Fproduct_brand&post=5030"},{"taxonomy":"product_cat","embeddable":true,"href":"https:\/\/czas.m2web.pl\/index.php?rest_route=%2Fwp%2Fv2%2Fproduct_cat&post=5030"},{"taxonomy":"product_tag","embeddable":true,"href":"https:\/\/czas.m2web.pl\/index.php?rest_route=%2Fwp%2Fv2%2Fproduct_tag&post=5030"}],"curies":[{"name":"wp","href":"https:\/\/api.w.org\/{rel}","templated":true}]}}