{"id":5033,"date":"2026-01-04T23:06:52","date_gmt":"2026-01-04T22:06:52","guid":{"rendered":"https:\/\/czas.m2web.pl\/?post_type=product&#038;p=5033"},"modified":"2026-01-04T23:07:26","modified_gmt":"2026-01-04T22:07:26","slug":"diakakis-lampka-nocna-ksiezyc-na-chmurce","status":"publish","type":"product","link":"https:\/\/czas.m2web.pl\/?product=diakakis-lampka-nocna-ksiezyc-na-chmurce","title":{"rendered":"DIAKAKIS LAMPKA NOCNA KSI\u0118\u017bYC NA CHMURCE"},"content":{"rendered":"<section class=\"section\">\n<div class=\"item item-6\">\n<section class=\"image-item\">             <img decoding=\"async\" src=\"https:\/\/upload.cdn.baselinker.com\/products\/3029707\/22b92de8842c5f9aeb45f390c29a94a2.jpg\" \/>         <\/section>\n<\/p><\/div>\n<div class=\"item item-6\">\n<section class=\"text-item\">\n<h1>DIAKAKIS LAMPKA NOCNA KSI\u0118\u017bYC NA CHMURCE<\/h1>\n<p>622160 Diakakis<\/p>\n<p>Ta urocza lampka nocna emituje delikatne, przyciemnione \u015bwiat\u0142o, kt\u00f3re tworzy odpowiedni\u0105 atmosfer\u0119 do spania dziecka. Urocza lampka dla dzieci i niemowl\u0105t, kt\u00f3ra pocieszy dziecko i pomo\u017ce mu zasn\u0105\u0107.Cechy:Lampka w kszta\u0142cie ksi\u0119\u017cyca na chmurce. \u015awieci delikatnym \u015bwiat\u0142em, b\u0119dzie idelana jako lampka nocna. Wymagane baterie: 3xAAA (niezawarte w zestawie).<\/p>\n<\/section><\/div>\n<\/section>\n<section class=\"section\">\n<div class=\"item item-6\">\n<section class=\"image-item\">             <img decoding=\"async\" src=\"https:\/\/upload.cdn.baselinker.com\/products\/3029707\/ebc0b81cd87ed17bfa3e32de541a4322.jpg\" \/>         <\/section>\n<\/p><\/div>\n<div class=\"item item-6\">\n<section class=\"image-item\">             <img decoding=\"async\" src=\"https:\/\/upload.cdn.baselinker.com\/products\/3029707\/bbb5927706509f06b204c0f48a1180be.jpg\" \/>         <\/section>\n<\/p><\/div>\n<\/section>\n<section class=\"section\">\n<div class=\"item item-12\">\n<section class=\"image-item\">             <img decoding=\"async\" src=\"https:\/\/upload.cdn.baselinker.com\/products\/3029707\/22b92de8842c5f9aeb45f390c29a94a2.jpg\" \/>         <\/section>\n<\/p><\/div>\n<\/section>\n<p><strong>Dodatkowe informacje:<\/strong><\/p>\n","protected":false},"excerpt":{"rendered":"<p>DIAKAKIS LAMPKA NOCNA KSI\u0118\u017bYC NA CHMURCE 622160 Diakakis Ta urocza lampka nocna emituje delikatne, przyciemnione \u015bwiat\u0142o, kt\u00f3re tworzy odpowiedni\u0105 atmosfer\u0119<\/p>\n","protected":false},"featured_media":5138,"comment_status":"open","ping_status":"closed","template":"","meta":[],"product_brand":[],"product_cat":[16],"product_tag":[],"class_list":{"0":"post-5033","1":"product","2":"type-product","3":"status-publish","4":"has-post-thumbnail","6":"product_cat-import","8":"first","9":"instock","10":"shipping-taxable","11":"purchasable","12":"product-type-simple"},"_links":{"self":[{"href":"https:\/\/czas.m2web.pl\/index.php?rest_route=\/wp\/v2\/product\/5033","targetHints":{"allow":["GET"]}}],"collection":[{"href":"https:\/\/czas.m2web.pl\/index.php?rest_route=\/wp\/v2\/product"}],"about":[{"href":"https:\/\/czas.m2web.pl\/index.php?rest_route=\/wp\/v2\/types\/product"}],"replies":[{"embeddable":true,"href":"https:\/\/czas.m2web.pl\/index.php?rest_route=%2Fwp%2Fv2%2Fcomments&post=5033"}],"version-history":[{"count":0,"href":"https:\/\/czas.m2web.pl\/index.php?rest_route=\/wp\/v2\/product\/5033\/revisions"}],"wp:featuredmedia":[{"embeddable":true,"href":"https:\/\/czas.m2web.pl\/index.php?rest_route=\/wp\/v2\/media\/5138"}],"wp:attachment":[{"href":"https:\/\/czas.m2web.pl\/index.php?rest_route=%2Fwp%2Fv2%2Fmedia&parent=5033"}],"wp:term":[{"taxonomy":"product_brand","embeddable":true,"href":"https:\/\/czas.m2web.pl\/index.php?rest_route=%2Fwp%2Fv2%2Fproduct_brand&post=5033"},{"taxonomy":"product_cat","embeddable":true,"href":"https:\/\/czas.m2web.pl\/index.php?rest_route=%2Fwp%2Fv2%2Fproduct_cat&post=5033"},{"taxonomy":"product_tag","embeddable":true,"href":"https:\/\/czas.m2web.pl\/index.php?rest_route=%2Fwp%2Fv2%2Fproduct_tag&post=5033"}],"curies":[{"name":"wp","href":"https:\/\/api.w.org\/{rel}","templated":true}]}}