{"id":5184,"date":"2026-01-04T23:07:36","date_gmt":"2026-01-04T22:07:36","guid":{"rendered":"https:\/\/czas.m2web.pl\/?post_type=product&#038;p=5184"},"modified":"2026-01-04T23:08:00","modified_gmt":"2026-01-04T22:08:00","slug":"bburago-volkswagen-na-zielona-energie-zolty-81803","status":"publish","type":"product","link":"https:\/\/czas.m2web.pl\/?product=bburago-volkswagen-na-zielona-energie-zolty-81803","title":{"rendered":"BBURAGO VOLKSWAGEN NA ZIELON\u0104 ENERGI\u0118 \u017c\u00f3\u0142ty 81803"},"content":{"rendered":"<section class=\"section\">\n<div class=\"item item-6\">\n<section class=\"image-item\">             <img decoding=\"async\" src=\"https:\/\/upload.cdn.baselinker.com\/products\/3029707\/991c6cf76d87384ea5834935603e0705.jpg\" \/>         <\/section>\n<\/p><\/div>\n<div class=\"item item-6\">\n<section class=\"text-item\">\n<h1>BBURAGO JUNIOR<\/h1>\n<h1>VOLKSWAGEN<\/h1>\n<h1>\u00a0NA ZIELON\u0104 ENERGI\u0118\u00a0<\/h1>\n<p>Nr kat.: 81803<\/p>\n<p>Kolor: \u017c\u00f3\u0142ty<\/p>\n<p>Ekologiczny samoch\u00f3d elektryczny nap\u0119dzany jest energi\u0105 kinetyczn\u0105, dzi\u0119ki kt\u00f3rej pojazd nie potrzebuje baterii. Wystarczy go popchn\u0105c do przodu lub do ty\u0142u, a jazda si\u0119 rozpocznie.<\/p>\n<p>Autko ma przednie reflektory, kt\u00f3re zapalaj\u0105 si\u0119 podczas jazdy.<\/p>\n<p>Wiek: 12M+.<\/p>\n<p>Wymiary pojazdu: 13 x 7 x 7 cm.<\/p>\n<p>Wymiary opakowania: 15,5 x 17,5 x 9 cm.<\/p>\n<p>Wiek: 12M+.<\/p>\n<\/section><\/div>\n<\/section>\n<section class=\"section\">\n<div class=\"item item-6\">\n<section class=\"image-item\">             <img decoding=\"async\" src=\"https:\/\/upload.cdn.baselinker.com\/products\/3029707\/991c6cf76d87384ea5834935603e0705.jpg\" \/>         <\/section>\n<\/p><\/div>\n<div class=\"item item-6\">\n<section class=\"image-item\">             <img decoding=\"async\" src=\"https:\/\/upload.cdn.baselinker.com\/products\/3029707\/9c7bdc98b9258eeb8dd3b587be7ec75c.jpg\" \/>         <\/section>\n<\/p><\/div>\n<\/section>\n<section class=\"section\">\n<div class=\"item item-12\">\n<section class=\"image-item\">             <img decoding=\"async\" src=\"https:\/\/upload.cdn.baselinker.com\/products\/3029707\/3bc5b598458fe134f3042f446eb7881c.jpg\" \/>         <\/section>\n<\/p><\/div>\n<\/section>\n<section class=\"section\">\n<div class=\"item item-6\">\n<section class=\"image-item\">             <img decoding=\"async\" src=\"https:\/\/upload.cdn.baselinker.com\/products\/3029707\/53777e15b13497a6a0b6442b381b7f22.jpg\" \/>         <\/section>\n<\/p><\/div>\n<div class=\"item item-6\">\n<section class=\"image-item\">             <img decoding=\"async\" src=\"https:\/\/upload.cdn.baselinker.com\/products\/3029707\/62dbc94abf8eb1955ba901fc49b8db8b.jpg\" \/>         <\/section>\n<\/p><\/div>\n<\/section>\n<section class=\"section\">\n<div class=\"item item-12\">\n<section class=\"image-item\">             <img decoding=\"async\" src=\"https:\/\/upload.cdn.baselinker.com\/products\/3029707\/6bb64e2db667a089a3d2b3581eae4685.jpg\" \/>         <\/section>\n<\/p><\/div>\n<\/section>\n<section class=\"section\">\n<div class=\"item item-6\">\n<section class=\"image-item\">             <img decoding=\"async\" src=\"https:\/\/upload.cdn.baselinker.com\/products\/3029707\/a62a2b494cbaac71432833df1a7584b8.jpg\" \/>         <\/section>\n<\/p><\/div>\n<div class=\"item item-6\">\n<section class=\"image-item\">             <img decoding=\"async\" src=\"https:\/\/upload.cdn.baselinker.com\/products\/3029707\/3c748b3637dd8b7cea88516339340da2.jpg\" \/>         <\/section>\n<\/p><\/div>\n<\/section>\n<p><strong>Dodatkowe informacje:<\/strong><\/p>\n","protected":false},"excerpt":{"rendered":"<p>BBURAGO JUNIOR VOLKSWAGEN \u00a0NA ZIELON\u0104 ENERGI\u0118\u00a0 Nr kat.: 81803 Kolor: \u017c\u00f3\u0142ty Ekologiczny samoch\u00f3d elektryczny nap\u0119dzany jest energi\u0105 kinetyczn\u0105, dzi\u0119ki kt\u00f3rej<\/p>\n","protected":false},"featured_media":5267,"comment_status":"open","ping_status":"closed","template":"","meta":[],"product_brand":[],"product_cat":[19,17,20],"product_tag":[],"class_list":{"0":"post-5184","1":"product","2":"type-product","3":"status-publish","4":"has-post-thumbnail","6":"product_cat-dla-chlopca","7":"product_cat-dla-najmlodszych","8":"product_cat-pojazdy","10":"first","11":"instock","12":"shipping-taxable","13":"purchasable","14":"product-type-simple"},"_links":{"self":[{"href":"https:\/\/czas.m2web.pl\/index.php?rest_route=\/wp\/v2\/product\/5184","targetHints":{"allow":["GET"]}}],"collection":[{"href":"https:\/\/czas.m2web.pl\/index.php?rest_route=\/wp\/v2\/product"}],"about":[{"href":"https:\/\/czas.m2web.pl\/index.php?rest_route=\/wp\/v2\/types\/product"}],"replies":[{"embeddable":true,"href":"https:\/\/czas.m2web.pl\/index.php?rest_route=%2Fwp%2Fv2%2Fcomments&post=5184"}],"version-history":[{"count":0,"href":"https:\/\/czas.m2web.pl\/index.php?rest_route=\/wp\/v2\/product\/5184\/revisions"}],"wp:featuredmedia":[{"embeddable":true,"href":"https:\/\/czas.m2web.pl\/index.php?rest_route=\/wp\/v2\/media\/5267"}],"wp:attachment":[{"href":"https:\/\/czas.m2web.pl\/index.php?rest_route=%2Fwp%2Fv2%2Fmedia&parent=5184"}],"wp:term":[{"taxonomy":"product_brand","embeddable":true,"href":"https:\/\/czas.m2web.pl\/index.php?rest_route=%2Fwp%2Fv2%2Fproduct_brand&post=5184"},{"taxonomy":"product_cat","embeddable":true,"href":"https:\/\/czas.m2web.pl\/index.php?rest_route=%2Fwp%2Fv2%2Fproduct_cat&post=5184"},{"taxonomy":"product_tag","embeddable":true,"href":"https:\/\/czas.m2web.pl\/index.php?rest_route=%2Fwp%2Fv2%2Fproduct_tag&post=5184"}],"curies":[{"name":"wp","href":"https:\/\/api.w.org\/{rel}","templated":true}]}}