{"id":5327,"date":"2026-01-04T23:08:18","date_gmt":"2026-01-04T22:08:18","guid":{"rendered":"https:\/\/czas.m2web.pl\/?post_type=product&#038;p=5327"},"modified":"2026-01-04T23:08:34","modified_gmt":"2026-01-04T22:08:34","slug":"infantino-piramidka-z-krazkow-sensorycznych-315212","status":"publish","type":"product","link":"https:\/\/czas.m2web.pl\/?product=infantino-piramidka-z-krazkow-sensorycznych-315212","title":{"rendered":"INFANTINO Piramidka z kr\u0105\u017ck\u00f3w sensorycznych 315212"},"content":{"rendered":"<section class=\"section\">\n<div class=\"item item-6\">\n<section class=\"image-item\">             <img decoding=\"async\" src=\"https:\/\/upload.cdn.baselinker.com\/products\/3029707\/b342cb16038b840ab4c9b3c155dddb4a.jpg\" \/>         <\/section>\n<\/p><\/div>\n<div class=\"item item-6\">\n<section class=\"text-item\">\n<h1>INFANTINO Piramidka z kr\u0105\u017ck\u00f3w sensorycznych<\/h1>\n<p>Nr kat.: 315212<\/p>\n<p>Piramidka z k\u00f3\u0142ek w r\u00f3\u017cnych rozmiarach i kolorach zapewni maluchom wspania\u0142\u0105 zabaw\u0119!<\/p>\n<p>R\u00f3\u017cne faktury na k\u00f3\u0142kach stymuluj\u0105 zmys\u0142y dziecka, a uk\u0142adanie zach\u0119ca do logicznego analizowania.<\/p>\n<p>Zabawka rozwija zdolno\u015bci manualne i zr\u0119czno\u015bciowe malucha, \u0107wiczy koncentracj\u0119 i koordynacj\u0119 wzrokow\u0105.<\/p>\n<p>Wymiary piramidki: 18,5 x 14 cm.<\/p>\n<p>Wiek: 6m+.<\/p>\n<\/section><\/div>\n<\/section>\n<section class=\"section\">\n<div class=\"item item-12\">\n<section class=\"image-item\">             <img decoding=\"async\" src=\"https:\/\/upload.cdn.baselinker.com\/products\/3029707\/b342cb16038b840ab4c9b3c155dddb4a.jpg\" \/>         <\/section>\n<\/p><\/div>\n<\/section>\n<section class=\"section\">\n<div class=\"item item-12\">\n<section class=\"image-item\">             <img decoding=\"async\" src=\"https:\/\/upload.cdn.baselinker.com\/products\/3029707\/54152f03dbb15d7127043bbeea3df567.jpg\" \/>         <\/section>\n<\/p><\/div>\n<\/section>\n<section class=\"section\">\n<div class=\"item item-12\">\n<section class=\"image-item\">             <img decoding=\"async\" src=\"https:\/\/upload.cdn.baselinker.com\/products\/3029707\/e0a91341c8f9bb0d4bd5e0e8d72c3c49.jpg\" \/>         <\/section>\n<\/p><\/div>\n<\/section>\n<p><strong>Dodatkowe informacje:<\/strong><\/p>\n<ul>\n<li><strong>Producent: <\/strong>INFANTINO B KIDS INTERNATIONAL LIMITED  Flat\/Rm 1203, 12\/F, East Ocean Centre, 98 Granville Road TST East, Kowloon Hong Kong; customersupport@infantino.com<\/li>\n<li><strong>Podmiot odpowiedzialny za wprowadzenie produktu na rynek europejski:<\/strong>\u00a0Infantino B kids B.V. John M. Keynesplein 12-46 1066EP Amsterdam The Netherlands eu.info@infantino.com<\/li>\n<li><strong>Ostrze\u017cenia na opakowaniu: <\/strong><\/li>\n<li><strong>Instrukcja obs\u0142ugi jest:<\/strong> NIE<\/li>\n<li><strong>Kraj pochodzenia:<\/strong> CHINY<\/li>\n<\/ul>\n","protected":false},"excerpt":{"rendered":"<p>INFANTINO Piramidka z kr\u0105\u017ck\u00f3w sensorycznych Nr kat.: 315212 Piramidka z k\u00f3\u0142ek w r\u00f3\u017cnych rozmiarach i kolorach zapewni maluchom wspania\u0142\u0105 zabaw\u0119!<\/p>\n","protected":false},"featured_media":5367,"comment_status":"open","ping_status":"closed","template":"","meta":[],"product_brand":[],"product_cat":[121,17],"product_tag":[],"class_list":{"0":"post-5327","1":"product","2":"type-product","3":"status-publish","4":"has-post-thumbnail","6":"product_cat-aktywne-i-edukacyjne","7":"product_cat-dla-najmlodszych","9":"first","10":"instock","11":"shipping-taxable","12":"purchasable","13":"product-type-simple"},"_links":{"self":[{"href":"https:\/\/czas.m2web.pl\/index.php?rest_route=\/wp\/v2\/product\/5327","targetHints":{"allow":["GET"]}}],"collection":[{"href":"https:\/\/czas.m2web.pl\/index.php?rest_route=\/wp\/v2\/product"}],"about":[{"href":"https:\/\/czas.m2web.pl\/index.php?rest_route=\/wp\/v2\/types\/product"}],"replies":[{"embeddable":true,"href":"https:\/\/czas.m2web.pl\/index.php?rest_route=%2Fwp%2Fv2%2Fcomments&post=5327"}],"version-history":[{"count":0,"href":"https:\/\/czas.m2web.pl\/index.php?rest_route=\/wp\/v2\/product\/5327\/revisions"}],"wp:featuredmedia":[{"embeddable":true,"href":"https:\/\/czas.m2web.pl\/index.php?rest_route=\/wp\/v2\/media\/5367"}],"wp:attachment":[{"href":"https:\/\/czas.m2web.pl\/index.php?rest_route=%2Fwp%2Fv2%2Fmedia&parent=5327"}],"wp:term":[{"taxonomy":"product_brand","embeddable":true,"href":"https:\/\/czas.m2web.pl\/index.php?rest_route=%2Fwp%2Fv2%2Fproduct_brand&post=5327"},{"taxonomy":"product_cat","embeddable":true,"href":"https:\/\/czas.m2web.pl\/index.php?rest_route=%2Fwp%2Fv2%2Fproduct_cat&post=5327"},{"taxonomy":"product_tag","embeddable":true,"href":"https:\/\/czas.m2web.pl\/index.php?rest_route=%2Fwp%2Fv2%2Fproduct_tag&post=5327"}],"curies":[{"name":"wp","href":"https:\/\/api.w.org\/{rel}","templated":true}]}}