{"id":5328,"date":"2026-01-04T23:08:19","date_gmt":"2026-01-04T22:08:19","guid":{"rendered":"https:\/\/czas.m2web.pl\/?post_type=product&#038;p=5328"},"modified":"2026-01-04T23:08:36","modified_gmt":"2026-01-04T22:08:36","slug":"infantino-wielka-sensoryczna-mata-dzungla-121-x-121-cm-313037","status":"publish","type":"product","link":"https:\/\/czas.m2web.pl\/?product=infantino-wielka-sensoryczna-mata-dzungla-121-x-121-cm-313037","title":{"rendered":"INFANTINO Wielka, sensoryczna mata D\u017cungla 121 x 121 cm 313037"},"content":{"rendered":"<section class=\"section\">\n<div class=\"item item-6\">\n<section class=\"image-item\">             <img decoding=\"async\" src=\"https:\/\/upload.cdn.baselinker.com\/products\/3029707\/ad385119c86999b335d8d6dbbff3c72d.jpg\" \/>         <\/section>\n<\/p><\/div>\n<div class=\"item item-6\">\n<section class=\"text-item\">\n<h1>INFANTINO Wielka, sensoryczna mata D\u017cungla 121 x 121 cm<\/h1>\n<p>Nr kat.: 313037<\/p>\n<p>Ta wyj\u0105tkowo du\u017ca mata do \u0107wicze\u0144 tworzy bezpieczne, mi\u0119kkie miejsce do zabawy dla dziecka. Teksturowane tkaniny i szeleszcz\u0105ce elementy zapewniaj\u0105 wczesn\u0105 integracj\u0119 sensoryczn\u0105, a kontrastowe kolory przyci\u0105gaj\u0105 uwag\u0119 dziecka i zach\u0119caj\u0105 do zabawy.<\/p>\n<p>Mata oferuje du\u017c\u0105 przestrze\u0144 do raczkowania, siedzenia oraz zabawy na brzuszku.<\/p>\n<p>Od udawanego karmienia ma\u0142py po odkrywanie teksturowanych kszta\u0142t\u00f3w, szeleszcz\u0105cych d\u017awi\u0119k\u00f3w, kolorowych wst\u0105\u017cek i gigantycznego lusterka, dziecko b\u0119dzie zachwycone interaktywnymi zaj\u0119ciami sensorycznymi.<\/p>\n<p>Lusterko i banany mo\u017cna przemieszcza\u0107 w r\u00f3\u017cne miejsca maty. \u0141apki leniwca s\u0105 ruchome i mo\u017cna si\u0119 nimi bawi\u0107 w a kuku. Jedno rami\u0119 zwierz\u0105tka szele\u015bci.<\/p>\n<p>Mata \u0142atwo sk\u0142ada si\u0119 do wymiar\u00f3w 40 x 60 cm (do przechowywania w domu lub zabrania ze sob\u0105 na przygod\u0119 na \u015bwie\u017cym powietrzu).<\/p>\n<p>\u0141atwa do czyszczenia: mo\u017cna pra\u0107 w pralce.<\/p>\n<ul>\n<li>Wiek: 0M+.<\/li>\n<li>Wymiary opakowania: 58 x 40,5 x 8 cm.<\/li>\n<li>Wymiary maty: 121x121cm<\/li>\n<\/ul>\n<\/section><\/div>\n<\/section>\n<section class=\"section\">\n<div class=\"item item-12\">\n<section class=\"image-item\">             <img decoding=\"async\" src=\"https:\/\/upload.cdn.baselinker.com\/products\/3029707\/9ce0e7f579823707da16cf4f2ad29e3a.jpg\" \/>         <\/section>\n<\/p><\/div>\n<\/section>\n<section class=\"section\">\n<div class=\"item item-6\">\n<section class=\"image-item\">             <img decoding=\"async\" src=\"https:\/\/upload.cdn.baselinker.com\/products\/3029707\/d2371b227caf42f55362666da2881b7b.jpg\" \/>         <\/section>\n<\/p><\/div>\n<div class=\"item item-6\">\n<section class=\"image-item\">             <img decoding=\"async\" src=\"https:\/\/upload.cdn.baselinker.com\/products\/3029707\/b622219511119214ac1aad2ccba8a297.jpg\" \/>         <\/section>\n<\/p><\/div>\n<\/section>\n<section class=\"section\">\n<div class=\"item item-6\">\n<section class=\"image-item\">             <img decoding=\"async\" src=\"https:\/\/upload.cdn.baselinker.com\/products\/3029707\/440387fffee3cfe800541f7cc11fe320.jpg\" \/>         <\/section>\n<\/p><\/div>\n<div class=\"item item-6\">\n<section class=\"image-item\">             <img decoding=\"async\" src=\"https:\/\/upload.cdn.baselinker.com\/products\/3029707\/442fb7af1aaac93775b71b054015fc33.jpg\" \/>         <\/section>\n<\/p><\/div>\n<\/section>\n<section class=\"section\">\n<div class=\"item item-12\">\n<section class=\"image-item\">             <img decoding=\"async\" src=\"https:\/\/upload.cdn.baselinker.com\/products\/3029707\/ad385119c86999b335d8d6dbbff3c72d.jpg\" \/>         <\/section>\n<\/p><\/div>\n<\/section>\n<section class=\"section\">\n<div class=\"item item-12\">\n<section class=\"image-item\">             <img decoding=\"async\" src=\"https:\/\/upload.cdn.baselinker.com\/products\/3029707\/677620cf85cfce1469e7ee18bb104648.jpg\" \/>         <\/section>\n<\/p><\/div>\n<\/section>\n<p><strong>Dodatkowe informacje:<\/strong><\/p>\n<ul>\n<li><strong>Producent: <\/strong>INFANTINO B KIDS INTERNATIONAL LIMITED  Flat\/Rm 1203, 12\/F, East Ocean Centre, 98 Granville Road TST East, Kowloon Hong Kong; customersupport@infantino.com<\/li>\n<li><strong>Podmiot odpowiedzialny za wprowadzenie produktu na rynek europejski:<\/strong>\u00a0Infantino B kids B.V. John M. Keynesplein 12-46 1066EP Amsterdam The Netherlands eu.info@infantino.com<\/li>\n<li><strong>Ostrze\u017cenia na opakowaniu: <\/strong><\/li>\n<li><strong>Instrukcja obs\u0142ugi jest:<\/strong> NIE<\/li>\n<li><strong>Kraj pochodzenia:<\/strong> CHINY<\/li>\n<\/ul>\n","protected":false},"excerpt":{"rendered":"<p>INFANTINO Wielka, sensoryczna mata D\u017cungla 121 x 121 cm Nr kat.: 313037 Ta wyj\u0105tkowo du\u017ca mata do \u0107wicze\u0144 tworzy bezpieczne,<\/p>\n","protected":false},"featured_media":5370,"comment_status":"open","ping_status":"closed","template":"","meta":[],"product_brand":[],"product_cat":[17,18],"product_tag":[],"class_list":{"0":"post-5328","1":"product","2":"type-product","3":"status-publish","4":"has-post-thumbnail","6":"product_cat-dla-najmlodszych","7":"product_cat-nosidelka-i-maty","9":"first","10":"instock","11":"shipping-taxable","12":"purchasable","13":"product-type-simple"},"_links":{"self":[{"href":"https:\/\/czas.m2web.pl\/index.php?rest_route=\/wp\/v2\/product\/5328","targetHints":{"allow":["GET"]}}],"collection":[{"href":"https:\/\/czas.m2web.pl\/index.php?rest_route=\/wp\/v2\/product"}],"about":[{"href":"https:\/\/czas.m2web.pl\/index.php?rest_route=\/wp\/v2\/types\/product"}],"replies":[{"embeddable":true,"href":"https:\/\/czas.m2web.pl\/index.php?rest_route=%2Fwp%2Fv2%2Fcomments&post=5328"}],"version-history":[{"count":0,"href":"https:\/\/czas.m2web.pl\/index.php?rest_route=\/wp\/v2\/product\/5328\/revisions"}],"wp:featuredmedia":[{"embeddable":true,"href":"https:\/\/czas.m2web.pl\/index.php?rest_route=\/wp\/v2\/media\/5370"}],"wp:attachment":[{"href":"https:\/\/czas.m2web.pl\/index.php?rest_route=%2Fwp%2Fv2%2Fmedia&parent=5328"}],"wp:term":[{"taxonomy":"product_brand","embeddable":true,"href":"https:\/\/czas.m2web.pl\/index.php?rest_route=%2Fwp%2Fv2%2Fproduct_brand&post=5328"},{"taxonomy":"product_cat","embeddable":true,"href":"https:\/\/czas.m2web.pl\/index.php?rest_route=%2Fwp%2Fv2%2Fproduct_cat&post=5328"},{"taxonomy":"product_tag","embeddable":true,"href":"https:\/\/czas.m2web.pl\/index.php?rest_route=%2Fwp%2Fv2%2Fproduct_tag&post=5328"}],"curies":[{"name":"wp","href":"https:\/\/api.w.org\/{rel}","templated":true}]}}