{"id":5329,"date":"2026-01-04T23:08:19","date_gmt":"2026-01-04T22:08:19","guid":{"rendered":"https:\/\/czas.m2web.pl\/?post_type=product&#038;p=5329"},"modified":"2026-01-04T23:08:38","modified_gmt":"2026-01-04T22:08:38","slug":"infantino-303127-namiot-z-kojcem-z-filtrem-uv","status":"publish","type":"product","link":"https:\/\/czas.m2web.pl\/?product=infantino-303127-namiot-z-kojcem-z-filtrem-uv","title":{"rendered":"INFANTINO 303127 NAMIOT Z KOJCEM, Z FILTREM UV"},"content":{"rendered":"<section class=\"section\">\n<div class=\"item item-6\">\n<section class=\"image-item\">             <img decoding=\"async\" src=\"https:\/\/upload.cdn.baselinker.com\/products\/3029707\/a56e75b26de1a138941649481b06e57e.jpg\" \/>         <\/section>\n<\/p><\/div>\n<div class=\"item item-6\">\n<section class=\"text-item\">\n<h1>Rozk\u0142adany Namiot z kojcem, z filtrem UV<\/h1>\n<h2>Infantino 303127<\/h2>\n<p>\u00a0\u00a0\u00a0 Namiot z basenem i z pi\u0142eczkami 3 w 1 jest wielofunkcyjny i idealny do zabawy zar\u00f3wno w domu, jak i na zewn\u0105trz.<\/p>\n<p>\u00a0\u00a0\u00a0 Jest \u0142atwy do ustawienia, ma 4 zintegrowane nogi, kt\u00f3re zapewniaj\u0105 stabilno\u015b\u0107 podczas ustawiania.<\/p>\n<p>\u00a0\u00a0\u00a0 Zar\u00f3wno \u015bciany, jak i baldachim zapewniaj\u0105 ochron\u0119 przed promieniowaniem UV UPF50 i maluchy s\u0105 dobrze chronione przed s\u0142o\u0144cem.<\/p>\n<p>\u00a0\u00a0\u00a0 Kiedy na zewn\u0105trz jest pochmurno, mo\u017cna przenie\u015b\u0107 odpinany basen z pi\u0142kami do domu, aby stworzy\u0107 przytulny plac zabaw dla swojego dziecka.<\/p>\n<p>\u00a0\u00a0\u00a0 Wyposa\u017cony jest w regulowan\u0105 cienk\u0105 moskitier\u0119, kt\u00f3ra chroni dziecko przed owadami i uk\u0105szeniami komar\u00f3w.<\/p>\n<p>\u00a0\u00a0\u00a0 Kiedy zabawa si\u0119 sko\u0144czy, namiot mo\u017cna z\u0142o\u017cy\u0107 do torby z uchwytem do przenoszenia.<\/p>\n<p>\u00a0Wiek: 6m+<\/p>\n<p>Wymiary:100 x 100 x 60 cm<\/p>\n<\/section><\/div>\n<\/section>\n<section class=\"section\">\n<div class=\"item item-12\">\n<section class=\"image-item\">             <img decoding=\"async\" src=\"https:\/\/upload.cdn.baselinker.com\/products\/3029707\/8dff3453a78c0549dd85ab2247b4d55f.jpg\" \/>         <\/section>\n<\/p><\/div>\n<\/section>\n<section class=\"section\">\n<div class=\"item item-12\">\n<section class=\"image-item\">             <img decoding=\"async\" src=\"https:\/\/upload.cdn.baselinker.com\/products\/3029707\/bd8343a001303ff3afe98b23348b21ce.jpg\" \/>         <\/section>\n<\/p><\/div>\n<\/section>\n<section class=\"section\">\n<div class=\"item item-12\">\n<section class=\"image-item\">             <img decoding=\"async\" src=\"https:\/\/upload.cdn.baselinker.com\/products\/3029707\/0b173ee1b23dc1c8d11def91f6f43ce1.jpg\" \/>         <\/section>\n<\/p><\/div>\n<\/section>\n<section class=\"section\">\n<div class=\"item item-12\">\n<section class=\"image-item\">             <img decoding=\"async\" src=\"https:\/\/upload.cdn.baselinker.com\/products\/3029707\/6662f95a0e311d0a61cb8cd071b7481f.jpg\" \/>         <\/section>\n<\/p><\/div>\n<\/section>\n<section class=\"section\">\n<div class=\"item item-6\">\n<section class=\"image-item\">             <img decoding=\"async\" src=\"https:\/\/upload.cdn.baselinker.com\/products\/3029707\/3f830197ffd24ac4b1f39de0bb9943ac.jpg\" \/>         <\/section>\n<\/p><\/div>\n<div class=\"item item-6\">\n<section class=\"image-item\">             <img decoding=\"async\" src=\"https:\/\/upload.cdn.baselinker.com\/products\/3029707\/7d0d0a0ab24c0af609ae07acbe8a4e58.jpg\" \/>         <\/section>\n<\/p><\/div>\n<\/section>\n<p><strong>Dodatkowe informacje:<\/strong><\/p>\n<ul>\n<li><strong>Producent: <\/strong>INFANTINO B KIDS INTERNATIONAL LIMITED  Flat\/Rm 1203, 12\/F, East Ocean Centre, 98 Granville Road TST East, Kowloon Hong Kong; customersupport@infantino.com<\/li>\n<li><strong>Podmiot odpowiedzialny za wprowadzenie produktu na rynek europejski:<\/strong>\u00a0Infantino B kids B.V. John M. Keynesplein 12-46 1066EP Amsterdam The Netherlands eu.info@infantino.com<\/li>\n<li><strong>Ostrze\u017cenia na opakowaniu: <\/strong><\/li>\n<li><strong>Instrukcja obs\u0142ugi jest:<\/strong> NIE<\/li>\n<li><strong>Kraj pochodzenia:<\/strong> CHINY<\/li>\n<\/ul>\n","protected":false},"excerpt":{"rendered":"<p>Rozk\u0142adany Namiot z kojcem, z filtrem UV Infantino 303127 \u00a0\u00a0\u00a0 Namiot z basenem i z pi\u0142eczkami 3 w 1 jest<\/p>\n","protected":false},"featured_media":5377,"comment_status":"open","ping_status":"closed","template":"","meta":[],"product_brand":[],"product_cat":[17,18],"product_tag":[],"class_list":{"0":"post-5329","1":"product","2":"type-product","3":"status-publish","4":"has-post-thumbnail","6":"product_cat-dla-najmlodszych","7":"product_cat-nosidelka-i-maty","9":"first","10":"instock","11":"shipping-taxable","12":"purchasable","13":"product-type-simple"},"_links":{"self":[{"href":"https:\/\/czas.m2web.pl\/index.php?rest_route=\/wp\/v2\/product\/5329","targetHints":{"allow":["GET"]}}],"collection":[{"href":"https:\/\/czas.m2web.pl\/index.php?rest_route=\/wp\/v2\/product"}],"about":[{"href":"https:\/\/czas.m2web.pl\/index.php?rest_route=\/wp\/v2\/types\/product"}],"replies":[{"embeddable":true,"href":"https:\/\/czas.m2web.pl\/index.php?rest_route=%2Fwp%2Fv2%2Fcomments&post=5329"}],"version-history":[{"count":0,"href":"https:\/\/czas.m2web.pl\/index.php?rest_route=\/wp\/v2\/product\/5329\/revisions"}],"wp:featuredmedia":[{"embeddable":true,"href":"https:\/\/czas.m2web.pl\/index.php?rest_route=\/wp\/v2\/media\/5377"}],"wp:attachment":[{"href":"https:\/\/czas.m2web.pl\/index.php?rest_route=%2Fwp%2Fv2%2Fmedia&parent=5329"}],"wp:term":[{"taxonomy":"product_brand","embeddable":true,"href":"https:\/\/czas.m2web.pl\/index.php?rest_route=%2Fwp%2Fv2%2Fproduct_brand&post=5329"},{"taxonomy":"product_cat","embeddable":true,"href":"https:\/\/czas.m2web.pl\/index.php?rest_route=%2Fwp%2Fv2%2Fproduct_cat&post=5329"},{"taxonomy":"product_tag","embeddable":true,"href":"https:\/\/czas.m2web.pl\/index.php?rest_route=%2Fwp%2Fv2%2Fproduct_tag&post=5329"}],"curies":[{"name":"wp","href":"https:\/\/api.w.org\/{rel}","templated":true}]}}