{"id":5331,"date":"2026-01-04T23:08:19","date_gmt":"2026-01-04T22:08:19","guid":{"rendered":"https:\/\/czas.m2web.pl\/?post_type=product&#038;p=5331"},"modified":"2026-01-04T23:08:42","modified_gmt":"2026-01-04T22:08:42","slug":"infantino-lampka-nocna-3-w-1-foka-maskotka-302032","status":"publish","type":"product","link":"https:\/\/czas.m2web.pl\/?product=infantino-lampka-nocna-3-w-1-foka-maskotka-302032","title":{"rendered":"INFANTINO Lampka nocna 3 w 1 Foka, maskotka 302032"},"content":{"rendered":"<section class=\"section\">\n<div class=\"item item-6\">\n<section class=\"image-item\">             <img decoding=\"async\" src=\"https:\/\/upload.cdn.baselinker.com\/products\/3029707\/a482591fae3724b94d2481e54b5f2a7f.jpg\" \/>         <\/section>\n<\/p><\/div>\n<div class=\"item item-6\">\n<section class=\"text-item\">\n<h1>INFANTINO Lampka nocna 3 w 1 Foka<\/h1>\n<p>Nr kat.: 302032<\/p>\n<p>Ta urocza lampka nocna zawiera relaksuj\u0105ce d\u017awi\u0119ki, delikatne i uspokajaj\u0105ce melodie oraz przyciemnione \u015bwiat\u0142o, kt\u00f3re tworz\u0105 odpowiedni\u0105 atmosfer\u0119 do spania dziecka.<\/p>\n<p>Mo\u017cna jej u\u017cywa\u0107 osobno lub w\u0142o\u017cy\u0107 do brzuszka mi\u0119kkiej, pluszowej foczki.<\/p>\n<p>Cechy:<\/p>\n<ul>\n<li>Super mi\u0119kka foczka dla niemowl\u0105t, kt\u00f3ra pocieszy dziecko i pomo\u017ce mu zasn\u0105\u0107.<\/li>\n<li>do 26 minut koj\u0105cej melodii, bia\u0142ego szumu, 8 r\u00f3\u017cnych ko\u0142ysanek, 5 d\u017awi\u0119k\u00f3w natury.<\/li>\n<li>\u0141atwy w czyszczeniu materia\u0142, mo\u017cna pra\u0107 w pralce (samodzielna mi\u0119kka zabawka).<\/li>\n<li>K\u00f3\u0142eczko na zatrzask pozwoli powiesi\u0107 j\u0105 na \u0142\u00f3\u017ceczku, foteliku samochodowym, w\u00f3zku czy krzese\u0142ku.<\/li>\n<li>Posiada regulacj\u0119 g\u0142o\u015bno\u015bci.<\/li>\n<\/ul>\n<p>Wiek: 0M+.<\/p>\n<ul>\n<li>Wymiary opakowania: 24 x 27 x 12 cm.<\/li>\n<li>Wymiary pluszowej foczki: 24 x 11,5 cm<\/li>\n<\/ul>\n<p>Wymagane baterie: 2xAA (Zawarte w zestawie).<\/p>\n<\/section><\/div>\n<\/section>\n<section class=\"section\">\n<div class=\"item item-6\">\n<section class=\"image-item\">             <img decoding=\"async\" src=\"https:\/\/upload.cdn.baselinker.com\/products\/3029707\/30af2c3e65d8a5de75906f9a725ef958.jpg\" \/>         <\/section>\n<\/p><\/div>\n<div class=\"item item-6\">\n<section class=\"image-item\">             <img decoding=\"async\" src=\"https:\/\/upload.cdn.baselinker.com\/products\/3029707\/447f647dfc3fdec3f9ae6fd9dfe6ad50.jpg\" \/>         <\/section>\n<\/p><\/div>\n<\/section>\n<section class=\"section\">\n<div class=\"item item-6\">\n<section class=\"image-item\">             <img decoding=\"async\" src=\"https:\/\/upload.cdn.baselinker.com\/products\/3029707\/91fc8913cdfdfa628c6a95b1ef3e07a0.jpg\" \/>         <\/section>\n<\/p><\/div>\n<div class=\"item item-6\">\n<section class=\"image-item\">             <img decoding=\"async\" src=\"https:\/\/upload.cdn.baselinker.com\/products\/3029707\/d60181c3b8d9eb32aa81314729baefad.jpg\" \/>         <\/section>\n<\/p><\/div>\n<\/section>\n<section class=\"section\">\n<div class=\"item item-6\">\n<section class=\"image-item\">             <img decoding=\"async\" src=\"https:\/\/upload.cdn.baselinker.com\/products\/3029707\/9d4afbedc392e476ffaf0e79307a3e34.jpg\" \/>         <\/section>\n<\/p><\/div>\n<div class=\"item item-6\">\n<section class=\"image-item\">             <img decoding=\"async\" src=\"https:\/\/upload.cdn.baselinker.com\/products\/3029707\/13dd3029dac317270540b15efaa4e6de.jpg\" \/>         <\/section>\n<\/p><\/div>\n<\/section>\n<section class=\"section\">\n<div class=\"item item-12\">\n<section class=\"image-item\">             <img decoding=\"async\" src=\"https:\/\/upload.cdn.baselinker.com\/products\/3029707\/ef0415295ff3ea41ab38bd491e71b44d.jpg\" \/>         <\/section>\n<\/p><\/div>\n<\/section>\n<p><strong>Dodatkowe informacje:<\/strong><\/p>\n<ul>\n<li><strong>Producent: <\/strong>INFANTINO B KIDS INTERNATIONAL LIMITED  Flat\/Rm 1203, 12\/F, East Ocean Centre, 98 Granville Road TST East, Kowloon Hong Kong; customersupport@infantino.com<\/li>\n<li><strong>Podmiot odpowiedzialny za wprowadzenie produktu na rynek europejski:<\/strong>\u00a0Infantino B kids B.V. John M. Keynesplein 12-46 1066EP Amsterdam The Netherlands eu.info@infantino.com<\/li>\n<li><strong>Ostrze\u017cenia na opakowaniu: <\/strong><\/li>\n<li><strong>Instrukcja obs\u0142ugi jest:<\/strong> NIE<\/li>\n<li><strong>Kraj pochodzenia:<\/strong> CHINY<\/li>\n<\/ul>\n","protected":false},"excerpt":{"rendered":"<p>INFANTINO Lampka nocna 3 w 1 Foka Nr kat.: 302032 Ta urocza lampka nocna zawiera relaksuj\u0105ce d\u017awi\u0119ki, delikatne i uspokajaj\u0105ce<\/p>\n","protected":false},"featured_media":5414,"comment_status":"open","ping_status":"closed","template":"","meta":[],"product_brand":[],"product_cat":[16],"product_tag":[],"class_list":{"0":"post-5331","1":"product","2":"type-product","3":"status-publish","4":"has-post-thumbnail","6":"product_cat-import","8":"first","9":"instock","10":"shipping-taxable","11":"purchasable","12":"product-type-simple"},"_links":{"self":[{"href":"https:\/\/czas.m2web.pl\/index.php?rest_route=\/wp\/v2\/product\/5331","targetHints":{"allow":["GET"]}}],"collection":[{"href":"https:\/\/czas.m2web.pl\/index.php?rest_route=\/wp\/v2\/product"}],"about":[{"href":"https:\/\/czas.m2web.pl\/index.php?rest_route=\/wp\/v2\/types\/product"}],"replies":[{"embeddable":true,"href":"https:\/\/czas.m2web.pl\/index.php?rest_route=%2Fwp%2Fv2%2Fcomments&post=5331"}],"version-history":[{"count":0,"href":"https:\/\/czas.m2web.pl\/index.php?rest_route=\/wp\/v2\/product\/5331\/revisions"}],"wp:featuredmedia":[{"embeddable":true,"href":"https:\/\/czas.m2web.pl\/index.php?rest_route=\/wp\/v2\/media\/5414"}],"wp:attachment":[{"href":"https:\/\/czas.m2web.pl\/index.php?rest_route=%2Fwp%2Fv2%2Fmedia&parent=5331"}],"wp:term":[{"taxonomy":"product_brand","embeddable":true,"href":"https:\/\/czas.m2web.pl\/index.php?rest_route=%2Fwp%2Fv2%2Fproduct_brand&post=5331"},{"taxonomy":"product_cat","embeddable":true,"href":"https:\/\/czas.m2web.pl\/index.php?rest_route=%2Fwp%2Fv2%2Fproduct_cat&post=5331"},{"taxonomy":"product_tag","embeddable":true,"href":"https:\/\/czas.m2web.pl\/index.php?rest_route=%2Fwp%2Fv2%2Fproduct_tag&post=5331"}],"curies":[{"name":"wp","href":"https:\/\/api.w.org\/{rel}","templated":true}]}}