{"id":5388,"date":"2026-01-04T23:08:40","date_gmt":"2026-01-04T22:08:40","guid":{"rendered":"https:\/\/czas.m2web.pl\/?post_type=product&#038;p=5388"},"modified":"2026-01-04T23:08:47","modified_gmt":"2026-01-04T22:08:47","slug":"infantino-muzyczny-odkurzacz-jezyk-307015","status":"publish","type":"product","link":"https:\/\/czas.m2web.pl\/?product=infantino-muzyczny-odkurzacz-jezyk-307015","title":{"rendered":"Infantino Muzyczny odkurzacz je\u017cyk 307015"},"content":{"rendered":"<section class=\"section\">\n<div class=\"item item-6\">\n<section class=\"image-item\"><img decoding=\"async\" src=\"https:\/\/upload.cdn.baselinker.com\/products\/3029707\/7da869e1bd6a7cccfa9e2d5a273a7fef.jpg\"><\/section>\n<\/p><\/div>\n<div class=\"item item-6\">\n<section class=\"text-item\">\n<h1>Muzyczny odkurzacz je\u017cyk<\/h1>\n<h2>Infantino 307015<\/h2>\n<p>Je\u017cyk w kszta\u0142cie odkurzacza. Po naci\u015bni\u0119ciu przycisku na r\u0105czce zagra melodia, a kolorowe kuleczki b\u0119d\u0105 wirowa\u0107 w pr\u00f3\u017cniowym pojemniku, przyci\u0105gaj\u0105c wzrok dziecka.<\/p>\n<p>Po wprowadzeniu je\u017cyka w ruch uruchomi\u0105 si\u0119 r\u00f3wnie\u017c efekty \u015bwietlne.<\/p>\n<p>Efekty d\u017awi\u0119kowe dodatkowo zaanga\u017cuj\u0105 dziecko i zach\u0119c\u0105 do zabawy! \u0141atwa do chwytania r\u0105czka i lekkie k\u00f3\u0142ka umo\u017cliwi\u0105 zabaw\u0119 nawet najm\u0142odszym dzieciom \u0107wicz\u0105c koordynacj\u0119 ruchow\u0105 ju\u017c od wczesnych miesi\u0119cy.<\/p>\n<p>Odkurzacz posiada 2 tryby: wydaje d\u017awi\u0119k odkurzacza lub gra melodi\u0119.<\/p>\n<p>Po naci\u015bni\u0119ciu pod\u015bwietlanych przycisk\u00f3w zagraj\u0105 kr\u00f3tkie melodie.<\/p>\n<p>Wiek: 6M+.<\/p>\n<p>Wymagane baterie: 2xAA (zawarte w zestawie)<\/p>\n<\/section><\/div>\n<\/section>\n<section class=\"section\">\n<div class=\"item item-12\">\n<section class=\"image-item\"><img decoding=\"async\" src=\"https:\/\/upload.cdn.baselinker.com\/products\/3029707\/bd7ac4faf00ad6437ba8b3853e1d0008.jpg\"><\/section>\n<\/p><\/div>\n<\/section>\n<section class=\"section\">\n<div class=\"item item-6\">\n<section class=\"image-item\"><img decoding=\"async\" src=\"https:\/\/upload.cdn.baselinker.com\/products\/3029707\/4541f462b739fc840b5283bd22af297f.jpg\"><\/section>\n<\/p><\/div>\n<div class=\"item item-6\">\n<section class=\"image-item\"><img decoding=\"async\" src=\"https:\/\/upload.cdn.baselinker.com\/products\/3029707\/7da869e1bd6a7cccfa9e2d5a273a7fef.jpg\"><\/section>\n<\/p><\/div>\n<\/section>\n<section class=\"section\">\n<div class=\"item item-6\">\n<section class=\"image-item\"><img decoding=\"async\" src=\"https:\/\/upload.cdn.baselinker.com\/products\/3029707\/12fa4c5dc371871a3d3a2a0288ae08d2.jpg\"><\/section>\n<\/p><\/div>\n<div class=\"item item-6\">\n<section class=\"image-item\"><img decoding=\"async\" src=\"https:\/\/upload.cdn.baselinker.com\/products\/3029707\/2e7f8bb044f1873512c80278952a7322.jpg\"><\/section>\n<\/p><\/div>\n<\/section>\n<section class=\"section\">\n<div class=\"item item-6\">\n<section class=\"image-item\"><img decoding=\"async\" src=\"https:\/\/upload.cdn.baselinker.com\/products\/3029707\/542590717a3c32d2c955e841b54a2a32.jpg\"><\/section>\n<\/p><\/div>\n<div class=\"item item-6\">\n<section class=\"image-item\"><img decoding=\"async\" src=\"https:\/\/upload.cdn.baselinker.com\/products\/3029707\/969b1c4c0fab38592940beac92635a6a.jpg\"><\/section>\n<\/p><\/div>\n<\/section>\n<section class=\"section\">\n<div class=\"item item-12\">\n<section class=\"image-item\"><img decoding=\"async\" src=\"https:\/\/upload.cdn.baselinker.com\/products\/3029707\/e5045d2e47808951224bc6632c24f51c.jpg\"><\/section>\n<\/p><\/div>\n<\/section>\n<p><strong>Dodatkowe informacje:<\/strong><\/p>\n<ul>\n<li><strong>Producent: <\/strong>INFANTINO B KIDS INTERNATIONAL LIMITED  Flat\/Rm 1203, 12\/F, East Ocean Centre, 98 Granville Road TST East, Kowloon Hong Kong; customersupport@infantino.com<\/li>\n<li><strong>Podmiot odpowiedzialny za wprowadzenie produktu na rynek europejski:<\/strong>\u00a0Infantino B kids B.V. John M. Keynesplein 12-46 1066EP Amsterdam The Netherlands eu.info@infantino.com<\/li>\n<li><strong>Ostrze\u017cenia na opakowaniu: <\/strong><\/li>\n<li><strong>Instrukcja obs\u0142ugi jest:<\/strong> NIE<\/li>\n<li><strong>Kraj pochodzenia:<\/strong> CHINY<\/li>\n<\/ul>\n","protected":false},"excerpt":{"rendered":"<p>Muzyczny odkurzacz je\u017cyk Infantino 307015 Je\u017cyk w kszta\u0142cie odkurzacza. Po naci\u015bni\u0119ciu przycisku na r\u0105czce zagra melodia, a kolorowe kuleczki b\u0119d\u0105<\/p>\n","protected":false},"featured_media":5430,"comment_status":"open","ping_status":"closed","template":"","meta":[],"product_brand":[],"product_cat":[121,17],"product_tag":[],"class_list":{"0":"post-5388","1":"product","2":"type-product","3":"status-publish","4":"has-post-thumbnail","6":"product_cat-aktywne-i-edukacyjne","7":"product_cat-dla-najmlodszych","9":"first","10":"instock","11":"shipping-taxable","12":"purchasable","13":"product-type-simple"},"_links":{"self":[{"href":"https:\/\/czas.m2web.pl\/index.php?rest_route=\/wp\/v2\/product\/5388","targetHints":{"allow":["GET"]}}],"collection":[{"href":"https:\/\/czas.m2web.pl\/index.php?rest_route=\/wp\/v2\/product"}],"about":[{"href":"https:\/\/czas.m2web.pl\/index.php?rest_route=\/wp\/v2\/types\/product"}],"replies":[{"embeddable":true,"href":"https:\/\/czas.m2web.pl\/index.php?rest_route=%2Fwp%2Fv2%2Fcomments&post=5388"}],"version-history":[{"count":0,"href":"https:\/\/czas.m2web.pl\/index.php?rest_route=\/wp\/v2\/product\/5388\/revisions"}],"wp:featuredmedia":[{"embeddable":true,"href":"https:\/\/czas.m2web.pl\/index.php?rest_route=\/wp\/v2\/media\/5430"}],"wp:attachment":[{"href":"https:\/\/czas.m2web.pl\/index.php?rest_route=%2Fwp%2Fv2%2Fmedia&parent=5388"}],"wp:term":[{"taxonomy":"product_brand","embeddable":true,"href":"https:\/\/czas.m2web.pl\/index.php?rest_route=%2Fwp%2Fv2%2Fproduct_brand&post=5388"},{"taxonomy":"product_cat","embeddable":true,"href":"https:\/\/czas.m2web.pl\/index.php?rest_route=%2Fwp%2Fv2%2Fproduct_cat&post=5388"},{"taxonomy":"product_tag","embeddable":true,"href":"https:\/\/czas.m2web.pl\/index.php?rest_route=%2Fwp%2Fv2%2Fproduct_tag&post=5388"}],"curies":[{"name":"wp","href":"https:\/\/api.w.org\/{rel}","templated":true}]}}