{"id":5391,"date":"2026-01-04T23:08:40","date_gmt":"2026-01-04T22:08:40","guid":{"rendered":"https:\/\/czas.m2web.pl\/?post_type=product&#038;p=5391"},"modified":"2026-01-04T23:08:50","modified_gmt":"2026-01-04T22:08:50","slug":"infantino-nakrecany-gumowy-pingwin-kapielowy","status":"publish","type":"product","link":"https:\/\/czas.m2web.pl\/?product=infantino-nakrecany-gumowy-pingwin-kapielowy","title":{"rendered":"Infantino Nakr\u0119cany gumowy pingwin k\u0105pielowy"},"content":{"rendered":"<section class=\"section\">\n<div class=\"item item-6\">\n<section class=\"image-item\"><img decoding=\"async\" src=\"https:\/\/upload.cdn.baselinker.com\/products\/3029707\/26773652da551111a51acf5512e778a1.jpg\"><\/section>\n<\/p><\/div>\n<div class=\"item item-6\">\n<section class=\"text-item\">\n<h1>Nakr\u0119cany gumowy pingwin k\u0105pielowy<\/h1>\n<h1>Infantino 305094<\/h1>\n<p>Gumowy nakr\u0119cany pingwin. Dzia\u0142a dzi\u0119ki specjalnemu mechanizmowi.<\/p>\n<p>Wystarczy nakr\u0119ci\u0107 pingwinka i po\u0142o\u017cy\u0107 na wodzie. Jego n\u00f3\u017cki b\u0119d\u0105 si\u0119 porusza\u0107, a pingwinek b\u0119dzie p\u0142ywa\u0107 i unosi\u0107 si\u0119 na wodzie.<\/p>\n<ul>\n<li>Wiek: 4M+.<\/li>\n<li>Wymiary pingwinka: 9 x 7 cm.<\/li>\n<\/ul>\n<p>Wspania\u0142a zabawka dla dzieci lubi\u0105cych pluska\u0107 si\u0119 w wannie.<\/p>\n<\/section><\/div>\n<\/section>\n<section class=\"section\">\n<div class=\"item item-12\">\n<section class=\"image-item\"><img decoding=\"async\" src=\"https:\/\/upload.cdn.baselinker.com\/products\/3029707\/26773652da551111a51acf5512e778a1.jpg\"><\/section>\n<\/p><\/div>\n<\/section>\n<p><strong>Dodatkowe informacje:<\/strong><\/p>\n<ul>\n<li><strong>Producent: <\/strong>INFANTINO B KIDS INTERNATIONAL LIMITED  Flat\/Rm 1203, 12\/F, East Ocean Centre, 98 Granville Road TST East, Kowloon Hong Kong; customersupport@infantino.com<\/li>\n<li><strong>Podmiot odpowiedzialny za wprowadzenie produktu na rynek europejski:<\/strong>\u00a0Infantino B kids B.V. John M. Keynesplein 12-46 1066EP Amsterdam The Netherlands eu.info@infantino.com<\/li>\n<li><strong>Ostrze\u017cenia na opakowaniu: <\/strong><\/li>\n<li><strong>Instrukcja obs\u0142ugi jest:<\/strong> NIE<\/li>\n<li><strong>Kraj pochodzenia:<\/strong> CHINY<\/li>\n<\/ul>\n","protected":false},"excerpt":{"rendered":"<p>Nakr\u0119cany gumowy pingwin k\u0105pielowy Infantino 305094 Gumowy nakr\u0119cany pingwin. Dzia\u0142a dzi\u0119ki specjalnemu mechanizmowi. Wystarczy nakr\u0119ci\u0107 pingwinka i po\u0142o\u017cy\u0107 na wodzie.<\/p>\n","protected":false},"featured_media":5453,"comment_status":"open","ping_status":"closed","template":"","meta":[],"product_brand":[],"product_cat":[16],"product_tag":[],"class_list":{"0":"post-5391","1":"product","2":"type-product","3":"status-publish","4":"has-post-thumbnail","6":"product_cat-import","8":"first","9":"instock","10":"shipping-taxable","11":"purchasable","12":"product-type-simple"},"_links":{"self":[{"href":"https:\/\/czas.m2web.pl\/index.php?rest_route=\/wp\/v2\/product\/5391","targetHints":{"allow":["GET"]}}],"collection":[{"href":"https:\/\/czas.m2web.pl\/index.php?rest_route=\/wp\/v2\/product"}],"about":[{"href":"https:\/\/czas.m2web.pl\/index.php?rest_route=\/wp\/v2\/types\/product"}],"replies":[{"embeddable":true,"href":"https:\/\/czas.m2web.pl\/index.php?rest_route=%2Fwp%2Fv2%2Fcomments&post=5391"}],"version-history":[{"count":0,"href":"https:\/\/czas.m2web.pl\/index.php?rest_route=\/wp\/v2\/product\/5391\/revisions"}],"wp:featuredmedia":[{"embeddable":true,"href":"https:\/\/czas.m2web.pl\/index.php?rest_route=\/wp\/v2\/media\/5453"}],"wp:attachment":[{"href":"https:\/\/czas.m2web.pl\/index.php?rest_route=%2Fwp%2Fv2%2Fmedia&parent=5391"}],"wp:term":[{"taxonomy":"product_brand","embeddable":true,"href":"https:\/\/czas.m2web.pl\/index.php?rest_route=%2Fwp%2Fv2%2Fproduct_brand&post=5391"},{"taxonomy":"product_cat","embeddable":true,"href":"https:\/\/czas.m2web.pl\/index.php?rest_route=%2Fwp%2Fv2%2Fproduct_cat&post=5391"},{"taxonomy":"product_tag","embeddable":true,"href":"https:\/\/czas.m2web.pl\/index.php?rest_route=%2Fwp%2Fv2%2Fproduct_tag&post=5391"}],"curies":[{"name":"wp","href":"https:\/\/api.w.org\/{rel}","templated":true}]}}