{"id":5401,"date":"2026-01-04T23:08:40","date_gmt":"2026-01-04T22:08:40","guid":{"rendered":"https:\/\/czas.m2web.pl\/?post_type=product&#038;p=5401"},"modified":"2026-01-04T23:09:02","modified_gmt":"2026-01-04T22:09:02","slug":"infantino-sensoryczny-jezdzik-pchacz-slon-3-w-1","status":"publish","type":"product","link":"https:\/\/czas.m2web.pl\/?product=infantino-sensoryczny-jezdzik-pchacz-slon-3-w-1","title":{"rendered":"Infantino Sensoryczny Je\u017adzik pchacz s\u0142o\u0144 3 w 1"},"content":{"rendered":"<section class=\"section\">\n<div class=\"item item-6\">\n<section class=\"image-item\"><img decoding=\"async\" src=\"https:\/\/upload.cdn.baselinker.com\/products\/3029707\/6ac2b787eb1eca58b748e2335d1fbdc1.jpg\"><\/section>\n<\/p><\/div>\n<div class=\"item item-6\">\n<section class=\"text-item\">\n<h1>Sensoryczny je\u017adzik pchacz s\u0142o\u0144 3 w 1<\/h1>\n<p>Infantino 217023<\/p>\n<p>Tym je\u017adzikiem mo\u017cna si\u0119 bawi\u0107 na wiele r\u00f3\u017cnych sposob\u00f3w. Mo\u017cna go u\u017cywa\u0107 jako centrum zabawy (6M+), pchacz (12M+) lub je\u017adzik (16M+).<\/p>\n<p>Siedz\u0105ce dzieci ucz\u0105 si\u0119 kolor\u00f3w, kszta\u0142t\u00f3w i liczb na podstawie pod\u015bwietlanych przycisk\u00f3w i d\u017awi\u0119k\u00f3w. Gdy dziecko stawia pierwsze kroki, mo\u017ce trzyma\u0107 si\u0119 uchwytu z ty\u0142u siedziska.<\/p>\n<p>Siedzisko podnosi si\u0119 do chodzenia, a opuszcza si\u0119 do je\u017cd\u017cenia, zawiera r\u00f3wnie\u017c schowek na pi\u0142ki.<\/p>\n<p>Je\u017adzik s\u0142o\u0144 gra 3 weso\u0142e melodie oraz wydaje 20 efekt\u00f3w d\u017awi\u0119kowych i \u015bwietlnych. Posiada mi\u0119kkie uszy z wypustkami do chwytania i gryzienia. Pr\u0119dko\u015b\u0107 k\u00f3\u0142 mo\u017cna regulowa\u0107 dla pocz\u0105tkuj\u0105cych i zaawansowanych spacerowicz\u00f3w.<\/p>\n<p>Je\u017adzik zawiera 5 kolorowych pi\u0142ek, kt\u00f3re mo\u017cna umie\u015bci\u0107 w koszyku na przodzie lub w schowku pod siedziskiem. Je\u017adzik zbiera rozrzucone pi\u0142eczki, a nast\u0119pnie wyrzuca je na pod\u0142og\u0119 lub do koszyka.<\/p>\n<p>Zalety: rozwija umiej\u0119tno\u015bci, wyobra\u017ani\u0119, \u0107wiczy koordynacj\u0119 ruchow\u0105 dziecka. Weso\u0142e kolory przyci\u0105gn\u0105 uwag\u0119 ka\u017cdego maluszka.<\/p>\n<ul>\n<li>Wymiary opakowania: szer. 60,5 cm, wys. 40,5 cm. g\u0142. 20 cm.<\/li>\n<li>Zabawka wymaga 2 baterii 1,5V AA \u2013 brak w zestawie.<\/li>\n<li>Wiek 6M+.<\/li>\n<\/ul>\n<\/section><\/div>\n<\/section>\n<section class=\"section\">\n<div class=\"item item-12\">\n<section class=\"image-item\"><img decoding=\"async\" src=\"https:\/\/upload.cdn.baselinker.com\/products\/3029707\/d65ef4d3e61af1e47118fb063ab1f083.jpg\"><\/section>\n<\/p><\/div>\n<\/section>\n<section class=\"section\">\n<div class=\"item item-6\">\n<section class=\"image-item\"><img decoding=\"async\" src=\"https:\/\/upload.cdn.baselinker.com\/products\/3029707\/82987ac7e7dac12b02aec598fba8053f.jpg\"><\/section>\n<\/p><\/div>\n<div class=\"item item-6\">\n<section class=\"image-item\"><img decoding=\"async\" src=\"https:\/\/upload.cdn.baselinker.com\/products\/3029707\/e4601fefc2a13ed4616adc0b9458f4a4.jpg\"><\/section>\n<\/p><\/div>\n<\/section>\n<section class=\"section\">\n<div class=\"item item-6\">\n<section class=\"image-item\"><img decoding=\"async\" src=\"https:\/\/upload.cdn.baselinker.com\/products\/3029707\/b4ca131a73b26a1b52efd024fea73e40.jpg\"><\/section>\n<\/p><\/div>\n<div class=\"item item-6\">\n<section class=\"image-item\"><img decoding=\"async\" src=\"https:\/\/upload.cdn.baselinker.com\/products\/3029707\/00f6216b50c980a4e9c1a12f14834e84.jpg\"><\/section>\n<\/p><\/div>\n<\/section>\n<section class=\"section\">\n<div class=\"item item-6\">\n<section class=\"image-item\"><img decoding=\"async\" src=\"https:\/\/upload.cdn.baselinker.com\/products\/3029707\/be9bb10cadc7f4ee73e145f925f4209a.jpg\"><\/section>\n<\/p><\/div>\n<div class=\"item item-6\">\n<section class=\"image-item\"><img decoding=\"async\" src=\"https:\/\/upload.cdn.baselinker.com\/products\/3029707\/9e2c369006a3469068793a3d2599bbe1.jpg\"><\/section>\n<\/p><\/div>\n<\/section>\n<section class=\"section\">\n<div class=\"item item-12\">\n<section class=\"image-item\"><img decoding=\"async\" src=\"https:\/\/upload.cdn.baselinker.com\/products\/3029707\/6ac2b787eb1eca58b748e2335d1fbdc1.jpg\"><\/section>\n<\/p><\/div>\n<\/section>\n<section class=\"section\">\n<div class=\"item item-12\">\n<section class=\"image-item\"><img decoding=\"async\" src=\"https:\/\/upload.cdn.baselinker.com\/products\/3029707\/4019db63284bb6f083030d74fe8d8398.jpg\"><\/section>\n<\/p><\/div>\n<\/section>\n<p><strong>Dodatkowe informacje:<\/strong><\/p>\n<ul>\n<li><strong>Producent: <\/strong>INFANTINO B KIDS INTERNATIONAL LIMITED  Flat\/Rm 1203, 12\/F, East Ocean Centre, 98 Granville Road TST East, Kowloon Hong Kong; customersupport@infantino.com<\/li>\n<li><strong>Podmiot odpowiedzialny za wprowadzenie produktu na rynek europejski:<\/strong>\u00a0Infantino B kids B.V. John M. Keynesplein 12-46 1066EP Amsterdam The Netherlands eu.info@infantino.com<\/li>\n<li><strong>Ostrze\u017cenia na opakowaniu: <\/strong><\/li>\n<li><strong>Instrukcja obs\u0142ugi jest:<\/strong> NIE<\/li>\n<li><strong>Kraj pochodzenia:<\/strong> CHINY<\/li>\n<\/ul>\n","protected":false},"excerpt":{"rendered":"<p>Sensoryczny je\u017adzik pchacz s\u0142o\u0144 3 w 1 Infantino 217023 Tym je\u017adzikiem mo\u017cna si\u0119 bawi\u0107 na wiele r\u00f3\u017cnych sposob\u00f3w. Mo\u017cna go<\/p>\n","protected":false},"featured_media":5508,"comment_status":"open","ping_status":"closed","template":"","meta":[],"product_brand":[],"product_cat":[965,417],"product_tag":[],"class_list":{"0":"post-5401","1":"product","2":"type-product","3":"status-publish","4":"has-post-thumbnail","6":"product_cat-jezdziki","7":"product_cat-zabawki-outdoorowe","9":"first","10":"instock","11":"shipping-taxable","12":"purchasable","13":"product-type-simple"},"_links":{"self":[{"href":"https:\/\/czas.m2web.pl\/index.php?rest_route=\/wp\/v2\/product\/5401","targetHints":{"allow":["GET"]}}],"collection":[{"href":"https:\/\/czas.m2web.pl\/index.php?rest_route=\/wp\/v2\/product"}],"about":[{"href":"https:\/\/czas.m2web.pl\/index.php?rest_route=\/wp\/v2\/types\/product"}],"replies":[{"embeddable":true,"href":"https:\/\/czas.m2web.pl\/index.php?rest_route=%2Fwp%2Fv2%2Fcomments&post=5401"}],"version-history":[{"count":0,"href":"https:\/\/czas.m2web.pl\/index.php?rest_route=\/wp\/v2\/product\/5401\/revisions"}],"wp:featuredmedia":[{"embeddable":true,"href":"https:\/\/czas.m2web.pl\/index.php?rest_route=\/wp\/v2\/media\/5508"}],"wp:attachment":[{"href":"https:\/\/czas.m2web.pl\/index.php?rest_route=%2Fwp%2Fv2%2Fmedia&parent=5401"}],"wp:term":[{"taxonomy":"product_brand","embeddable":true,"href":"https:\/\/czas.m2web.pl\/index.php?rest_route=%2Fwp%2Fv2%2Fproduct_brand&post=5401"},{"taxonomy":"product_cat","embeddable":true,"href":"https:\/\/czas.m2web.pl\/index.php?rest_route=%2Fwp%2Fv2%2Fproduct_cat&post=5401"},{"taxonomy":"product_tag","embeddable":true,"href":"https:\/\/czas.m2web.pl\/index.php?rest_route=%2Fwp%2Fv2%2Fproduct_tag&post=5401"}],"curies":[{"name":"wp","href":"https:\/\/api.w.org\/{rel}","templated":true}]}}