{"id":5402,"date":"2026-01-04T23:08:40","date_gmt":"2026-01-04T22:08:40","guid":{"rendered":"https:\/\/czas.m2web.pl\/?post_type=product&#038;p=5402"},"modified":"2026-01-04T23:09:04","modified_gmt":"2026-01-04T22:09:04","slug":"infantino-aktywny-kwiatek-z-przyssawka-mlyn-216571","status":"publish","type":"product","link":"https:\/\/czas.m2web.pl\/?product=infantino-aktywny-kwiatek-z-przyssawka-mlyn-216571","title":{"rendered":"Infantino Aktywny kwiatek z przyssawk\u0105 m\u0142yn 216571"},"content":{"rendered":"<section class=\"section\">\n<div class=\"item item-6\">\n<section class=\"image-item\"><img decoding=\"async\" src=\"https:\/\/upload.cdn.baselinker.com\/products\/3029707\/58a032a25692b7d7cc14c76f52feb240.jpg\"><\/section>\n<\/p><\/div>\n<div class=\"item item-6\">\n<section class=\"text-item\">\n<h1>Aktywny kwiatek z przyssawk\u0105<\/h1>\n<p>Infantino 216571<\/p>\n<p>Maluchy b\u0119d\u0105 si\u0119 wspaniale bawi\u0107, obracaj\u0105c kwiatek z kolorowymi p\u0142atkami. Ka\u017cdy p\u0142atek zawiera niespodziank\u0119 \u2013 obracaj\u0105c\u0105 si\u0119 pszczo\u0142\u0119, kr\u0119c\u0105cego si\u0119 motyla, grzechotk\u0119, tekstury, lusterko. Przy kr\u0119ceniu zabawka wydaje terkocz\u0105cy d\u017awi\u0119k. W centrum m\u0142yna umieszczona jest obracaj\u0105ca si\u0119 kulka z barwnymi koralikami.<\/p>\n<p>\u017bywe kolory i wzory zach\u0119c\u0105 dziecko do chwytania, kr\u0119cenia i potrz\u0105sania. Zabawka wyposa\u017cona jest w przyssawk\u0119 umo\u017cliwiaj\u0105c\u0105 umocowanie na g\u0142adkim blacie \u2013 idealna przy posi\u0142ku.<\/p>\n<ul>\n<li>Wymiary opakowania: szer. 16 cm, wys. 24 cm, g\u0142. 6 cm.<\/li>\n<li>Wymiary kwiatka: wys. 21 cm x 14,5 cm.<\/li>\n<li>Wiek: 3m+<\/li>\n<li><b>UWAGA: kolor kwiatka jak na 2 zdj\u0119ciu (w opakowaniu).<\/b><\/li>\n<\/ul>\n<\/section><\/div>\n<\/section>\n<section class=\"section\">\n<div class=\"item item-12\">\n<section class=\"image-item\"><img decoding=\"async\" src=\"https:\/\/upload.cdn.baselinker.com\/products\/3029707\/cf5445cb45b0a351253e72a54bd0b934.jpg\"><\/section>\n<\/p><\/div>\n<\/section>\n<section class=\"section\">\n<div class=\"item item-12\">\n<section class=\"image-item\"><img decoding=\"async\" src=\"https:\/\/upload.cdn.baselinker.com\/products\/3029707\/6ecaefd0fec46a9b16572f0accb1ff09.jpg\"><\/section>\n<\/p><\/div>\n<\/section>\n<p><strong>Dodatkowe informacje:<\/strong><\/p>\n<ul>\n<li><strong>Producent: <\/strong>INFANTINO B KIDS INTERNATIONAL LIMITED  Flat\/Rm 1203, 12\/F, East Ocean Centre, 98 Granville Road TST East, Kowloon Hong Kong; customersupport@infantino.com<\/li>\n<li><strong>Podmiot odpowiedzialny za wprowadzenie produktu na rynek europejski:<\/strong>\u00a0Infantino B kids B.V. John M. Keynesplein 12-46 1066EP Amsterdam The Netherlands eu.info@infantino.com<\/li>\n<li><strong>Ostrze\u017cenia na opakowaniu: <\/strong><\/li>\n<li><strong>Instrukcja obs\u0142ugi jest:<\/strong> NIE<\/li>\n<li><strong>Kraj pochodzenia:<\/strong> CHINY<\/li>\n<\/ul>\n","protected":false},"excerpt":{"rendered":"<p>Aktywny kwiatek z przyssawk\u0105 Infantino 216571 Maluchy b\u0119d\u0105 si\u0119 wspaniale bawi\u0107, obracaj\u0105c kwiatek z kolorowymi p\u0142atkami. Ka\u017cdy p\u0142atek zawiera niespodziank\u0119<\/p>\n","protected":false},"featured_media":5517,"comment_status":"open","ping_status":"closed","template":"","meta":[],"product_brand":[],"product_cat":[16],"product_tag":[],"class_list":{"0":"post-5402","1":"product","2":"type-product","3":"status-publish","4":"has-post-thumbnail","6":"product_cat-import","8":"first","9":"instock","10":"shipping-taxable","11":"purchasable","12":"product-type-simple"},"_links":{"self":[{"href":"https:\/\/czas.m2web.pl\/index.php?rest_route=\/wp\/v2\/product\/5402","targetHints":{"allow":["GET"]}}],"collection":[{"href":"https:\/\/czas.m2web.pl\/index.php?rest_route=\/wp\/v2\/product"}],"about":[{"href":"https:\/\/czas.m2web.pl\/index.php?rest_route=\/wp\/v2\/types\/product"}],"replies":[{"embeddable":true,"href":"https:\/\/czas.m2web.pl\/index.php?rest_route=%2Fwp%2Fv2%2Fcomments&post=5402"}],"version-history":[{"count":0,"href":"https:\/\/czas.m2web.pl\/index.php?rest_route=\/wp\/v2\/product\/5402\/revisions"}],"wp:featuredmedia":[{"embeddable":true,"href":"https:\/\/czas.m2web.pl\/index.php?rest_route=\/wp\/v2\/media\/5517"}],"wp:attachment":[{"href":"https:\/\/czas.m2web.pl\/index.php?rest_route=%2Fwp%2Fv2%2Fmedia&parent=5402"}],"wp:term":[{"taxonomy":"product_brand","embeddable":true,"href":"https:\/\/czas.m2web.pl\/index.php?rest_route=%2Fwp%2Fv2%2Fproduct_brand&post=5402"},{"taxonomy":"product_cat","embeddable":true,"href":"https:\/\/czas.m2web.pl\/index.php?rest_route=%2Fwp%2Fv2%2Fproduct_cat&post=5402"},{"taxonomy":"product_tag","embeddable":true,"href":"https:\/\/czas.m2web.pl\/index.php?rest_route=%2Fwp%2Fv2%2Fproduct_tag&post=5402"}],"curies":[{"name":"wp","href":"https:\/\/api.w.org\/{rel}","templated":true}]}}