{"id":5410,"date":"2026-01-04T23:08:40","date_gmt":"2026-01-04T22:08:40","guid":{"rendered":"https:\/\/czas.m2web.pl\/?post_type=product&#038;p=5410"},"modified":"2026-01-04T23:09:14","modified_gmt":"2026-01-04T22:09:14","slug":"infantino-miekkie-pianinko-z-poduszka-3-w-1-313021","status":"publish","type":"product","link":"https:\/\/czas.m2web.pl\/?product=infantino-miekkie-pianinko-z-poduszka-3-w-1-313021","title":{"rendered":"Infantino Mi\u0119kkie pianinko z poduszk\u0105 3 w 1 313021"},"content":{"rendered":"<section class=\"section\">\n<div class=\"item item-6\">\n<section class=\"image-item\"><img decoding=\"async\" src=\"https:\/\/upload.cdn.baselinker.com\/products\/3029707\/e11aff2bd112de9d97973de5e2820764.jpg\"><\/section>\n<\/p><\/div>\n<div class=\"item item-6\">\n<section class=\"text-item\">\n<h1>Mi\u0119kkie pianinko z poduszk\u0105 3 w 1.<\/h1>\n<h2>Infantino 313021<\/h2>\n<p>Mi\u0119kkie pianinko ze zwierz\u0105tkami, kt\u00f3re mo\u017cna umocowa\u0107 do \u0142\u00f3\u017ceczka dzi\u0119ki tasiemkom.<\/p>\n<p>Pianinko ro\u015bnie wraz z dzieckiem i oferuje 3 sposoby na zabaw\u0119. Zach\u0119ca maluszka do kopania (dziecko uruchamia w\u00f3wczas r\u00f3\u017cne, ciekawe d\u017awi\u0119ki), sp\u0119dzania czasu na brzuszku oraz siedzenia i zabawy.<\/p>\n<p>Zaprojektowane z my\u015bl\u0105 o dziecku: 35 d\u017awi\u0119k\u00f3w, w tym odg\u0142osy zwierz\u0105t, pobudzaj\u0105 i stymuluj\u0105 zmys\u0142y s\u0142uchowe dziecka.<\/p>\n<p>Dodatkowa poduszka w kszta\u0142cie rogala b\u0119dzie idealna do zabawy na brzuszku. Zabawka zawiera lusterko oraz gryzaczek, kt\u00f3re mo\u017cna odczepi\u0107 i u\u017cywa\u0107 jako osobne zabawki.<\/p>\n<p>Pianinko jest kompaktowe, \u0142atwe do przechowywania i zabierania w podr\u00f3\u017c.<\/p>\n<ul>\n<li>Wymagane baterie: 3&#215;1,5 V (brak w zestawie).<\/li>\n<li>Wiek: 0M+.<\/li>\n<li>Wymiary opakowania: szer. 43 cm x wys. 30,5 x 7,5 cm.<\/li>\n<\/ul>\n<\/section><\/div>\n<\/section>\n<section class=\"section\">\n<div class=\"item item-12\">\n<section class=\"image-item\"><img decoding=\"async\" src=\"https:\/\/upload.cdn.baselinker.com\/products\/3029707\/69fdb6c48478d519847fc964451c389f.jpg\"><\/section>\n<\/p><\/div>\n<\/section>\n<section class=\"section\">\n<div class=\"item item-12\">\n<section class=\"image-item\"><img decoding=\"async\" src=\"https:\/\/upload.cdn.baselinker.com\/products\/3029707\/ee4c60859c6afdbda56f5712d212487b.jpg\"><\/section>\n<\/p><\/div>\n<\/section>\n<section class=\"section\">\n<div class=\"item item-6\">\n<section class=\"image-item\"><img decoding=\"async\" src=\"https:\/\/upload.cdn.baselinker.com\/products\/3029707\/b03c0b67ce59bf1250f7a3d54a2c22e0.jpg\"><\/section>\n<\/p><\/div>\n<div class=\"item item-6\">\n<section class=\"image-item\"><img decoding=\"async\" src=\"https:\/\/upload.cdn.baselinker.com\/products\/3029707\/22c9fd74e96f89cdc4521c8801fbe6e6.jpg\"><\/section>\n<\/p><\/div>\n<\/section>\n<section class=\"section\">\n<div class=\"item item-6\">\n<section class=\"image-item\"><img decoding=\"async\" src=\"https:\/\/upload.cdn.baselinker.com\/products\/3029707\/52661d8f8229aac0eef483d8e96db263.jpg\"><\/section>\n<\/p><\/div>\n<div class=\"item item-6\">\n<section class=\"image-item\"><img decoding=\"async\" src=\"https:\/\/upload.cdn.baselinker.com\/products\/3029707\/f82079d92ce5c97c6a8df00584e29b51.jpg\"><\/section>\n<\/p><\/div>\n<\/section>\n<section class=\"section\">\n<div class=\"item item-6\">\n<section class=\"image-item\"><img decoding=\"async\" src=\"https:\/\/upload.cdn.baselinker.com\/products\/3029707\/8323761b623065417cd3fef3320a8256.jpg\"><\/section>\n<\/p><\/div>\n<div class=\"item item-6\">\n<section class=\"image-item\"><img decoding=\"async\" src=\"https:\/\/upload.cdn.baselinker.com\/products\/3029707\/6a22958f651720528f7d826a5e8ad8b9.jpg\"><\/section>\n<\/p><\/div>\n<\/section>\n<section class=\"section\">\n<div class=\"item item-12\">\n<section class=\"image-item\"><img decoding=\"async\" src=\"https:\/\/upload.cdn.baselinker.com\/products\/3029707\/1704edc164beea3537ea45af253a620c.jpg\"><\/section>\n<\/p><\/div>\n<\/section>\n<section class=\"section\">\n<div class=\"item item-12\">\n<section class=\"image-item\"><img decoding=\"async\" src=\"https:\/\/upload.cdn.baselinker.com\/products\/3029707\/95f414c15814fa32c3652efac6938fbc.jpg\"><\/section>\n<\/p><\/div>\n<\/section>\n<p><strong>Dodatkowe informacje:<\/strong><\/p>\n<ul>\n<li><strong>Producent: <\/strong>INFANTINO B KIDS INTERNATIONAL LIMITED  Flat\/Rm 1203, 12\/F, East Ocean Centre, 98 Granville Road TST East, Kowloon Hong Kong; customersupport@infantino.com<\/li>\n<li><strong>Podmiot odpowiedzialny za wprowadzenie produktu na rynek europejski:<\/strong>\u00a0Infantino B kids B.V. John M. Keynesplein 12-46 1066EP Amsterdam The Netherlands eu.info@infantino.com<\/li>\n<li><strong>Ostrze\u017cenia na opakowaniu: <\/strong><\/li>\n<li><strong>Instrukcja obs\u0142ugi jest:<\/strong> NIE<\/li>\n<li><strong>Kraj pochodzenia:<\/strong> CHINY<\/li>\n<\/ul>\n","protected":false},"excerpt":{"rendered":"<p>Mi\u0119kkie pianinko z poduszk\u0105 3 w 1. Infantino 313021 Mi\u0119kkie pianinko ze zwierz\u0105tkami, kt\u00f3re mo\u017cna umocowa\u0107 do \u0142\u00f3\u017ceczka dzi\u0119ki tasiemkom.<\/p>\n","protected":false},"featured_media":5552,"comment_status":"open","ping_status":"closed","template":"","meta":[],"product_brand":[],"product_cat":[121,17],"product_tag":[],"class_list":{"0":"post-5410","1":"product","2":"type-product","3":"status-publish","4":"has-post-thumbnail","6":"product_cat-aktywne-i-edukacyjne","7":"product_cat-dla-najmlodszych","9":"first","10":"instock","11":"shipping-taxable","12":"purchasable","13":"product-type-simple"},"_links":{"self":[{"href":"https:\/\/czas.m2web.pl\/index.php?rest_route=\/wp\/v2\/product\/5410","targetHints":{"allow":["GET"]}}],"collection":[{"href":"https:\/\/czas.m2web.pl\/index.php?rest_route=\/wp\/v2\/product"}],"about":[{"href":"https:\/\/czas.m2web.pl\/index.php?rest_route=\/wp\/v2\/types\/product"}],"replies":[{"embeddable":true,"href":"https:\/\/czas.m2web.pl\/index.php?rest_route=%2Fwp%2Fv2%2Fcomments&post=5410"}],"version-history":[{"count":0,"href":"https:\/\/czas.m2web.pl\/index.php?rest_route=\/wp\/v2\/product\/5410\/revisions"}],"wp:featuredmedia":[{"embeddable":true,"href":"https:\/\/czas.m2web.pl\/index.php?rest_route=\/wp\/v2\/media\/5552"}],"wp:attachment":[{"href":"https:\/\/czas.m2web.pl\/index.php?rest_route=%2Fwp%2Fv2%2Fmedia&parent=5410"}],"wp:term":[{"taxonomy":"product_brand","embeddable":true,"href":"https:\/\/czas.m2web.pl\/index.php?rest_route=%2Fwp%2Fv2%2Fproduct_brand&post=5410"},{"taxonomy":"product_cat","embeddable":true,"href":"https:\/\/czas.m2web.pl\/index.php?rest_route=%2Fwp%2Fv2%2Fproduct_cat&post=5410"},{"taxonomy":"product_tag","embeddable":true,"href":"https:\/\/czas.m2web.pl\/index.php?rest_route=%2Fwp%2Fv2%2Fproduct_tag&post=5410"}],"curies":[{"name":"wp","href":"https:\/\/api.w.org\/{rel}","templated":true}]}}