{"id":5413,"date":"2026-01-04T23:08:40","date_gmt":"2026-01-04T22:08:40","guid":{"rendered":"https:\/\/czas.m2web.pl\/?post_type=product&#038;p=5413"},"modified":"2026-01-04T23:09:18","modified_gmt":"2026-01-04T22:09:18","slug":"infantino-klasyczne-miekkie-klocki-do-budowania","status":"publish","type":"product","link":"https:\/\/czas.m2web.pl\/?product=infantino-klasyczne-miekkie-klocki-do-budowania","title":{"rendered":"Infantino Klasyczne mi\u0119kkie klocki do budowania"},"content":{"rendered":"<section class=\"section\">\n<div class=\"item item-6\">\n<section class=\"image-item\"><img decoding=\"async\" src=\"https:\/\/upload.cdn.baselinker.com\/products\/3029707\/4e4ca5f9e1a423910ff5f49095bebf32.jpg\"><\/section>\n<\/p><\/div>\n<div class=\"item item-6\">\n<section class=\"text-item\">\n<h1>Klasyczne, mi\u0119kkie klocki do budowania 12 szt.<\/h1>\n<p>Infantino 315058<\/p>\n<p>W zestawie znajduje si\u0119 12 mi\u0119kkich, klasycznych klock\u00f3w w r\u00f3\u017cnych kolorach.<\/p>\n<p>Maluszki polubi\u0105 \u015bciskanie i uk\u0142adanie tych klock\u00f3w na r\u00f3\u017cne sposoby.<\/p>\n<p>Mi\u0119kkie klocki konstrukcyjne s\u0105 \u0142atwe do uchwycenia, zapewni\u0105 nieko\u0144cz\u0105c\u0105 si\u0119 zabaw\u0119 i pobudz\u0105 wyobra\u017ani\u0119 dziecka. \u015awietnie nadaj\u0105 si\u0119 r\u00f3wnie\u017c do nauki kolor\u00f3w i liczenia.<\/p>\n<p>Zapakowane w przezroczyst\u0105 torb\u0119 zapinan\u0105 na zamek.<\/p>\n<ul>\n<li>Wiek: 0m+.<\/li>\n<li>wymiary opakowania: 19,5 x 21 x 6 cm.<\/li>\n<\/ul>\n<\/section><\/div>\n<\/section>\n<section class=\"section\">\n<div class=\"item item-12\">\n<section class=\"image-item\"><img decoding=\"async\" src=\"https:\/\/upload.cdn.baselinker.com\/products\/3029707\/4e4ca5f9e1a423910ff5f49095bebf32.jpg\"><\/section>\n<\/p><\/div>\n<\/section>\n<section class=\"section\">\n<div class=\"item item-12\">\n<section class=\"image-item\"><img decoding=\"async\" src=\"https:\/\/upload.cdn.baselinker.com\/products\/3029707\/9805b8c78e5da9df1e5111a399db9392.jpg\"><\/section>\n<\/p><\/div>\n<\/section>\n<section class=\"section\">\n<div class=\"item item-12\">\n<section class=\"image-item\"><img decoding=\"async\" src=\"https:\/\/upload.cdn.baselinker.com\/products\/3029707\/ffcf8fe0e281daeaab8a7709b04f3dc8.jpg\"><\/section>\n<\/p><\/div>\n<\/section>\n<p><strong>Dodatkowe informacje:<\/strong><\/p>\n<ul>\n<li><strong>Producent: <\/strong>INFANTINO B KIDS INTERNATIONAL LIMITED  Flat\/Rm 1203, 12\/F, East Ocean Centre, 98 Granville Road TST East, Kowloon Hong Kong; customersupport@infantino.com<\/li>\n<li><strong>Podmiot odpowiedzialny za wprowadzenie produktu na rynek europejski:<\/strong>\u00a0Infantino B kids B.V. John M. Keynesplein 12-46 1066EP Amsterdam The Netherlands eu.info@infantino.com<\/li>\n<li><strong>Ostrze\u017cenia na opakowaniu: <\/strong><\/li>\n<li><strong>Instrukcja obs\u0142ugi jest:<\/strong> NIE<\/li>\n<li><strong>Kraj pochodzenia:<\/strong> CHINY<\/li>\n<\/ul>\n","protected":false},"excerpt":{"rendered":"<p>Klasyczne, mi\u0119kkie klocki do budowania 12 szt. Infantino 315058 W zestawie znajduje si\u0119 12 mi\u0119kkich, klasycznych klock\u00f3w w r\u00f3\u017cnych kolorach.<\/p>\n","protected":false},"featured_media":5575,"comment_status":"open","ping_status":"closed","template":"","meta":[],"product_brand":[],"product_cat":[121,17],"product_tag":[],"class_list":{"0":"post-5413","1":"product","2":"type-product","3":"status-publish","4":"has-post-thumbnail","6":"product_cat-aktywne-i-edukacyjne","7":"product_cat-dla-najmlodszych","9":"first","10":"instock","11":"shipping-taxable","12":"purchasable","13":"product-type-simple"},"_links":{"self":[{"href":"https:\/\/czas.m2web.pl\/index.php?rest_route=\/wp\/v2\/product\/5413","targetHints":{"allow":["GET"]}}],"collection":[{"href":"https:\/\/czas.m2web.pl\/index.php?rest_route=\/wp\/v2\/product"}],"about":[{"href":"https:\/\/czas.m2web.pl\/index.php?rest_route=\/wp\/v2\/types\/product"}],"replies":[{"embeddable":true,"href":"https:\/\/czas.m2web.pl\/index.php?rest_route=%2Fwp%2Fv2%2Fcomments&post=5413"}],"version-history":[{"count":0,"href":"https:\/\/czas.m2web.pl\/index.php?rest_route=\/wp\/v2\/product\/5413\/revisions"}],"wp:featuredmedia":[{"embeddable":true,"href":"https:\/\/czas.m2web.pl\/index.php?rest_route=\/wp\/v2\/media\/5575"}],"wp:attachment":[{"href":"https:\/\/czas.m2web.pl\/index.php?rest_route=%2Fwp%2Fv2%2Fmedia&parent=5413"}],"wp:term":[{"taxonomy":"product_brand","embeddable":true,"href":"https:\/\/czas.m2web.pl\/index.php?rest_route=%2Fwp%2Fv2%2Fproduct_brand&post=5413"},{"taxonomy":"product_cat","embeddable":true,"href":"https:\/\/czas.m2web.pl\/index.php?rest_route=%2Fwp%2Fv2%2Fproduct_cat&post=5413"},{"taxonomy":"product_tag","embeddable":true,"href":"https:\/\/czas.m2web.pl\/index.php?rest_route=%2Fwp%2Fv2%2Fproduct_tag&post=5413"}],"curies":[{"name":"wp","href":"https:\/\/api.w.org\/{rel}","templated":true}]}}