{"id":5491,"date":"2026-01-04T23:09:00","date_gmt":"2026-01-04T22:09:00","guid":{"rendered":"https:\/\/czas.m2web.pl\/?post_type=product&#038;p=5491"},"modified":"2026-01-04T23:09:21","modified_gmt":"2026-01-04T22:09:21","slug":"infantino-krzeselko-do-karmienia-4w1-lisek-203008","status":"publish","type":"product","link":"https:\/\/czas.m2web.pl\/?product=infantino-krzeselko-do-karmienia-4w1-lisek-203008","title":{"rendered":"INFANTINO Krzese\u0142ko do karmienia 4w1 LISEK 203008"},"content":{"rendered":"<section class=\"section\">\n<div class=\"item item-6\">\n<section class=\"image-item\">             <img decoding=\"async\" src=\"https:\/\/upload.cdn.baselinker.com\/products\/3029707\/d45b327da3a99da3391d1964de64c265.jpg\" \/>         <\/section>\n<\/p><\/div>\n<div class=\"item item-6\">\n<section class=\"text-item\">\n<h1>INFANTINO Krzese\u0142ko do karmienia LISEK 4 w 1<\/h1>\n<p>Nr kat.: 203008<\/p>\n<p>Krzese\u0142ko mo\u017cna u\u017cywa\u0107 na r\u00f3\u017cne sposoby. B\u0119dzie idealne do odpoczynku, zabawy i karmienia. Posiada te\u017c tack\u0119 z przegr\u00f3dkami o r\u00f3\u017cnych kszta\u0142tach, kt\u00f3r\u0105 mo\u017cna \u0142atwo wyci\u0105gn\u0105\u0107 i umy\u0107 w zmywarce. Po\u0142o\u017cenie tacy oraz oparcie krzese\u0142ka s\u0105 regulowane.<\/p>\n<p>Mi\u0119kka, poduszkowa wy\u015bci\u00f3\u0142ka z g\u0105bk\u0105 tapicersk\u0105 zapewni komfort siedzenia i b\u0119dzie \u0142atwa do wyczyszczenia. K\u00f3\u0142ka na przednich n\u00f3\u017ckach u\u0142atwi\u0105 sterowanie krzese\u0142kiem.<\/p>\n<p>Oparcie odchyla si\u0119 i dopasowuje do plec\u00f3w. Wysoko\u015b\u0107 podstawki na n\u00f3\u017cki jest regulowana. Krzese\u0142ko zawiera system pask\u00f3w bezpiecze\u0144stwa.<\/p>\n<p>S\u0105 4 sposoby u\u017cytkowania:<\/p>\n<ul>\n<li>rozk\u0142adane krzese\u0142ko do karmienia,<\/li>\n<li>tryb fotelika wspomagaj\u0105cego (siedzisko przymocowane do krzes\u0142a kuchennego z tack\u0105 do jedzenia),<\/li>\n<li>tryb fotelika wspomagaj\u0105cego dla wi\u0119kszego dziecka,<\/li>\n<li>krzes\u0142o malucha \u2013 75 cm wys.<\/li>\n<\/ul>\n<p>Maksymalne wymiary krzese\u0142ka po roz\u0142o\u017ceniu: wys: 106 cm, podstawa: 60 x 79 cm.<\/p>\n<ul>\n<li>Wiek: 6M-36M<\/li>\n<li>Waga: do 15 kg<\/li>\n<\/ul>\n<\/section><\/div>\n<\/section>\n<section class=\"section\">\n<div class=\"item item-6\">\n<section class=\"image-item\">             <img decoding=\"async\" src=\"https:\/\/upload.cdn.baselinker.com\/products\/3029707\/d45b327da3a99da3391d1964de64c265.jpg\" \/>         <\/section>\n<\/p><\/div>\n<div class=\"item item-6\">\n<section class=\"image-item\">             <img decoding=\"async\" src=\"https:\/\/upload.cdn.baselinker.com\/products\/3029707\/7809a94fc093a682bea75a36a58b8f15.jpg\" \/>         <\/section>\n<\/p><\/div>\n<\/section>\n<section class=\"section\">\n<div class=\"item item-6\">\n<section class=\"image-item\">             <img decoding=\"async\" src=\"https:\/\/upload.cdn.baselinker.com\/products\/3029707\/894c95ccf2535735b6c1f56fba95315c.jpg\" \/>         <\/section>\n<\/p><\/div>\n<div class=\"item item-6\">\n<section class=\"image-item\">             <img decoding=\"async\" src=\"https:\/\/upload.cdn.baselinker.com\/products\/3029707\/3c049a5c84bb40558b8ab6139af309f1.jpg\" \/>         <\/section>\n<\/p><\/div>\n<\/section>\n<section class=\"section\">\n<div class=\"item item-6\">\n<section class=\"image-item\">             <img decoding=\"async\" src=\"https:\/\/upload.cdn.baselinker.com\/products\/3029707\/22f034cfaa875b259567f52ee551b701.jpg\" \/>         <\/section>\n<\/p><\/div>\n<div class=\"item item-6\">\n<section class=\"image-item\">             <img decoding=\"async\" src=\"https:\/\/upload.cdn.baselinker.com\/products\/3029707\/5223a214b35b63e2b62e854acd72f09e.jpg\" \/>         <\/section>\n<\/p><\/div>\n<\/section>\n<section class=\"section\">\n<div class=\"item item-6\">\n<section class=\"image-item\">             <img decoding=\"async\" src=\"https:\/\/upload.cdn.baselinker.com\/products\/3029707\/09f7aa7710e9b370889d98a82faa8d24.jpg\" \/>         <\/section>\n<\/p><\/div>\n<div class=\"item item-6\">\n<section class=\"image-item\">             <img decoding=\"async\" src=\"https:\/\/upload.cdn.baselinker.com\/products\/3029707\/9181f953b1ff7b6e59a33cc1a8ccb35a.jpg\" \/>         <\/section>\n<\/p><\/div>\n<\/section>\n<section class=\"section\">\n<div class=\"item item-6\">\n<section class=\"image-item\">             <img decoding=\"async\" src=\"https:\/\/upload.cdn.baselinker.com\/products\/3029707\/078450937da22d4b2e9aafc15ba8cc46.jpg\" \/>         <\/section>\n<\/p><\/div>\n<div class=\"item item-6\">\n<section class=\"image-item\">             <img decoding=\"async\" src=\"https:\/\/upload.cdn.baselinker.com\/products\/3029707\/b4156ed11e738e7db85ec6249014afb1.jpg\" \/>         <\/section>\n<\/p><\/div>\n<\/section>\n<section class=\"section\">\n<div class=\"item item-6\">\n<section class=\"image-item\">             <img decoding=\"async\" src=\"https:\/\/upload.cdn.baselinker.com\/products\/3029707\/19025c97d17fe4ff32841a40b4c9630b.jpg\" \/>         <\/section>\n<\/p><\/div>\n<div class=\"item item-6\">\n<section class=\"image-item\">             <img decoding=\"async\" src=\"https:\/\/upload.cdn.baselinker.com\/products\/3029707\/35cbf0c4057507ba937c478d74d60487.jpg\" \/>         <\/section>\n<\/p><\/div>\n<\/section>\n<section class=\"section\">\n<div class=\"item item-6\">\n<section class=\"image-item\">             <img decoding=\"async\" src=\"https:\/\/upload.cdn.baselinker.com\/products\/3029707\/9428719cdb9ad3b9be60cd4190691cf0.jpg\" \/>         <\/section>\n<\/p><\/div>\n<div class=\"item item-6\">\n<section class=\"image-item\">             <img decoding=\"async\" src=\"https:\/\/upload.cdn.baselinker.com\/products\/3029707\/5819573dbe1f98e90b8d3e2cd754d0c6.jpg\" \/>         <\/section>\n<\/p><\/div>\n<\/section>\n<p><strong>Dodatkowe informacje:<\/strong><\/p>\n<ul>\n<li><strong>Producent: <\/strong>INFANTINO B KIDS INTERNATIONAL LIMITED  Flat\/Rm 1203, 12\/F, East Ocean Centre, 98 Granville Road TST East, Kowloon Hong Kong; customersupport@infantino.com<\/li>\n<li><strong>Podmiot odpowiedzialny za wprowadzenie produktu na rynek europejski:<\/strong>\u00a0Infantino B kids B.V. John M. Keynesplein 12-46 1066EP Amsterdam The Netherlands eu.info@infantino.com<\/li>\n<li><strong>Ostrze\u017cenia na opakowaniu: <\/strong><\/li>\n<li><strong>Instrukcja obs\u0142ugi jest:<\/strong> NIE<\/li>\n<li><strong>Kraj pochodzenia:<\/strong> CHINY<\/li>\n<\/ul>\n","protected":false},"excerpt":{"rendered":"<p>INFANTINO Krzese\u0142ko do karmienia LISEK 4 w 1 Nr kat.: 203008 Krzese\u0142ko mo\u017cna u\u017cywa\u0107 na r\u00f3\u017cne sposoby. B\u0119dzie idealne do<\/p>\n","protected":false},"featured_media":5578,"comment_status":"open","ping_status":"closed","template":"","meta":[],"product_brand":[],"product_cat":[1657,17],"product_tag":[],"class_list":{"0":"post-5491","1":"product","2":"type-product","3":"status-publish","4":"has-post-thumbnail","6":"product_cat-chodziki-stoliki-i-krzeselka","7":"product_cat-dla-najmlodszych","9":"first","10":"instock","11":"shipping-taxable","12":"purchasable","13":"product-type-simple"},"_links":{"self":[{"href":"https:\/\/czas.m2web.pl\/index.php?rest_route=\/wp\/v2\/product\/5491","targetHints":{"allow":["GET"]}}],"collection":[{"href":"https:\/\/czas.m2web.pl\/index.php?rest_route=\/wp\/v2\/product"}],"about":[{"href":"https:\/\/czas.m2web.pl\/index.php?rest_route=\/wp\/v2\/types\/product"}],"replies":[{"embeddable":true,"href":"https:\/\/czas.m2web.pl\/index.php?rest_route=%2Fwp%2Fv2%2Fcomments&post=5491"}],"version-history":[{"count":0,"href":"https:\/\/czas.m2web.pl\/index.php?rest_route=\/wp\/v2\/product\/5491\/revisions"}],"wp:featuredmedia":[{"embeddable":true,"href":"https:\/\/czas.m2web.pl\/index.php?rest_route=\/wp\/v2\/media\/5578"}],"wp:attachment":[{"href":"https:\/\/czas.m2web.pl\/index.php?rest_route=%2Fwp%2Fv2%2Fmedia&parent=5491"}],"wp:term":[{"taxonomy":"product_brand","embeddable":true,"href":"https:\/\/czas.m2web.pl\/index.php?rest_route=%2Fwp%2Fv2%2Fproduct_brand&post=5491"},{"taxonomy":"product_cat","embeddable":true,"href":"https:\/\/czas.m2web.pl\/index.php?rest_route=%2Fwp%2Fv2%2Fproduct_cat&post=5491"},{"taxonomy":"product_tag","embeddable":true,"href":"https:\/\/czas.m2web.pl\/index.php?rest_route=%2Fwp%2Fv2%2Fproduct_tag&post=5491"}],"curies":[{"name":"wp","href":"https:\/\/api.w.org\/{rel}","templated":true}]}}