{"id":5492,"date":"2026-01-04T23:09:00","date_gmt":"2026-01-04T22:09:00","guid":{"rendered":"https:\/\/czas.m2web.pl\/?post_type=product&#038;p=5492"},"modified":"2026-01-04T23:09:24","modified_gmt":"2026-01-04T22:09:24","slug":"infantino-interaktywny-pchacz-chodzik-3w1-konik","status":"publish","type":"product","link":"https:\/\/czas.m2web.pl\/?product=infantino-interaktywny-pchacz-chodzik-3w1-konik","title":{"rendered":"Infantino Interaktywny pchacz, chodzik 3w1 Konik"},"content":{"rendered":"<section class=\"section\">\n<div class=\"item item-6\">\n<section class=\"image-item\"><img decoding=\"async\" src=\"https:\/\/upload.cdn.baselinker.com\/products\/3029707\/7db7917a5e8996d31c473640f14924e6.jpg\"><\/section>\n<\/p><\/div>\n<div class=\"item item-6\">\n<section class=\"text-item\">\n<h1>Interaktywny Chodzik KONIK 3 w 1<\/h1>\n<p>Infantino 315126<\/p>\n<p><b>To muzyczne centrum zabawy w jednej chwili mo\u017ce zamieni\u0107 si\u0119 w edukacyjny chodzik, muzyczny st\u00f3\u0142 lub centrum do zabawy dla dziecka siedz\u0105cego lub le\u017c\u0105cego na brzuszku.<\/b><\/p>\n<p>Klawiatura posiada dwa tryby:<\/p>\n<p>1) klawisze wygrywaj\u0105 5 weso\u0142ych melodii,<\/p>\n<p>2) klawisze emituj\u0105 pojedyncze d\u017awi\u0119ki.<\/p>\n<p>Podczas zabawy migaj\u0105 3 kolorowe \u015bwiate\u0142ka LED.<\/p>\n<p><b>Przyciski o r\u00f3\u017cnych kszta\u0142tach wydaj\u0105 weso\u0142e d\u017awi\u0119ki np: perkusji, b\u0119benka, grzechocz\u0105cych koralik\u00f3w, galopuj\u0105cego konika.<\/b><\/p>\n<p><b>Mn\u00f3stwo pomys\u0142\u00f3w na zabaw\u0119 stymuluj\u0105c\u0105 rozw\u00f3j dziecka.<\/b><\/p>\n<p>Zabawka posiada 2 tryby g\u0142o\u015bno\u015bci oraz uchwyt do wygodnego transportu. Sk\u0142ada si\u0119 na p\u0142asko dla \u0142atwego przechowywania.<\/p>\n<ul>\n<li>Wymagane baterie: 3 x 1,5V \u2013 brak w zestawie.<\/li>\n<li>Wymiary opakowania: 49,5 x 44,5 x 22 cm.<\/li>\n<li>Wiek: 6M+.<\/li>\n<\/ul>\n<\/section><\/div>\n<\/section>\n<section class=\"section\">\n<div class=\"item item-12\">\n<section class=\"image-item\"><img decoding=\"async\" src=\"https:\/\/upload.cdn.baselinker.com\/products\/3029707\/7db7917a5e8996d31c473640f14924e6.jpg\"><\/section>\n<\/p><\/div>\n<\/section>\n<section class=\"section\">\n<div class=\"item item-6\">\n<section class=\"image-item\"><img decoding=\"async\" src=\"https:\/\/upload.cdn.baselinker.com\/products\/3029707\/efb76f16049da5fccd070b1eeb05defb.jpg\"><\/section>\n<\/p><\/div>\n<div class=\"item item-6\">\n<section class=\"image-item\"><img decoding=\"async\" src=\"https:\/\/upload.cdn.baselinker.com\/products\/3029707\/57de115e34f72bfe90ea98fdcbe13900.jpg\"><\/section>\n<\/p><\/div>\n<\/section>\n<section class=\"section\">\n<div class=\"item item-12\">\n<section class=\"image-item\"><img decoding=\"async\" src=\"https:\/\/upload.cdn.baselinker.com\/products\/3029707\/39f4b1aaac6295c3c2c21a439cfae2a1.jpg\"><\/section>\n<\/p><\/div>\n<\/section>\n<section class=\"section\">\n<div class=\"item item-12\">\n<section class=\"image-item\"><img decoding=\"async\" src=\"https:\/\/upload.cdn.baselinker.com\/products\/3029707\/2ccf4ef8a0103d47a9707a0166c564d2.jpg\"><\/section>\n<\/p><\/div>\n<\/section>\n<section class=\"section\">\n<div class=\"item item-12\">\n<section class=\"image-item\"><img decoding=\"async\" src=\"https:\/\/upload.cdn.baselinker.com\/products\/3029707\/e328d08124deb5901dfc966eb24dd649.jpg\"><\/section>\n<\/p><\/div>\n<\/section>\n<section class=\"section\">\n<div class=\"item item-12\">\n<section class=\"image-item\"><img decoding=\"async\" src=\"https:\/\/upload.cdn.baselinker.com\/products\/3029707\/7db7917a5e8996d31c473640f14924e6.jpg\"><\/section>\n<\/p><\/div>\n<\/section>\n<section class=\"section\">\n<div class=\"item item-12\">\n<section class=\"image-item\"><img decoding=\"async\" src=\"https:\/\/upload.cdn.baselinker.com\/products\/3029707\/05722f319d7c449fbe4033edd623d8c1.jpg\"><\/section>\n<\/p><\/div>\n<\/section>\n<p><strong>Dodatkowe informacje:<\/strong><\/p>\n<ul>\n<li><strong>Producent: <\/strong>INFANTINO B KIDS INTERNATIONAL LIMITED  Flat\/Rm 1203, 12\/F, East Ocean Centre, 98 Granville Road TST East, Kowloon Hong Kong; customersupport@infantino.com<\/li>\n<li><strong>Podmiot odpowiedzialny za wprowadzenie produktu na rynek europejski:<\/strong>\u00a0Infantino B kids B.V. John M. Keynesplein 12-46 1066EP Amsterdam The Netherlands eu.info@infantino.com<\/li>\n<li><strong>Ostrze\u017cenia na opakowaniu: <\/strong><\/li>\n<li><strong>Instrukcja obs\u0142ugi jest:<\/strong> NIE<\/li>\n<li><strong>Kraj pochodzenia:<\/strong> CHINY<\/li>\n<\/ul>\n","protected":false},"excerpt":{"rendered":"<p>Interaktywny Chodzik KONIK 3 w 1 Infantino 315126 To muzyczne centrum zabawy w jednej chwili mo\u017ce zamieni\u0107 si\u0119 w edukacyjny<\/p>\n","protected":false},"featured_media":5608,"comment_status":"open","ping_status":"closed","template":"","meta":[],"product_brand":[],"product_cat":[1657,17],"product_tag":[],"class_list":{"0":"post-5492","1":"product","2":"type-product","3":"status-publish","4":"has-post-thumbnail","6":"product_cat-chodziki-stoliki-i-krzeselka","7":"product_cat-dla-najmlodszych","9":"first","10":"instock","11":"shipping-taxable","12":"purchasable","13":"product-type-simple"},"_links":{"self":[{"href":"https:\/\/czas.m2web.pl\/index.php?rest_route=\/wp\/v2\/product\/5492","targetHints":{"allow":["GET"]}}],"collection":[{"href":"https:\/\/czas.m2web.pl\/index.php?rest_route=\/wp\/v2\/product"}],"about":[{"href":"https:\/\/czas.m2web.pl\/index.php?rest_route=\/wp\/v2\/types\/product"}],"replies":[{"embeddable":true,"href":"https:\/\/czas.m2web.pl\/index.php?rest_route=%2Fwp%2Fv2%2Fcomments&post=5492"}],"version-history":[{"count":0,"href":"https:\/\/czas.m2web.pl\/index.php?rest_route=\/wp\/v2\/product\/5492\/revisions"}],"wp:featuredmedia":[{"embeddable":true,"href":"https:\/\/czas.m2web.pl\/index.php?rest_route=\/wp\/v2\/media\/5608"}],"wp:attachment":[{"href":"https:\/\/czas.m2web.pl\/index.php?rest_route=%2Fwp%2Fv2%2Fmedia&parent=5492"}],"wp:term":[{"taxonomy":"product_brand","embeddable":true,"href":"https:\/\/czas.m2web.pl\/index.php?rest_route=%2Fwp%2Fv2%2Fproduct_brand&post=5492"},{"taxonomy":"product_cat","embeddable":true,"href":"https:\/\/czas.m2web.pl\/index.php?rest_route=%2Fwp%2Fv2%2Fproduct_cat&post=5492"},{"taxonomy":"product_tag","embeddable":true,"href":"https:\/\/czas.m2web.pl\/index.php?rest_route=%2Fwp%2Fv2%2Fproduct_tag&post=5492"}],"curies":[{"name":"wp","href":"https:\/\/api.w.org\/{rel}","templated":true}]}}