{"id":5495,"date":"2026-01-04T23:09:01","date_gmt":"2026-01-04T22:09:01","guid":{"rendered":"https:\/\/czas.m2web.pl\/?post_type=product&#038;p=5495"},"modified":"2026-01-04T23:09:26","modified_gmt":"2026-01-04T22:09:26","slug":"infantino-grzechotka-gryzaczek-krab-304889-og","status":"publish","type":"product","link":"https:\/\/czas.m2web.pl\/?product=infantino-grzechotka-gryzaczek-krab-304889-og","title":{"rendered":"Infantino Grzechotka gryzaczek krab 304889 OG"},"content":{"rendered":"<section class=\"section\">\n<div class=\"item item-6\">\n<section class=\"image-item\"><img decoding=\"async\" src=\"https:\/\/upload.cdn.baselinker.com\/products\/3029707\/805ae6d52958b9621c8293b1f74e99b7.jpg\"><\/section>\n<\/p><\/div>\n<div class=\"item item-6\">\n<section class=\"text-item\">\n<h1>Grzechotka krab z gryzaczkami<\/h1>\n<p>Infantino 304889<\/p>\n<p>Grzechotka przyci\u0105gnie wzrok dziecka \u017cywymi kolorami. N\u00f3\u017cki kraba to gryzaczki z wypustkami, kt\u00f3re przynios\u0105 ulg\u0119 podra\u017cnionym dzi\u0105s\u0142om maluszka. Szczypce to grzechotki z kolorowymi kuleczkami. Zabawka posiada uchwyt do trzymania w r\u0105czce.<\/p>\n<ul>\n<li>Wiek: 0M+.<\/li>\n<li>Wymiary kraba: 12,5 x 9 cm.<\/li>\n<li>Kolor: pomara\u0144czowy.<\/li>\n<\/ul>\n<\/section><\/div>\n<\/section>\n<section class=\"section\">\n<div class=\"item item-6\">\n<section class=\"image-item\"><img decoding=\"async\" src=\"https:\/\/upload.cdn.baselinker.com\/products\/3029707\/83abceba1ddafc7a67b39c773df44c28.jpg\"><\/section>\n<\/p><\/div>\n<div class=\"item item-6\">\n<section class=\"image-item\"><img decoding=\"async\" src=\"https:\/\/upload.cdn.baselinker.com\/products\/3029707\/805ae6d52958b9621c8293b1f74e99b7.jpg\"><\/section>\n<\/p><\/div>\n<\/section>\n<p><strong>Dodatkowe informacje:<\/strong><\/p>\n","protected":false},"excerpt":{"rendered":"<p>Grzechotka krab z gryzaczkami Infantino 304889 Grzechotka przyci\u0105gnie wzrok dziecka \u017cywymi kolorami. N\u00f3\u017cki kraba to gryzaczki z wypustkami, kt\u00f3re przynios\u0105<\/p>\n","protected":false},"featured_media":5620,"comment_status":"open","ping_status":"closed","template":"","meta":[],"product_brand":[],"product_cat":[17,3302],"product_tag":[],"class_list":{"0":"post-5495","1":"product","2":"type-product","3":"status-publish","4":"has-post-thumbnail","6":"product_cat-dla-najmlodszych","7":"product_cat-grzechotki-i-gryzaczki","9":"first","10":"instock","11":"shipping-taxable","12":"purchasable","13":"product-type-simple"},"_links":{"self":[{"href":"https:\/\/czas.m2web.pl\/index.php?rest_route=\/wp\/v2\/product\/5495","targetHints":{"allow":["GET"]}}],"collection":[{"href":"https:\/\/czas.m2web.pl\/index.php?rest_route=\/wp\/v2\/product"}],"about":[{"href":"https:\/\/czas.m2web.pl\/index.php?rest_route=\/wp\/v2\/types\/product"}],"replies":[{"embeddable":true,"href":"https:\/\/czas.m2web.pl\/index.php?rest_route=%2Fwp%2Fv2%2Fcomments&post=5495"}],"version-history":[{"count":0,"href":"https:\/\/czas.m2web.pl\/index.php?rest_route=\/wp\/v2\/product\/5495\/revisions"}],"wp:featuredmedia":[{"embeddable":true,"href":"https:\/\/czas.m2web.pl\/index.php?rest_route=\/wp\/v2\/media\/5620"}],"wp:attachment":[{"href":"https:\/\/czas.m2web.pl\/index.php?rest_route=%2Fwp%2Fv2%2Fmedia&parent=5495"}],"wp:term":[{"taxonomy":"product_brand","embeddable":true,"href":"https:\/\/czas.m2web.pl\/index.php?rest_route=%2Fwp%2Fv2%2Fproduct_brand&post=5495"},{"taxonomy":"product_cat","embeddable":true,"href":"https:\/\/czas.m2web.pl\/index.php?rest_route=%2Fwp%2Fv2%2Fproduct_cat&post=5495"},{"taxonomy":"product_tag","embeddable":true,"href":"https:\/\/czas.m2web.pl\/index.php?rest_route=%2Fwp%2Fv2%2Fproduct_tag&post=5495"}],"curies":[{"name":"wp","href":"https:\/\/api.w.org\/{rel}","templated":true}]}}