{"id":5497,"date":"2026-01-04T23:09:01","date_gmt":"2026-01-04T22:09:01","guid":{"rendered":"https:\/\/czas.m2web.pl\/?post_type=product&#038;p=5497"},"modified":"2026-01-04T23:09:28","modified_gmt":"2026-01-04T22:09:28","slug":"infantino-kapielowe-zwierzatka-do-przyklejania-6-sztuk-305096","status":"publish","type":"product","link":"https:\/\/czas.m2web.pl\/?product=infantino-kapielowe-zwierzatka-do-przyklejania-6-sztuk-305096","title":{"rendered":"INFANTINO K\u0105pielowe zwierz\u0105tka do przyklejania &#8211; 6 sztuk 305096"},"content":{"rendered":"<section class=\"section\">\n<div class=\"item item-6\">\n<section class=\"image-item\">             <img decoding=\"async\" src=\"https:\/\/upload.cdn.baselinker.com\/products\/3029707\/a920eb376c5203043069ea15b30c3e0a.jpg\" \/>         <\/section>\n<\/p><\/div>\n<div class=\"item item-6\">\n<section class=\"text-item\">\n<h1>INFANTINO K\u0105pielowe zwierz\u0105tka do przyklejania &#8211; 6 sztuk<\/h1>\n<p>Nr kat.: 305096<\/p>\n<p>Sze\u015b\u0107 r\u00f3\u017cnych, piankowych zwierz\u0105tek (12 cz\u0119\u015bci) do przyklejania podczas k\u0105pieli.<\/p>\n<p>Zwierz\u0105tka unosz\u0105 si\u0119 na wodzie, a tak\u017ce przyklejaj\u0105 si\u0119 do wanny oraz p\u0142ytek, gdy s\u0105 mokre. Mo\u017cna miesza\u0107 i tworzy\u0107 r\u00f3\u017cne kombinacje, poniewa\u017c zwierz\u0105tka sk\u0142adaj\u0105 si\u0119 z oddzielnych element\u00f3w.<\/p>\n<p>W zestawie siateczka z przyssawkami na k\u0105pielowe zabawki, kt\u00f3r\u0105 mocuje si\u0119 do p\u0142ytek na \u015bcianie.<\/p>\n<p>Idealna zabawka na czas k\u0105pieli.<\/p>\n<ul>\n<li>Wiek: 4m+.<\/li>\n<li>Wymiary opakowania: 21,5 x 20,5 x 4 cm.<\/li>\n<li>Wymiary zwierz\u0105tka: 12,5 x 9,5 cm.<\/li>\n<\/ul>\n<\/section><\/div>\n<\/section>\n<section class=\"section\">\n<div class=\"item item-12\">\n<section class=\"image-item\">             <img decoding=\"async\" src=\"https:\/\/upload.cdn.baselinker.com\/products\/3029707\/7db768ef7be23e50a755d8f6a4edc1f3.jpg\" \/>         <\/section>\n<\/p><\/div>\n<\/section>\n<section class=\"section\">\n<div class=\"item item-12\">\n<section class=\"image-item\">             <img decoding=\"async\" src=\"https:\/\/upload.cdn.baselinker.com\/products\/3029707\/7e4c1836ef97be00990ee18c011f2337.jpg\" \/>         <\/section>\n<\/p><\/div>\n<\/section>\n<section class=\"section\">\n<div class=\"item item-12\">\n<section class=\"image-item\">             <img decoding=\"async\" src=\"https:\/\/upload.cdn.baselinker.com\/products\/3029707\/e379425bfad0971bafc0dc5f482b213a.jpg\" \/>         <\/section>\n<\/p><\/div>\n<\/section>\n<p><strong>Dodatkowe informacje:<\/strong><\/p>\n<ul>\n<li><strong>Producent: <\/strong>INFANTINO B KIDS INTERNATIONAL LIMITED  Flat\/Rm 1203, 12\/F, East Ocean Centre, 98 Granville Road TST East, Kowloon Hong Kong; customersupport@infantino.com<\/li>\n<li><strong>Podmiot odpowiedzialny za wprowadzenie produktu na rynek europejski:<\/strong>\u00a0Infantino B kids B.V. John M. Keynesplein 12-46 1066EP Amsterdam The Netherlands eu.info@infantino.com<\/li>\n<li><strong>Ostrze\u017cenia na opakowaniu: <\/strong><\/li>\n<li><strong>Instrukcja obs\u0142ugi jest:<\/strong> NIE<\/li>\n<li><strong>Kraj pochodzenia:<\/strong> CHINY<\/li>\n<\/ul>\n","protected":false},"excerpt":{"rendered":"<p>INFANTINO K\u0105pielowe zwierz\u0105tka do przyklejania &#8211; 6 sztuk Nr kat.: 305096 Sze\u015b\u0107 r\u00f3\u017cnych, piankowych zwierz\u0105tek (12 cz\u0119\u015bci) do przyklejania podczas<\/p>\n","protected":false},"featured_media":5625,"comment_status":"open","ping_status":"closed","template":"","meta":[],"product_brand":[],"product_cat":[17,1226],"product_tag":[],"class_list":{"0":"post-5497","1":"product","2":"type-product","3":"status-publish","4":"has-post-thumbnail","6":"product_cat-dla-najmlodszych","7":"product_cat-zabawki-do-kapieli","9":"first","10":"instock","11":"shipping-taxable","12":"purchasable","13":"product-type-simple"},"_links":{"self":[{"href":"https:\/\/czas.m2web.pl\/index.php?rest_route=\/wp\/v2\/product\/5497","targetHints":{"allow":["GET"]}}],"collection":[{"href":"https:\/\/czas.m2web.pl\/index.php?rest_route=\/wp\/v2\/product"}],"about":[{"href":"https:\/\/czas.m2web.pl\/index.php?rest_route=\/wp\/v2\/types\/product"}],"replies":[{"embeddable":true,"href":"https:\/\/czas.m2web.pl\/index.php?rest_route=%2Fwp%2Fv2%2Fcomments&post=5497"}],"version-history":[{"count":0,"href":"https:\/\/czas.m2web.pl\/index.php?rest_route=\/wp\/v2\/product\/5497\/revisions"}],"wp:featuredmedia":[{"embeddable":true,"href":"https:\/\/czas.m2web.pl\/index.php?rest_route=\/wp\/v2\/media\/5625"}],"wp:attachment":[{"href":"https:\/\/czas.m2web.pl\/index.php?rest_route=%2Fwp%2Fv2%2Fmedia&parent=5497"}],"wp:term":[{"taxonomy":"product_brand","embeddable":true,"href":"https:\/\/czas.m2web.pl\/index.php?rest_route=%2Fwp%2Fv2%2Fproduct_brand&post=5497"},{"taxonomy":"product_cat","embeddable":true,"href":"https:\/\/czas.m2web.pl\/index.php?rest_route=%2Fwp%2Fv2%2Fproduct_cat&post=5497"},{"taxonomy":"product_tag","embeddable":true,"href":"https:\/\/czas.m2web.pl\/index.php?rest_route=%2Fwp%2Fv2%2Fproduct_tag&post=5497"}],"curies":[{"name":"wp","href":"https:\/\/api.w.org\/{rel}","templated":true}]}}