{"id":5503,"date":"2026-01-04T23:09:01","date_gmt":"2026-01-04T22:09:01","guid":{"rendered":"https:\/\/czas.m2web.pl\/?post_type=product&#038;p=5503"},"modified":"2026-01-04T23:09:36","modified_gmt":"2026-01-04T22:09:36","slug":"infantino-zawieszka-ksiazeczka-z-gryzakiem-5362","status":"publish","type":"product","link":"https:\/\/czas.m2web.pl\/?product=infantino-zawieszka-ksiazeczka-z-gryzakiem-5362","title":{"rendered":"INFANTINO Zawieszka ksi\u0105\u017ceczka z gryzakiem 5362"},"content":{"rendered":"<section class=\"section\">\n<div class=\"item item-6\">\n<section class=\"image-item\">             <img decoding=\"async\" src=\"https:\/\/upload.cdn.baselinker.com\/products\/3029707\/da9f5bd8991232b2932d4ca5a35d7956.jpg\" \/>         <\/section>\n<\/p><\/div>\n<div class=\"item item-6\">\n<section class=\"text-item\">\n<h1>INFANTINO Zawieszka ksi\u0105\u017ceczka z gryzakiem<\/h1>\n<p>Nr kat.: 5362N<\/p>\n<p>Ciekawie zaprojektowana, mi\u0119kka ksi\u0105\u017ceczka jest w sam raz na ka\u017cd\u0105 podr\u00f3\u017c. Wyposa\u017cona jest w gryzaczek o r\u00f3\u017cnych fakturach.<\/p>\n<p>Strony ksi\u0105\u017ceczki wykonane z mi\u0119kkiej tkaniny. Ka\u017cda z nich zawiera kolorowe obrazki przedstawiaj\u0105ce weso\u0142e zwierz\u0105tka.\u00a0Na ok\u0142adce pod postaci\u0105 ptaszka ukryta jest piszcza\u0142ka.<\/p>\n<p>Podczas zabawy ksi\u0105\u017ceczka szele\u015bci, co z pewno\u015bci\u0105 zaciekawi maluszka.<\/p>\n<p>Ksi\u0105\u017ceczka posiada k\u00f3\u0142eczko\u00a0z zaczepem\u00a0i tasiemk\u0105, kt\u00f3re s\u0142u\u017cy do mocowania zabawki w dowolnym miejscu (do w\u00f3zka lub fotelika).<\/p>\n<ul>\n<li>Wiek: 0M+.<\/li>\n<li>Wymiary ksi\u0105\u017ceczki: 10 cm x 10 cm.<\/li>\n<\/ul>\n<\/section><\/div>\n<\/section>\n<section class=\"section\">\n<div class=\"item item-6\">\n<section class=\"image-item\">             <img decoding=\"async\" src=\"https:\/\/upload.cdn.baselinker.com\/products\/3029707\/ddaa94c2304bd71ba365a02640dcf757.jpg\" \/>         <\/section>\n<\/p><\/div>\n<div class=\"item item-6\">\n<section class=\"image-item\">             <img decoding=\"async\" src=\"https:\/\/upload.cdn.baselinker.com\/products\/3029707\/7e301e2fdb96312e811d542ffd4d4b63.jpg\" \/>         <\/section>\n<\/p><\/div>\n<\/section>\n<section class=\"section\">\n<div class=\"item item-6\">\n<section class=\"image-item\">             <img decoding=\"async\" src=\"https:\/\/upload.cdn.baselinker.com\/products\/3029707\/922122bf48d89cdac9b579727afa107a.jpg\" \/>         <\/section>\n<\/p><\/div>\n<div class=\"item item-6\">\n<section class=\"image-item\">             <img decoding=\"async\" src=\"https:\/\/upload.cdn.baselinker.com\/products\/3029707\/4910534296e5a52e2cc19be766a39632.jpg\" \/>         <\/section>\n<\/p><\/div>\n<\/section>\n<section class=\"section\">\n<div class=\"item item-6\">\n<section class=\"image-item\">             <img decoding=\"async\" src=\"https:\/\/upload.cdn.baselinker.com\/products\/3029707\/202177e56fd3b31180c395de65fbcf03.jpg\" \/>         <\/section>\n<\/p><\/div>\n<div class=\"item item-6\">\n<section class=\"image-item\">             <img decoding=\"async\" src=\"https:\/\/upload.cdn.baselinker.com\/products\/3029707\/62a8f62e5172bc9e703f0bcdc5cbff9d.jpg\" \/>         <\/section>\n<\/p><\/div>\n<\/section>\n<section class=\"section\">\n<div class=\"item item-12\">\n<section class=\"image-item\">             <img decoding=\"async\" src=\"https:\/\/upload.cdn.baselinker.com\/products\/3029707\/da9f5bd8991232b2932d4ca5a35d7956.jpg\" \/>         <\/section>\n<\/p><\/div>\n<\/section>\n<p><strong>Dodatkowe informacje:<\/strong><\/p>\n<ul>\n<li><strong>Producent: <\/strong>INFANTINO B KIDS INTERNATIONAL LIMITED  Flat\/Rm 1203, 12\/F, East Ocean Centre, 98 Granville Road TST East, Kowloon Hong Kong; customersupport@infantino.com<\/li>\n<li><strong>Podmiot odpowiedzialny za wprowadzenie produktu na rynek europejski:<\/strong>\u00a0Infantino B kids B.V. John M. Keynesplein 12-46 1066EP Amsterdam The Netherlands eu.info@infantino.com<\/li>\n<li><strong>Ostrze\u017cenia na opakowaniu: <\/strong><\/li>\n<li><strong>Instrukcja obs\u0142ugi jest:<\/strong> NIE<\/li>\n<li><strong>Kraj pochodzenia:<\/strong> CHINY<\/li>\n<\/ul>\n","protected":false},"excerpt":{"rendered":"<p>INFANTINO Zawieszka ksi\u0105\u017ceczka z gryzakiem Nr kat.: 5362N Ciekawie zaprojektowana, mi\u0119kka ksi\u0105\u017ceczka jest w sam raz na ka\u017cd\u0105 podr\u00f3\u017c. Wyposa\u017cona<\/p>\n","protected":false},"featured_media":5658,"comment_status":"open","ping_status":"closed","template":"","meta":[],"product_brand":[],"product_cat":[17,3302],"product_tag":[],"class_list":{"0":"post-5503","1":"product","2":"type-product","3":"status-publish","4":"has-post-thumbnail","6":"product_cat-dla-najmlodszych","7":"product_cat-grzechotki-i-gryzaczki","9":"first","10":"instock","11":"shipping-taxable","12":"purchasable","13":"product-type-simple"},"_links":{"self":[{"href":"https:\/\/czas.m2web.pl\/index.php?rest_route=\/wp\/v2\/product\/5503","targetHints":{"allow":["GET"]}}],"collection":[{"href":"https:\/\/czas.m2web.pl\/index.php?rest_route=\/wp\/v2\/product"}],"about":[{"href":"https:\/\/czas.m2web.pl\/index.php?rest_route=\/wp\/v2\/types\/product"}],"replies":[{"embeddable":true,"href":"https:\/\/czas.m2web.pl\/index.php?rest_route=%2Fwp%2Fv2%2Fcomments&post=5503"}],"version-history":[{"count":0,"href":"https:\/\/czas.m2web.pl\/index.php?rest_route=\/wp\/v2\/product\/5503\/revisions"}],"wp:featuredmedia":[{"embeddable":true,"href":"https:\/\/czas.m2web.pl\/index.php?rest_route=\/wp\/v2\/media\/5658"}],"wp:attachment":[{"href":"https:\/\/czas.m2web.pl\/index.php?rest_route=%2Fwp%2Fv2%2Fmedia&parent=5503"}],"wp:term":[{"taxonomy":"product_brand","embeddable":true,"href":"https:\/\/czas.m2web.pl\/index.php?rest_route=%2Fwp%2Fv2%2Fproduct_brand&post=5503"},{"taxonomy":"product_cat","embeddable":true,"href":"https:\/\/czas.m2web.pl\/index.php?rest_route=%2Fwp%2Fv2%2Fproduct_cat&post=5503"},{"taxonomy":"product_tag","embeddable":true,"href":"https:\/\/czas.m2web.pl\/index.php?rest_route=%2Fwp%2Fv2%2Fproduct_tag&post=5503"}],"curies":[{"name":"wp","href":"https:\/\/api.w.org\/{rel}","templated":true}]}}