{"id":5507,"date":"2026-01-04T23:09:01","date_gmt":"2026-01-04T22:09:01","guid":{"rendered":"https:\/\/czas.m2web.pl\/?post_type=product&#038;p=5507"},"modified":"2026-01-04T23:09:41","modified_gmt":"2026-01-04T22:09:41","slug":"infantino-projektor-do-lozeczka-2-w-1-rozowy-4908","status":"publish","type":"product","link":"https:\/\/czas.m2web.pl\/?product=infantino-projektor-do-lozeczka-2-w-1-rozowy-4908","title":{"rendered":"Infantino Projektor do \u0142\u00f3\u017ceczka 2 w 1 r\u00f3\u017cowy 4908"},"content":{"rendered":"<section class=\"section\">\n<div class=\"item item-6\">\n<section class=\"image-item\"><img decoding=\"async\" src=\"https:\/\/upload.cdn.baselinker.com\/products\/3029707\/36685734c39b476da5a66fb6f91803dd.jpg\"><\/section>\n<\/p><\/div>\n<div class=\"item item-6\">\n<section class=\"text-item\">\n<h1>Projektor do \u0142\u00f3\u017ceczka 2 w 1 r\u00f3\u017cowy<\/h1>\n<p>Infantino 4908<\/p>\n<p>Urz\u0105dzenie mo\u017ce by\u0107\u00a0projektorem\u00a0lub nocn\u0105 lampk\u0105,\u00a0w zale\u017cno\u015bci od ustawienia.<\/p>\n<p>Projektor mo\u017cemy u\u017cywa\u0107 na 3 sposoby, w zale\u017cno\u015bci od wieku dziecka.<\/p>\n<p><b>1.<\/b> <b>Lampka nocna na\u00a0\u0142\u00f3\u017ceczko (Wiek: 0-12m).<\/b><\/p>\n<p>Lampka wyposa\u017cona jest w\u00a0 sensor d\u017awi\u0119ku \u201eSMART SENSOR\u201d, kt\u00f3ry reaguje na p\u0142acz dziecka lub inne odg\u0142osy w \u0142\u00f3\u017ceczku. Gdy dziecko p\u0142acze uruchamia si\u0119 \u0142agodne niebieskie \u015bwiat\u0142o LED, kt\u00f3re pomo\u017ce ponownie usn\u0105\u0107 Twojemu male\u0144stwu. Lampka automatycznie\u00a0wy\u0142\u0105cza si\u0119 po 10 minutach.<\/p>\n<p><b>2.\u00a0Projektor na\u00a0\u0142\u00f3\u017ceczko (Wiek: 6-18m).<\/b><\/p>\n<p>Projektor uruchamiany jest przez w\u0142\u0105czenie przycisku \u201eON\u201d. Wy\u015bwietla kolorowe gwiazdki oraz gra 6 r\u00f3\u017cnych melodii i 3 naturalne d\u017awi\u0119ki. Dodatkowo posiada mo\u017cliwo\u015b\u0107 dostosowania g\u0142o\u015bno\u015bci d\u017awi\u0119ku, kt\u00f3ry mo\u017ce by\u0107 ustawiony na: g\u0142o\u015bny, cichy lub wy\u0142\u0105czony. Wy\u0142\u0105cza si\u0119 automatycznie.<\/p>\n<p><b>3.\u00a0Lampka nocna na stolik (Wiek: 12m+).<\/b><\/p>\n<p>Uruchamia si\u0119 w\u0142\u0105czaj\u0105c przycisk \u201eON\u201d. \u0141awy w u\u017cyciu, wystarczy postawi\u0107 na stoliku nocnym obok \u0142\u00f3\u017ceczka. Wy\u015bwietla kolorowe gwiazdki oraz gra 6 r\u00f3\u017cnych melodii i 3 naturalne d\u017awi\u0119ki. Dodatkowo posiada mo\u017cliwo\u015b\u0107 dostosowania g\u0142o\u015bno\u015bci d\u017awi\u0119ku, kt\u00f3ry mo\u017ce by\u0107 ustawiony na: g\u0142o\u015bny, cichy lub wy\u0142\u0105czony. Wy\u0142\u0105cza si\u0119 automatycznie.<\/p>\n<p>Wymagane baterie: 3 x AA (1,5V); baterie nie s\u0105 zawarte w zestawie.<\/p>\n<p>Kolor projektora: r\u00f3\u017cowy.<\/p>\n<p>Lampka nocna mocowana na \u0142\u00f3\u017ceczko za pomoc\u0105 dw\u00f3ch pask\u00f3w.<\/p>\n<\/section><\/div>\n<\/section>\n<section class=\"section\">\n<div class=\"item item-6\">\n<section class=\"image-item\"><img decoding=\"async\" src=\"https:\/\/upload.cdn.baselinker.com\/products\/3029707\/ad222290afc6c15b45d4820dd1ae508e.jpg\"><\/section>\n<\/p><\/div>\n<div class=\"item item-6\">\n<section class=\"image-item\"><img decoding=\"async\" src=\"https:\/\/upload.cdn.baselinker.com\/products\/3029707\/b3b01791a9c9b0dac17f5dc9a86f91d7.jpg\"><\/section>\n<\/p><\/div>\n<\/section>\n<section class=\"section\">\n<div class=\"item item-6\">\n<section class=\"image-item\"><img decoding=\"async\" src=\"https:\/\/upload.cdn.baselinker.com\/products\/3029707\/c36f6fede98de79857a68cc9598bdb66.jpg\"><\/section>\n<\/p><\/div>\n<div class=\"item item-6\">\n<section class=\"image-item\"><img decoding=\"async\" src=\"https:\/\/upload.cdn.baselinker.com\/products\/3029707\/15accaac155ca46a39dabf4c47ea3622.jpg\"><\/section>\n<\/p><\/div>\n<\/section>\n<section class=\"section\">\n<div class=\"item item-12\">\n<section class=\"image-item\"><img decoding=\"async\" src=\"https:\/\/upload.cdn.baselinker.com\/products\/3029707\/36685734c39b476da5a66fb6f91803dd.jpg\"><\/section>\n<\/p><\/div>\n<\/section>\n<section class=\"section\">\n<div class=\"item item-12\">\n<section class=\"image-item\"><img decoding=\"async\" src=\"https:\/\/upload.cdn.baselinker.com\/products\/3029707\/ad9e41f815da83688b3ab60b82f1e9b5.jpg\"><\/section>\n<\/p><\/div>\n<\/section>\n<p><strong>Dodatkowe informacje:<\/strong><\/p>\n<ul>\n<li><strong>Producent: <\/strong>INFANTINO B KIDS INTERNATIONAL LIMITED  Flat\/Rm 1203, 12\/F, East Ocean Centre, 98 Granville Road TST East, Kowloon Hong Kong; customersupport@infantino.com<\/li>\n<li><strong>Podmiot odpowiedzialny za wprowadzenie produktu na rynek europejski:<\/strong>\u00a0Infantino B kids B.V. John M. Keynesplein 12-46 1066EP Amsterdam The Netherlands eu.info@infantino.com<\/li>\n<li><strong>Ostrze\u017cenia na opakowaniu: <\/strong><\/li>\n<li><strong>Instrukcja obs\u0142ugi jest:<\/strong> NIE<\/li>\n<li><strong>Kraj pochodzenia:<\/strong> CHINY<\/li>\n<\/ul>\n","protected":false},"excerpt":{"rendered":"<p>Projektor do \u0142\u00f3\u017ceczka 2 w 1 r\u00f3\u017cowy Infantino 4908 Urz\u0105dzenie mo\u017ce by\u0107\u00a0projektorem\u00a0lub nocn\u0105 lampk\u0105,\u00a0w zale\u017cno\u015bci od ustawienia. Projektor mo\u017cemy u\u017cywa\u0107<\/p>\n","protected":false},"featured_media":5679,"comment_status":"open","ping_status":"closed","template":"","meta":[],"product_brand":[],"product_cat":[16],"product_tag":[],"class_list":{"0":"post-5507","1":"product","2":"type-product","3":"status-publish","4":"has-post-thumbnail","6":"product_cat-import","8":"first","9":"instock","10":"shipping-taxable","11":"purchasable","12":"product-type-simple"},"_links":{"self":[{"href":"https:\/\/czas.m2web.pl\/index.php?rest_route=\/wp\/v2\/product\/5507","targetHints":{"allow":["GET"]}}],"collection":[{"href":"https:\/\/czas.m2web.pl\/index.php?rest_route=\/wp\/v2\/product"}],"about":[{"href":"https:\/\/czas.m2web.pl\/index.php?rest_route=\/wp\/v2\/types\/product"}],"replies":[{"embeddable":true,"href":"https:\/\/czas.m2web.pl\/index.php?rest_route=%2Fwp%2Fv2%2Fcomments&post=5507"}],"version-history":[{"count":0,"href":"https:\/\/czas.m2web.pl\/index.php?rest_route=\/wp\/v2\/product\/5507\/revisions"}],"wp:featuredmedia":[{"embeddable":true,"href":"https:\/\/czas.m2web.pl\/index.php?rest_route=\/wp\/v2\/media\/5679"}],"wp:attachment":[{"href":"https:\/\/czas.m2web.pl\/index.php?rest_route=%2Fwp%2Fv2%2Fmedia&parent=5507"}],"wp:term":[{"taxonomy":"product_brand","embeddable":true,"href":"https:\/\/czas.m2web.pl\/index.php?rest_route=%2Fwp%2Fv2%2Fproduct_brand&post=5507"},{"taxonomy":"product_cat","embeddable":true,"href":"https:\/\/czas.m2web.pl\/index.php?rest_route=%2Fwp%2Fv2%2Fproduct_cat&post=5507"},{"taxonomy":"product_tag","embeddable":true,"href":"https:\/\/czas.m2web.pl\/index.php?rest_route=%2Fwp%2Fv2%2Fproduct_tag&post=5507"}],"curies":[{"name":"wp","href":"https:\/\/api.w.org\/{rel}","templated":true}]}}