{"id":553,"date":"2026-01-04T22:48:05","date_gmt":"2026-01-04T21:48:05","guid":{"rendered":"https:\/\/czas.m2web.pl\/?post_type=product&#038;p=553"},"modified":"2026-01-04T22:48:09","modified_gmt":"2026-01-04T21:48:09","slug":"teczka-a4-z-gumka-peppa-482721-diakakis","status":"publish","type":"product","link":"https:\/\/czas.m2web.pl\/?product=teczka-a4-z-gumka-peppa-482721-diakakis","title":{"rendered":"Teczka A4 z gumk\u0105 Peppa 482721 Diakakis"},"content":{"rendered":"<section class=\"section\">\n<div class=\"item item-6\">\n<section class=\"image-item\"><img decoding=\"async\" src=\"https:\/\/upload.cdn.baselinker.com\/products\/3029707\/2646c11fc1148dc3fba459efde977ad3.jpg\"><\/section>\n<\/p><\/div>\n<div class=\"item item-6\">\n<section class=\"text-item\">\n<h1>Teczka z gumk\u0105 A4 \u015awinka Peppa<\/h1>\n<p>Diakakis 482721<\/p>\n<ul>\n<li>Teczka A4 wykonana z mocnego kartonu.<\/li>\n<li>Warstwa wierzchnia pokryta foli\u0105.<\/li>\n<li>Zamykana na 2 gumki.<\/li>\n<li>Format: A4.<\/li>\n<li>Rozmiar: 34,5 x 25,5 cm.<\/li>\n<li>Wiek: 3+.<\/li>\n<\/ul>\n<\/section><\/div>\n<\/section>\n<section class=\"section\">\n<div class=\"item item-12\">\n<section class=\"image-item\"><img decoding=\"async\" src=\"https:\/\/upload.cdn.baselinker.com\/products\/3029707\/2646c11fc1148dc3fba459efde977ad3.jpg\"><\/section>\n<\/p><\/div>\n<\/section>\n<p><strong>Dodatkowe informacje:<\/strong><\/p>\n","protected":false},"excerpt":{"rendered":"<p>Teczka z gumk\u0105 A4 \u015awinka Peppa Diakakis 482721 Teczka A4 wykonana z mocnego kartonu. Warstwa wierzchnia pokryta foli\u0105. Zamykana na<\/p>\n","protected":false},"featured_media":587,"comment_status":"open","ping_status":"closed","template":"","meta":[],"product_brand":[],"product_cat":[16],"product_tag":[],"class_list":{"0":"post-553","1":"product","2":"type-product","3":"status-publish","4":"has-post-thumbnail","6":"product_cat-import","8":"first","9":"instock","10":"shipping-taxable","11":"purchasable","12":"product-type-simple"},"_links":{"self":[{"href":"https:\/\/czas.m2web.pl\/index.php?rest_route=\/wp\/v2\/product\/553","targetHints":{"allow":["GET"]}}],"collection":[{"href":"https:\/\/czas.m2web.pl\/index.php?rest_route=\/wp\/v2\/product"}],"about":[{"href":"https:\/\/czas.m2web.pl\/index.php?rest_route=\/wp\/v2\/types\/product"}],"replies":[{"embeddable":true,"href":"https:\/\/czas.m2web.pl\/index.php?rest_route=%2Fwp%2Fv2%2Fcomments&post=553"}],"version-history":[{"count":0,"href":"https:\/\/czas.m2web.pl\/index.php?rest_route=\/wp\/v2\/product\/553\/revisions"}],"wp:featuredmedia":[{"embeddable":true,"href":"https:\/\/czas.m2web.pl\/index.php?rest_route=\/wp\/v2\/media\/587"}],"wp:attachment":[{"href":"https:\/\/czas.m2web.pl\/index.php?rest_route=%2Fwp%2Fv2%2Fmedia&parent=553"}],"wp:term":[{"taxonomy":"product_brand","embeddable":true,"href":"https:\/\/czas.m2web.pl\/index.php?rest_route=%2Fwp%2Fv2%2Fproduct_brand&post=553"},{"taxonomy":"product_cat","embeddable":true,"href":"https:\/\/czas.m2web.pl\/index.php?rest_route=%2Fwp%2Fv2%2Fproduct_cat&post=553"},{"taxonomy":"product_tag","embeddable":true,"href":"https:\/\/czas.m2web.pl\/index.php?rest_route=%2Fwp%2Fv2%2Fproduct_tag&post=553"}],"curies":[{"name":"wp","href":"https:\/\/api.w.org\/{rel}","templated":true}]}}