{"id":5597,"date":"2026-01-04T23:09:22","date_gmt":"2026-01-04T22:09:22","guid":{"rendered":"https:\/\/czas.m2web.pl\/?post_type=product&#038;p=5597"},"modified":"2026-01-04T23:09:48","modified_gmt":"2026-01-04T22:09:48","slug":"infantino-pilka-ze-swiatelkami-i-dzwiekami-306104","status":"publish","type":"product","link":"https:\/\/czas.m2web.pl\/?product=infantino-pilka-ze-swiatelkami-i-dzwiekami-306104","title":{"rendered":"Infantino Pi\u0142ka ze \u015bwiate\u0142kami i d\u017awi\u0119kami 306104"},"content":{"rendered":"<section class=\"section\">\n<div class=\"item item-6\">\n<section class=\"image-item\"><img decoding=\"async\" src=\"https:\/\/upload.cdn.baselinker.com\/products\/3029707\/7dcf0915783850cd25eb14aa208cd8b1.jpg\"><\/section>\n<\/p><\/div>\n<div class=\"item item-6\">\n<section class=\"text-item\">\n<h1>Pi\u0142ka ze \u015bwiate\u0142kami i d\u017awi\u0119kami<\/h1>\n<p>Infantino 306104<\/p>\n<p>Przezroczysta pi\u0142ka zach\u0119ca malucha do zabawy dzi\u0119ki \u015bwiat\u0142om i d\u017awi\u0119kom.<\/p>\n<p>Zewn\u0119trzna cz\u0119\u015b\u0107 pi\u0142eczki posiada mi\u0119kkie, gumowe uchwyty, dzi\u0119ki kt\u00f3rym dziecko z \u0142atwo\u015bci\u0105 b\u0119dzie chwyta\u0142o i potrz\u0105sa\u0142o zabawk\u0105.<\/p>\n<p>Podczas zabawy pi\u0142eczka mruga \u015bwiate\u0142kami oraz gra weso\u0142e melodie.<\/p>\n<p>Zabawka wymaga baterii: 3 x 1,5 V (zawarte w zestawie).<\/p>\n<p>Wymiary opakowania: 20,5 x 23,5 x 5 cm.<\/p>\n<p>Wiek: 6M+.<\/p>\n<\/section><\/div>\n<\/section>\n<section class=\"section\">\n<div class=\"item item-6\">\n<section class=\"image-item\"><img decoding=\"async\" src=\"https:\/\/upload.cdn.baselinker.com\/products\/3029707\/1aa5f1c2db5b65dde9d8898df04a2053.jpg\"><\/section>\n<\/p><\/div>\n<div class=\"item item-6\">\n<section class=\"image-item\"><img decoding=\"async\" src=\"https:\/\/upload.cdn.baselinker.com\/products\/3029707\/7dcf0915783850cd25eb14aa208cd8b1.jpg\"><\/section>\n<\/p><\/div>\n<\/section>\n<section class=\"section\">\n<div class=\"item item-6\">\n<section class=\"image-item\"><img decoding=\"async\" src=\"https:\/\/upload.cdn.baselinker.com\/products\/3029707\/c84c9d4d19643b2f006bb31bedc4822e.jpg\"><\/section>\n<\/p><\/div>\n<div class=\"item item-6\">\n<section class=\"image-item\"><img decoding=\"async\" src=\"https:\/\/upload.cdn.baselinker.com\/products\/3029707\/9db75a8b1eb223e5e506737124915af1.jpg\"><\/section>\n<\/p><\/div>\n<\/section>\n<section class=\"section\">\n<div class=\"item item-6\">\n<section class=\"image-item\"><img decoding=\"async\" src=\"https:\/\/upload.cdn.baselinker.com\/products\/3029707\/e634e8817a08e3ca85f3438ce173c550.jpg\"><\/section>\n<\/p><\/div>\n<div class=\"item item-6\">\n<section class=\"image-item\"><img decoding=\"async\" src=\"https:\/\/upload.cdn.baselinker.com\/products\/3029707\/4c757f05b405ab2eb594343fa58e5a5f.jpg\"><\/section>\n<\/p><\/div>\n<\/section>\n<section class=\"section\">\n<div class=\"item item-12\">\n<section class=\"image-item\"><img decoding=\"async\" src=\"https:\/\/upload.cdn.baselinker.com\/products\/3029707\/8a882732b711ccf627c990660624bc3c.jpg\"><\/section>\n<\/p><\/div>\n<\/section>\n<p><strong>Dodatkowe informacje:<\/strong><\/p>\n<ul>\n<li><strong>Producent: <\/strong>INFANTINO B KIDS INTERNATIONAL LIMITED  Flat\/Rm 1203, 12\/F, East Ocean Centre, 98 Granville Road TST East, Kowloon Hong Kong; customersupport@infantino.com<\/li>\n<li><strong>Podmiot odpowiedzialny za wprowadzenie produktu na rynek europejski:<\/strong>\u00a0Infantino B kids B.V. John M. Keynesplein 12-46 1066EP Amsterdam The Netherlands eu.info@infantino.com<\/li>\n<li><strong>Ostrze\u017cenia na opakowaniu: <\/strong><\/li>\n<li><strong>Instrukcja obs\u0142ugi jest:<\/strong> NIE<\/li>\n<li><strong>Kraj pochodzenia:<\/strong> CHINY<\/li>\n<\/ul>\n","protected":false},"excerpt":{"rendered":"<p>Pi\u0142ka ze \u015bwiate\u0142kami i d\u017awi\u0119kami Infantino 306104 Przezroczysta pi\u0142ka zach\u0119ca malucha do zabawy dzi\u0119ki \u015bwiat\u0142om i d\u017awi\u0119kom. Zewn\u0119trzna cz\u0119\u015b\u0107 pi\u0142eczki<\/p>\n","protected":false},"featured_media":5722,"comment_status":"open","ping_status":"closed","template":"","meta":[],"product_brand":[],"product_cat":[121,17],"product_tag":[],"class_list":{"0":"post-5597","1":"product","2":"type-product","3":"status-publish","4":"has-post-thumbnail","6":"product_cat-aktywne-i-edukacyjne","7":"product_cat-dla-najmlodszych","9":"first","10":"instock","11":"shipping-taxable","12":"purchasable","13":"product-type-simple"},"_links":{"self":[{"href":"https:\/\/czas.m2web.pl\/index.php?rest_route=\/wp\/v2\/product\/5597","targetHints":{"allow":["GET"]}}],"collection":[{"href":"https:\/\/czas.m2web.pl\/index.php?rest_route=\/wp\/v2\/product"}],"about":[{"href":"https:\/\/czas.m2web.pl\/index.php?rest_route=\/wp\/v2\/types\/product"}],"replies":[{"embeddable":true,"href":"https:\/\/czas.m2web.pl\/index.php?rest_route=%2Fwp%2Fv2%2Fcomments&post=5597"}],"version-history":[{"count":0,"href":"https:\/\/czas.m2web.pl\/index.php?rest_route=\/wp\/v2\/product\/5597\/revisions"}],"wp:featuredmedia":[{"embeddable":true,"href":"https:\/\/czas.m2web.pl\/index.php?rest_route=\/wp\/v2\/media\/5722"}],"wp:attachment":[{"href":"https:\/\/czas.m2web.pl\/index.php?rest_route=%2Fwp%2Fv2%2Fmedia&parent=5597"}],"wp:term":[{"taxonomy":"product_brand","embeddable":true,"href":"https:\/\/czas.m2web.pl\/index.php?rest_route=%2Fwp%2Fv2%2Fproduct_brand&post=5597"},{"taxonomy":"product_cat","embeddable":true,"href":"https:\/\/czas.m2web.pl\/index.php?rest_route=%2Fwp%2Fv2%2Fproduct_cat&post=5597"},{"taxonomy":"product_tag","embeddable":true,"href":"https:\/\/czas.m2web.pl\/index.php?rest_route=%2Fwp%2Fv2%2Fproduct_tag&post=5597"}],"curies":[{"name":"wp","href":"https:\/\/api.w.org\/{rel}","templated":true}]}}