{"id":5607,"date":"2026-01-04T23:09:22","date_gmt":"2026-01-04T22:09:22","guid":{"rendered":"https:\/\/czas.m2web.pl\/?post_type=product&#038;p=5607"},"modified":"2026-01-04T23:09:56","modified_gmt":"2026-01-04T22:09:56","slug":"infantino-zolwik-piszczalka-z-gryzaczkami-216279","status":"publish","type":"product","link":"https:\/\/czas.m2web.pl\/?product=infantino-zolwik-piszczalka-z-gryzaczkami-216279","title":{"rendered":"Infantino \u017b\u00f3\u0142wik piszcza\u0142ka z gryzaczkami 216279"},"content":{"rendered":"<section class=\"section\">\n<div class=\"item item-6\">\n<section class=\"image-item\"><img decoding=\"async\" src=\"https:\/\/upload.cdn.baselinker.com\/products\/3029707\/edd67da5949c297cfdcf8f106d953ff7.jpg\"><\/section>\n<\/p><\/div>\n<div class=\"item item-6\">\n<section class=\"text-item\">\n<h1>\u017b\u00f3\u0142wik piszcza\u0142ka z gryzaczkami<\/h1>\n<p>Infantino 216279<\/p>\n<p>Weso\u0142y \u017c\u00f3\u0142wik to jednocze\u015bnie gryzaczek, piszcza\u0142ka i grzechotka. Ka\u017cda p\u0142etwa ma inny kszta\u0142t i faktur\u0119 wzbudzaj\u0105c\u0105 ciekawo\u015b\u0107 maluszk\u00f3w.<\/p>\n<p>Podczas zabawy p\u0142etwy zwierz\u0105tka wydaj\u0105 terkocz\u0105cy d\u017awi\u0119k. Na skorupie zosta\u0142a umieszczona piszcza\u0142ka.<\/p>\n<ul>\n<li>Wiek: 0M+.<\/li>\n<li>Wymiary \u017c\u00f3\u0142wika: 13 x 13 cm.<\/li>\n<\/ul>\n<\/section><\/div>\n<\/section>\n<section class=\"section\">\n<div class=\"item item-6\">\n<section class=\"image-item\"><img decoding=\"async\" src=\"https:\/\/upload.cdn.baselinker.com\/products\/3029707\/27689b2d2a8181cf8e154de194a896fc.jpg\"><\/section>\n<\/p><\/div>\n<div class=\"item item-6\">\n<section class=\"image-item\"><img decoding=\"async\" src=\"https:\/\/upload.cdn.baselinker.com\/products\/3029707\/edd67da5949c297cfdcf8f106d953ff7.jpg\"><\/section>\n<\/p><\/div>\n<\/section>\n<p><strong>Dodatkowe informacje:<\/strong><\/p>\n<ul>\n<li><strong>Producent: <\/strong>INFANTINO B KIDS INTERNATIONAL LIMITED  Flat\/Rm 1203, 12\/F, East Ocean Centre, 98 Granville Road TST East, Kowloon Hong Kong; customersupport@infantino.com<\/li>\n<li><strong>Podmiot odpowiedzialny za wprowadzenie produktu na rynek europejski:<\/strong>\u00a0Infantino B kids B.V. John M. Keynesplein 12-46 1066EP Amsterdam The Netherlands eu.info@infantino.com<\/li>\n<li><strong>Ostrze\u017cenia na opakowaniu: <\/strong><\/li>\n<li><strong>Instrukcja obs\u0142ugi jest:<\/strong> NIE<\/li>\n<li><strong>Kraj pochodzenia:<\/strong> CHINY<\/li>\n<\/ul>\n","protected":false},"excerpt":{"rendered":"<p>\u017b\u00f3\u0142wik piszcza\u0142ka z gryzaczkami Infantino 216279 Weso\u0142y \u017c\u00f3\u0142wik to jednocze\u015bnie gryzaczek, piszcza\u0142ka i grzechotka. Ka\u017cda p\u0142etwa ma inny kszta\u0142t i<\/p>\n","protected":false},"featured_media":5754,"comment_status":"open","ping_status":"closed","template":"","meta":[],"product_brand":[],"product_cat":[16],"product_tag":[],"class_list":{"0":"post-5607","1":"product","2":"type-product","3":"status-publish","4":"has-post-thumbnail","6":"product_cat-import","8":"first","9":"instock","10":"shipping-taxable","11":"purchasable","12":"product-type-simple"},"_links":{"self":[{"href":"https:\/\/czas.m2web.pl\/index.php?rest_route=\/wp\/v2\/product\/5607","targetHints":{"allow":["GET"]}}],"collection":[{"href":"https:\/\/czas.m2web.pl\/index.php?rest_route=\/wp\/v2\/product"}],"about":[{"href":"https:\/\/czas.m2web.pl\/index.php?rest_route=\/wp\/v2\/types\/product"}],"replies":[{"embeddable":true,"href":"https:\/\/czas.m2web.pl\/index.php?rest_route=%2Fwp%2Fv2%2Fcomments&post=5607"}],"version-history":[{"count":0,"href":"https:\/\/czas.m2web.pl\/index.php?rest_route=\/wp\/v2\/product\/5607\/revisions"}],"wp:featuredmedia":[{"embeddable":true,"href":"https:\/\/czas.m2web.pl\/index.php?rest_route=\/wp\/v2\/media\/5754"}],"wp:attachment":[{"href":"https:\/\/czas.m2web.pl\/index.php?rest_route=%2Fwp%2Fv2%2Fmedia&parent=5607"}],"wp:term":[{"taxonomy":"product_brand","embeddable":true,"href":"https:\/\/czas.m2web.pl\/index.php?rest_route=%2Fwp%2Fv2%2Fproduct_brand&post=5607"},{"taxonomy":"product_cat","embeddable":true,"href":"https:\/\/czas.m2web.pl\/index.php?rest_route=%2Fwp%2Fv2%2Fproduct_cat&post=5607"},{"taxonomy":"product_tag","embeddable":true,"href":"https:\/\/czas.m2web.pl\/index.php?rest_route=%2Fwp%2Fv2%2Fproduct_tag&post=5607"}],"curies":[{"name":"wp","href":"https:\/\/api.w.org\/{rel}","templated":true}]}}