{"id":565,"date":"2026-01-04T22:48:05","date_gmt":"2026-01-04T21:48:05","guid":{"rendered":"https:\/\/czas.m2web.pl\/?post_type=product&#038;p=565"},"modified":"2026-01-04T22:48:19","modified_gmt":"2026-01-04T21:48:19","slug":"b-kids-zyrafkowa-wieza-xl-80-cm-kubeczki-4702n","status":"publish","type":"product","link":"https:\/\/czas.m2web.pl\/?product=b-kids-zyrafkowa-wieza-xl-80-cm-kubeczki-4702n","title":{"rendered":"B-Kids \u017byrafkowa Wie\u017ca XL 80 cm, kubeczki 4702N"},"content":{"rendered":"<section class=\"section\">\n<div class=\"item item-6\">\n<section class=\"image-item\"><img decoding=\"async\" src=\"https:\/\/upload.cdn.baselinker.com\/products\/3029707\/6fa228c3bd97272943479bc5cae073be.jpg\"><\/section>\n<\/p><\/div>\n<div class=\"item item-6\">\n<section class=\"text-item\">\n<h1>\u017byrafkowa Wie\u017ca XL<\/h1>\n<p>B-Kids 4702N<\/p>\n<p>U\u0142\u00f3\u017c kolorowe kubeczki w niezwykle wysok\u0105 \u017byraf\u0119 XL.<\/p>\n<p>Zbuduj wie\u017c\u0119 o wysoko\u015bci 80 cm z tunelem do wrzucania pi\u0142eczek.<\/p>\n<p>Wszystkie elementy sk\u0142adaj\u0105 si\u0119 w wygodne opakowanie do przechowywania &#8211; wiaderko, kt\u00f3re jednocze\u015bnie stanowi podstaw\u0119 wie\u017cy.<\/p>\n<p>Wiaderko dodatkowo jest wyposa\u017cone w pokrywk\u0119 z otworami do wrzucania pi\u0142eczek.<\/p>\n<p><b>W zestawie: wiaderko z pokrywk\u0105, 9 kubeczk\u00f3w o r\u00f3\u017cnych rozmiarach (ka\u017cdy kubeczek z inn\u0105 cyferk\u0105, najmniejszy w kszta\u0142cie g\u0142owy \u017cyrafy), 2 pi\u0142eczki oraz m\u0142otek do wbijania pi\u0142eczek przez otwory wiaderka.<\/b><\/p>\n<p>Wymiary opakowania: wys. 29 cm x szer. 16,5 cm.<\/p>\n<p>Wiek: 12M+.<\/p>\n<\/section><\/div>\n<\/section>\n<section class=\"section\">\n<div class=\"item item-6\">\n<section class=\"image-item\"><img decoding=\"async\" src=\"https:\/\/upload.cdn.baselinker.com\/products\/3029707\/cca0ea89989a2d95bad8af445ee1fb8c.jpg\"><\/section>\n<\/p><\/div>\n<div class=\"item item-6\">\n<section class=\"image-item\"><img decoding=\"async\" src=\"https:\/\/upload.cdn.baselinker.com\/products\/3029707\/051b5f9597941a1eb5e9ee6c7dae93e2.jpg\"><\/section>\n<\/p><\/div>\n<\/section>\n<section class=\"section\">\n<div class=\"item item-6\">\n<section class=\"image-item\"><img decoding=\"async\" src=\"https:\/\/upload.cdn.baselinker.com\/products\/3029707\/06f187eece8efac3c749e22c24d6401a.jpg\"><\/section>\n<\/p><\/div>\n<div class=\"item item-6\">\n<section class=\"image-item\"><img decoding=\"async\" src=\"https:\/\/upload.cdn.baselinker.com\/products\/3029707\/1832d6c582397067a6e01778f6d14b0d.jpg\"><\/section>\n<\/p><\/div>\n<\/section>\n<section class=\"section\">\n<div class=\"item item-6\">\n<section class=\"image-item\"><img decoding=\"async\" src=\"https:\/\/upload.cdn.baselinker.com\/products\/3029707\/802e09e17847a08c97c3cb48dded8c65.jpg\"><\/section>\n<\/p><\/div>\n<div class=\"item item-6\">\n<section class=\"image-item\"><img decoding=\"async\" src=\"https:\/\/upload.cdn.baselinker.com\/products\/3029707\/0693154d463643b91f1b82c66229fcc0.jpg\"><\/section>\n<\/p><\/div>\n<\/section>\n<p><strong>Dodatkowe informacje:<\/strong><\/p>\n<ul>\n<li><strong>Producent: <\/strong>INFANTINO B KIDS INTERNATIONAL LIMITED  Flat\/Rm 1203, 12\/F, East Ocean Centre, 98 Granville Road TST East, Kowloon Hong Kong; elsa.chan@infantino.com; sally.ho@infantino.com<\/li>\n<li><strong>Podmiot odpowiedzialny za wprowadzenie produktu na rynek europejski:<\/strong>\u00a0Infantino B kids B.V. John M. Keynesplein 12-46 1066EP Amsterdam The Netherlands eu.info@infantino.com<\/li>\n<li><strong>Ostrze\u017cenia na opakowaniu: <\/strong><\/li>\n<li><strong>Instrukcja obs\u0142ugi jest:<\/strong> NIE<\/li>\n<li><strong>Kraj pochodzenia:<\/strong> CHINY<\/li>\n<\/ul>\n","protected":false},"excerpt":{"rendered":"<p>\u017byrafkowa Wie\u017ca XL B-Kids 4702N U\u0142\u00f3\u017c kolorowe kubeczki w niezwykle wysok\u0105 \u017byraf\u0119 XL. Zbuduj wie\u017c\u0119 o wysoko\u015bci 80 cm z<\/p>\n","protected":false},"featured_media":621,"comment_status":"open","ping_status":"closed","template":"","meta":[],"product_brand":[],"product_cat":[16],"product_tag":[],"class_list":{"0":"post-565","1":"product","2":"type-product","3":"status-publish","4":"has-post-thumbnail","6":"product_cat-import","8":"first","9":"instock","10":"shipping-taxable","11":"purchasable","12":"product-type-simple"},"_links":{"self":[{"href":"https:\/\/czas.m2web.pl\/index.php?rest_route=\/wp\/v2\/product\/565","targetHints":{"allow":["GET"]}}],"collection":[{"href":"https:\/\/czas.m2web.pl\/index.php?rest_route=\/wp\/v2\/product"}],"about":[{"href":"https:\/\/czas.m2web.pl\/index.php?rest_route=\/wp\/v2\/types\/product"}],"replies":[{"embeddable":true,"href":"https:\/\/czas.m2web.pl\/index.php?rest_route=%2Fwp%2Fv2%2Fcomments&post=565"}],"version-history":[{"count":0,"href":"https:\/\/czas.m2web.pl\/index.php?rest_route=\/wp\/v2\/product\/565\/revisions"}],"wp:featuredmedia":[{"embeddable":true,"href":"https:\/\/czas.m2web.pl\/index.php?rest_route=\/wp\/v2\/media\/621"}],"wp:attachment":[{"href":"https:\/\/czas.m2web.pl\/index.php?rest_route=%2Fwp%2Fv2%2Fmedia&parent=565"}],"wp:term":[{"taxonomy":"product_brand","embeddable":true,"href":"https:\/\/czas.m2web.pl\/index.php?rest_route=%2Fwp%2Fv2%2Fproduct_brand&post=565"},{"taxonomy":"product_cat","embeddable":true,"href":"https:\/\/czas.m2web.pl\/index.php?rest_route=%2Fwp%2Fv2%2Fproduct_cat&post=565"},{"taxonomy":"product_tag","embeddable":true,"href":"https:\/\/czas.m2web.pl\/index.php?rest_route=%2Fwp%2Fv2%2Fproduct_tag&post=565"}],"curies":[{"name":"wp","href":"https:\/\/api.w.org\/{rel}","templated":true}]}}