{"id":566,"date":"2026-01-04T22:48:05","date_gmt":"2026-01-04T21:48:05","guid":{"rendered":"https:\/\/czas.m2web.pl\/?post_type=product&#038;p=566"},"modified":"2026-01-04T22:48:20","modified_gmt":"2026-01-04T21:48:20","slug":"bburago-miekkie-autko-policja-89053","status":"publish","type":"product","link":"https:\/\/czas.m2web.pl\/?product=bburago-miekkie-autko-policja-89053","title":{"rendered":"BBURAGO Mi\u0119kkie autko policja 89053"},"content":{"rendered":"<section class=\"section\">\n<div class=\"item item-6\">\n<section class=\"image-item\"><img decoding=\"async\" src=\"https:\/\/upload.cdn.baselinker.com\/products\/3029707\/3fcf061c0666a951f229924a3720a7ea.jpg\"><\/section>\n<\/p><\/div>\n<div class=\"item item-6\">\n<section class=\"text-item\">\n<h1>BBURAGO Mi\u0119kkie autko policja<\/h1>\n<p>Nr kat.: 89053<\/p>\n<p>Kolor: bia\u0142o-niebieski<\/p>\n<p>Autko wykonane z delikatnego w dotyku materia\u0142u, b\u0119dzie idealne na pierwsz\u0105 tego typu zabawk\u0119 dla dziecka.<\/p>\n<p>Zabawka jest mi\u0119kka co sprawi, \u017ce idealnie dopasuje si\u0119 do ma\u0142ej r\u0105czki.<\/p>\n<p>Posiada doczepiane k\u00f3\u0142ka z nap\u0119dem PULL-BACK, kt\u00f3re mo\u017cna przymocowa\u0107 do autka za pomoc\u0105 rzepu.<\/p>\n<p>Materia\u0142 zabawki \u0142atwy do czyszczenia.<\/p>\n<ul>\n<li>Wymiary pojazdu: 15 x 8 x 8 cm.<\/li>\n<li>Wymiary opakowania: 16,5 x 12 x 12 cm.<\/li>\n<li>Wiek: 12M+.<\/li>\n<\/ul>\n<\/section><\/div>\n<\/section>\n<section class=\"section\">\n<div class=\"item item-12\">\n<section class=\"image-item\"><img decoding=\"async\" src=\"https:\/\/upload.cdn.baselinker.com\/products\/3029707\/3fcf061c0666a951f229924a3720a7ea.jpg\"><\/section>\n<\/p><\/div>\n<\/section>\n<section class=\"section\">\n<div class=\"item item-12\">\n<section class=\"image-item\"><img decoding=\"async\" src=\"https:\/\/upload.cdn.baselinker.com\/products\/3029707\/8e6787b5cfe4d8ecb447d288fe31adc0.jpg\"><\/section>\n<\/p><\/div>\n<\/section>\n<section class=\"section\">\n<div class=\"item item-12\">\n<section class=\"image-item\"><img decoding=\"async\" src=\"https:\/\/upload.cdn.baselinker.com\/products\/3029707\/4102f58006dae069c47e972d33a7c640.jpg\"><\/section>\n<\/p><\/div>\n<\/section>\n<section class=\"section\">\n<div class=\"item item-12\">\n<section class=\"image-item\"><img decoding=\"async\" src=\"https:\/\/upload.cdn.baselinker.com\/products\/3029707\/f4df37af245a9868288ad7fd65a7035b.jpg\"><\/section>\n<\/p><\/div>\n<\/section>\n<p><strong>Dodatkowe informacje:<\/strong><\/p>\n<ul>\n<li><strong>Producent: <\/strong>May Cheong Group Limited Unit 901-2, 9\/F, East Ocean Centre,  98 Granville Road, Tsimshatsui East, Kowloon, Hong Kong info@maycheonggroup.com.hk<\/li>\n<li><strong>Podmiot odpowiedzialny za wprowadzenie produktu na rynek europejski:<\/strong>\u00a0Firma Handlowa PULIO Krzysztof Gebel ul. Kolejowa 3 55-040 Bielany Wroc\u0142awskie  tel. +48 71 352 07 80  biuro@pulio.pl  www.pulio.pl<\/li>\n<li><strong>Ostrze\u017cenia na opakowaniu: <\/strong>Ostrze\u017cenie! Wszystkie elementy opakowania, takie jak ta\u015bma, plastikowe elementy, druty i elementy mocuj\u0105ce nie s\u0105 cz\u0119\u015bciami tej zabawki i ze wzgl\u0119du na bezpiecze\u0144stwo dziecka powinny by\u0107 usuni\u0119te. Czy\u015bci\u0107 tylko zewn\u0119trzn\u0105 powierzchnie. Nale\u017cy czy\u015bci\u0107 za pomoc\u0105 wilgotnej szmatki. Ten produkt powinien by\u0107 u\u017cywany wy\u0142\u0105cznie pod nadzorem doros\u0142ej osoby. Opakowanie nale\u017cy zachowa\u0107 na przysz\u0142o\u015b\u0107. Zawiera ona istotne informacje. Zastrzegamy sobie prawo do modyfikacji\/modernizacji specyfikacji oraz kolor\u00f3w bez powiadomienia. Rzeczywisty produkt mo\u017ce r\u00f3\u017cni\u0107 si\u0119 od przedstawionego na ilustracji.<\/li>\n<li><strong>Instrukcja obs\u0142ugi jest:<\/strong> NIE<\/li>\n<li><strong>Kraj pochodzenia:<\/strong> CHINY<\/li>\n<\/ul>\n","protected":false},"excerpt":{"rendered":"<p>BBURAGO Mi\u0119kkie autko policja Nr kat.: 89053 Kolor: bia\u0142o-niebieski Autko wykonane z delikatnego w dotyku materia\u0142u, b\u0119dzie idealne na pierwsz\u0105<\/p>\n","protected":false},"featured_media":628,"comment_status":"open","ping_status":"closed","template":"","meta":[],"product_brand":[],"product_cat":[19,17,20],"product_tag":[],"class_list":{"0":"post-566","1":"product","2":"type-product","3":"status-publish","4":"has-post-thumbnail","6":"product_cat-dla-chlopca","7":"product_cat-dla-najmlodszych","8":"product_cat-pojazdy","10":"first","11":"instock","12":"shipping-taxable","13":"purchasable","14":"product-type-simple"},"_links":{"self":[{"href":"https:\/\/czas.m2web.pl\/index.php?rest_route=\/wp\/v2\/product\/566","targetHints":{"allow":["GET"]}}],"collection":[{"href":"https:\/\/czas.m2web.pl\/index.php?rest_route=\/wp\/v2\/product"}],"about":[{"href":"https:\/\/czas.m2web.pl\/index.php?rest_route=\/wp\/v2\/types\/product"}],"replies":[{"embeddable":true,"href":"https:\/\/czas.m2web.pl\/index.php?rest_route=%2Fwp%2Fv2%2Fcomments&post=566"}],"version-history":[{"count":0,"href":"https:\/\/czas.m2web.pl\/index.php?rest_route=\/wp\/v2\/product\/566\/revisions"}],"wp:featuredmedia":[{"embeddable":true,"href":"https:\/\/czas.m2web.pl\/index.php?rest_route=\/wp\/v2\/media\/628"}],"wp:attachment":[{"href":"https:\/\/czas.m2web.pl\/index.php?rest_route=%2Fwp%2Fv2%2Fmedia&parent=566"}],"wp:term":[{"taxonomy":"product_brand","embeddable":true,"href":"https:\/\/czas.m2web.pl\/index.php?rest_route=%2Fwp%2Fv2%2Fproduct_brand&post=566"},{"taxonomy":"product_cat","embeddable":true,"href":"https:\/\/czas.m2web.pl\/index.php?rest_route=%2Fwp%2Fv2%2Fproduct_cat&post=566"},{"taxonomy":"product_tag","embeddable":true,"href":"https:\/\/czas.m2web.pl\/index.php?rest_route=%2Fwp%2Fv2%2Fproduct_tag&post=566"}],"curies":[{"name":"wp","href":"https:\/\/api.w.org\/{rel}","templated":true}]}}