{"id":5692,"date":"2026-01-04T23:09:43","date_gmt":"2026-01-04T22:09:43","guid":{"rendered":"https:\/\/czas.m2web.pl\/?post_type=product&#038;p=5692"},"modified":"2026-01-04T23:09:57","modified_gmt":"2026-01-04T22:09:57","slug":"infantino-zawieszka-miekka-kostka-z-lusterkiem","status":"publish","type":"product","link":"https:\/\/czas.m2web.pl\/?product=infantino-zawieszka-miekka-kostka-z-lusterkiem","title":{"rendered":"Infantino Zawieszka mi\u0119kka kostka z lusterkiem"},"content":{"rendered":"<section class=\"section\">\n<div class=\"item item-6\">\n<section class=\"image-item\"><img decoding=\"async\" src=\"https:\/\/upload.cdn.baselinker.com\/products\/3029707\/9a3ff6cec473ebe53040d546e91bbb55.jpg\"><\/section>\n<\/p><\/div>\n<div class=\"item item-6\">\n<section class=\"text-item\">\n<h1>Zawieszka mi\u0119kka kostka z lusterkiem<\/h1>\n<p>Infantino 306588<\/p>\n<p>Mi\u0119kka kostka ze zwierz\u0105tkami i wieloma dodatkami to r\u00f3\u017cne zabawy sensoryczne i godziny odkrywania! Zawiera lusterko, 2 plastikowe k\u00f3\u0142eczka, mi\u0119kk\u0105 przywieszk\u0119 w kszta\u0142cie pi\u0142ki i banana.<\/p>\n<p>Maluchy b\u0119d\u0105 si\u0119 \u015bwietnie bawi\u0107 t\u0105 pe\u0142n\u0105 atrakcji kostk\u0105 odkrywc\u00f3w! Wiele interesuj\u0105cych funkcji zach\u0119ca do odkrywania poprzez wzrok, dotyk i d\u017awi\u0119k.<\/p>\n<p>Kostka zawiera bezpieczne lusterko, szeleszcz\u0105ce uszy oraz grzechocz\u0105c\u0105 pi\u0142eczk\u0119. Na \u015bciankach kostki zamieszczone s\u0105 r\u00f3\u017cne zwierz\u0105tka: lew, s\u0142onik, \u017cyrafa, ma\u0142pka i hipopotam.<\/p>\n<p>Wiek: 0M+.<\/p>\n<p>Wymiary kostki: 11 x 11 cm.<\/p>\n<\/section><\/div>\n<\/section>\n<section class=\"section\">\n<div class=\"item item-12\">\n<section class=\"image-item\"><img decoding=\"async\" src=\"https:\/\/upload.cdn.baselinker.com\/products\/3029707\/9a3ff6cec473ebe53040d546e91bbb55.jpg\"><\/section>\n<\/p><\/div>\n<\/section>\n<p><strong>Dodatkowe informacje:<\/strong><\/p>\n<ul>\n<li><strong>Producent: <\/strong>INFANTINO B KIDS INTERNATIONAL LIMITED  Flat\/Rm 1203, 12\/F, East Ocean Centre, 98 Granville Road TST East, Kowloon Hong Kong; customersupport@infantino.com<\/li>\n<li><strong>Podmiot odpowiedzialny za wprowadzenie produktu na rynek europejski:<\/strong>\u00a0Infantino B kids B.V. John M. Keynesplein 12-46 1066EP Amsterdam The Netherlands eu.info@infantino.com<\/li>\n<li><strong>Ostrze\u017cenia na opakowaniu: <\/strong><\/li>\n<li><strong>Instrukcja obs\u0142ugi jest:<\/strong> NIE<\/li>\n<li><strong>Kraj pochodzenia:<\/strong> CHINY<\/li>\n<\/ul>\n","protected":false},"excerpt":{"rendered":"<p>Zawieszka mi\u0119kka kostka z lusterkiem Infantino 306588 Mi\u0119kka kostka ze zwierz\u0105tkami i wieloma dodatkami to r\u00f3\u017cne zabawy sensoryczne i godziny<\/p>\n","protected":false},"featured_media":5756,"comment_status":"open","ping_status":"closed","template":"","meta":[],"product_brand":[],"product_cat":[16],"product_tag":[],"class_list":{"0":"post-5692","1":"product","2":"type-product","3":"status-publish","4":"has-post-thumbnail","6":"product_cat-import","8":"first","9":"instock","10":"shipping-taxable","11":"purchasable","12":"product-type-simple"},"_links":{"self":[{"href":"https:\/\/czas.m2web.pl\/index.php?rest_route=\/wp\/v2\/product\/5692","targetHints":{"allow":["GET"]}}],"collection":[{"href":"https:\/\/czas.m2web.pl\/index.php?rest_route=\/wp\/v2\/product"}],"about":[{"href":"https:\/\/czas.m2web.pl\/index.php?rest_route=\/wp\/v2\/types\/product"}],"replies":[{"embeddable":true,"href":"https:\/\/czas.m2web.pl\/index.php?rest_route=%2Fwp%2Fv2%2Fcomments&post=5692"}],"version-history":[{"count":0,"href":"https:\/\/czas.m2web.pl\/index.php?rest_route=\/wp\/v2\/product\/5692\/revisions"}],"wp:featuredmedia":[{"embeddable":true,"href":"https:\/\/czas.m2web.pl\/index.php?rest_route=\/wp\/v2\/media\/5756"}],"wp:attachment":[{"href":"https:\/\/czas.m2web.pl\/index.php?rest_route=%2Fwp%2Fv2%2Fmedia&parent=5692"}],"wp:term":[{"taxonomy":"product_brand","embeddable":true,"href":"https:\/\/czas.m2web.pl\/index.php?rest_route=%2Fwp%2Fv2%2Fproduct_brand&post=5692"},{"taxonomy":"product_cat","embeddable":true,"href":"https:\/\/czas.m2web.pl\/index.php?rest_route=%2Fwp%2Fv2%2Fproduct_cat&post=5692"},{"taxonomy":"product_tag","embeddable":true,"href":"https:\/\/czas.m2web.pl\/index.php?rest_route=%2Fwp%2Fv2%2Fproduct_tag&post=5692"}],"curies":[{"name":"wp","href":"https:\/\/api.w.org\/{rel}","templated":true}]}}