{"id":5695,"date":"2026-01-04T23:09:43","date_gmt":"2026-01-04T22:09:43","guid":{"rendered":"https:\/\/czas.m2web.pl\/?post_type=product&#038;p=5695"},"modified":"2026-01-04T23:10:00","modified_gmt":"2026-01-04T22:10:00","slug":"infantino-zestaw-do-wedkowania-205040n","status":"publish","type":"product","link":"https:\/\/czas.m2web.pl\/?product=infantino-zestaw-do-wedkowania-205040n","title":{"rendered":"Infantino Zestaw do w\u0119dkowania 205040N"},"content":{"rendered":"<section class=\"section\">\n<div class=\"item item-6\">\n<section class=\"image-item\"><img decoding=\"async\" src=\"https:\/\/upload.cdn.baselinker.com\/products\/3029707\/bf3cc6bb8588f37883329e1be424669b.jpg\"><\/section>\n<\/p><\/div>\n<div class=\"item item-6\">\n<section class=\"text-item\">\n<h1>Zestaw do w\u0119dkowania<\/h1>\n<h1>Infantino 205040N<\/h1>\n<p>Maluchy b\u0119d\u0105 si\u0119 \u015bwietnie bawi\u0107, \u0142owi\u0105c zwierz\u0105tka na w\u0119dk\u0119, kt\u00f3ra jest idealnie dopasowana do ich ma\u0142ych r\u0105czek.<\/p>\n<p>Wygodny, wyprofilowany uchwyt w\u0119dki oraz du\u017cy haczyk sprawiaj\u0105, \u017ce \u0142owienie nie sprawia dziecku problem\u00f3w i daje mu du\u017co rado\u015bci.<\/p>\n<p>Zabawka pomaga w rozwoju koordynacji wzrokowo-ruchowej oraz zdolno\u015bci motorycznych u dziecka.<\/p>\n<p>Ka\u017cdego zwierz\u0105tka mo\u017cna u\u017cywa\u0107 r\u00f3wnie\u017c jako gryzaczka.<\/p>\n<p>Wiek: 12M+.<\/p>\n<p>Wymiary opakowania: 15,5 x 20,5 cm.<\/p>\n<\/section><\/div>\n<\/section>\n<section class=\"section\">\n<div class=\"item item-6\">\n<section class=\"image-item\"><img decoding=\"async\" src=\"https:\/\/upload.cdn.baselinker.com\/products\/3029707\/ba41f1133cfa5fa375e0c614c2717adf.jpg\"><\/section>\n<\/p><\/div>\n<div class=\"item item-6\">\n<section class=\"image-item\"><img decoding=\"async\" src=\"https:\/\/upload.cdn.baselinker.com\/products\/3029707\/2c987f491001aef441cd006080e6542e.jpg\"><\/section>\n<\/p><\/div>\n<\/section>\n<p><strong>Dodatkowe informacje:<\/strong><\/p>\n<ul>\n<li><strong>Producent: <\/strong>INFANTINO B KIDS INTERNATIONAL LIMITED  Flat\/Rm 1203, 12\/F, East Ocean Centre, 98 Granville Road TST East, Kowloon Hong Kong; customersupport@infantino.com<\/li>\n<li><strong>Podmiot odpowiedzialny za wprowadzenie produktu na rynek europejski:<\/strong>\u00a0Infantino B kids B.V. John M. Keynesplein 12-46 1066EP Amsterdam The Netherlands eu.info@infantino.com<\/li>\n<li><strong>Ostrze\u017cenia na opakowaniu: <\/strong><\/li>\n<li><strong>Instrukcja obs\u0142ugi jest:<\/strong> NIE<\/li>\n<li><strong>Kraj pochodzenia:<\/strong> CHINY<\/li>\n<\/ul>\n","protected":false},"excerpt":{"rendered":"<p>Zestaw do w\u0119dkowania Infantino 205040N Maluchy b\u0119d\u0105 si\u0119 \u015bwietnie bawi\u0107, \u0142owi\u0105c zwierz\u0105tka na w\u0119dk\u0119, kt\u00f3ra jest idealnie dopasowana do ich<\/p>\n","protected":false},"featured_media":5767,"comment_status":"open","ping_status":"closed","template":"","meta":[],"product_brand":[],"product_cat":[17,1226],"product_tag":[],"class_list":{"0":"post-5695","1":"product","2":"type-product","3":"status-publish","4":"has-post-thumbnail","6":"product_cat-dla-najmlodszych","7":"product_cat-zabawki-do-kapieli","9":"first","10":"instock","11":"shipping-taxable","12":"purchasable","13":"product-type-simple"},"_links":{"self":[{"href":"https:\/\/czas.m2web.pl\/index.php?rest_route=\/wp\/v2\/product\/5695","targetHints":{"allow":["GET"]}}],"collection":[{"href":"https:\/\/czas.m2web.pl\/index.php?rest_route=\/wp\/v2\/product"}],"about":[{"href":"https:\/\/czas.m2web.pl\/index.php?rest_route=\/wp\/v2\/types\/product"}],"replies":[{"embeddable":true,"href":"https:\/\/czas.m2web.pl\/index.php?rest_route=%2Fwp%2Fv2%2Fcomments&post=5695"}],"version-history":[{"count":0,"href":"https:\/\/czas.m2web.pl\/index.php?rest_route=\/wp\/v2\/product\/5695\/revisions"}],"wp:featuredmedia":[{"embeddable":true,"href":"https:\/\/czas.m2web.pl\/index.php?rest_route=\/wp\/v2\/media\/5767"}],"wp:attachment":[{"href":"https:\/\/czas.m2web.pl\/index.php?rest_route=%2Fwp%2Fv2%2Fmedia&parent=5695"}],"wp:term":[{"taxonomy":"product_brand","embeddable":true,"href":"https:\/\/czas.m2web.pl\/index.php?rest_route=%2Fwp%2Fv2%2Fproduct_brand&post=5695"},{"taxonomy":"product_cat","embeddable":true,"href":"https:\/\/czas.m2web.pl\/index.php?rest_route=%2Fwp%2Fv2%2Fproduct_cat&post=5695"},{"taxonomy":"product_tag","embeddable":true,"href":"https:\/\/czas.m2web.pl\/index.php?rest_route=%2Fwp%2Fv2%2Fproduct_tag&post=5695"}],"curies":[{"name":"wp","href":"https:\/\/api.w.org\/{rel}","templated":true}]}}