{"id":5696,"date":"2026-01-04T23:09:43","date_gmt":"2026-01-04T22:09:43","guid":{"rendered":"https:\/\/czas.m2web.pl\/?post_type=product&#038;p=5696"},"modified":"2026-01-04T23:10:02","modified_gmt":"2026-01-04T22:10:02","slug":"infantino-muzyczne-krzeselko-3-w-1-fotelik","status":"publish","type":"product","link":"https:\/\/czas.m2web.pl\/?product=infantino-muzyczne-krzeselko-3-w-1-fotelik","title":{"rendered":"INFANTINO muzyczne krzese\u0142ko 3 w 1, fotelik"},"content":{"rendered":"<section class=\"section\">\n<div class=\"item item-6\">\n<section class=\"image-item\">             <img decoding=\"async\" src=\"https:\/\/upload.cdn.baselinker.com\/products\/3029707\/9791312c13051c341af4461e098a6192.jpg\" \/>         <\/section>\n<\/p><\/div>\n<div class=\"item item-6\">\n<section class=\"text-item\">\n<h1>INFANTINO Muzyczny stoliczek z siedziskiem 3 w 1<\/h1>\n<p>Nr kat.: 303038<\/p>\n<p>Interaktywne krzese\u0142ko muzyczne, kt\u00f3re ro\u015bnie razem z dzieckiem. Mo\u017cna u\u017cywa\u0107 go na 3 sposoby:<\/p>\n<ul>\n<li>centrum zabawy,<\/li>\n<li>miejsce do posi\u0142k\u00f3w,<\/li>\n<li>fotelik wspomagaj\u0105cy.<\/li>\n<\/ul>\n<p>Zawiera kolorowe klawisze, kt\u00f3re uruchamiaj\u0105 \u015bwiate\u0142ka i melodie, przeplatank\u0119 z 4 gryzaczkami, lusterko, d\u017awigni\u0119 do przesuwania, kt\u00f3ra uruchamia roller z koralikami oraz kolorowe trybiki, kt\u00f3rymi mo\u017cna kr\u0119ci\u0107.<\/p>\n<p>Panel z zabawkami sk\u0142ada si\u0119 z 2 cz\u0119\u015bci, kt\u00f3re mo\u017cna rozsun\u0105\u0107 lub ca\u0142kowicie wyj\u0105\u0107, co pozwoli u\u017cywa\u0107 blat np. do przek\u0105sek.<\/p>\n<p>Krzese\u0142ko jest wy\u0142o\u017cone mi\u0119kk\u0105 mat\u0105, kt\u00f3r\u0105 mo\u017cna \u0142atwo wyczy\u015bci\u0107. Siedzisko mo\u017cna przymocowa\u0107 do krzes\u0142a kuchennego za pomoc\u0105 ta\u015bmy i paska bezpiecze\u0144stwa \u2013 tryb fotelika wspomagaj\u0105cego.<\/p>\n<ul>\n<li>wiek: 6-36M,<\/li>\n<li>waga maksymalna: 15 kg.<\/li>\n<\/ul>\n<p>Wymagane baterie: 2 x AA (brak w zestawie)<\/p>\n<\/section><\/div>\n<\/section>\n<section class=\"section\">\n<div class=\"item item-6\">\n<section class=\"image-item\">             <img decoding=\"async\" src=\"https:\/\/upload.cdn.baselinker.com\/products\/3029707\/9791312c13051c341af4461e098a6192.jpg\" \/>         <\/section>\n<\/p><\/div>\n<div class=\"item item-6\">\n<section class=\"image-item\">             <img decoding=\"async\" src=\"https:\/\/upload.cdn.baselinker.com\/products\/3029707\/90952eea6ee138acc58200f7f55398a2.jpg\" \/>         <\/section>\n<\/p><\/div>\n<\/section>\n<section class=\"section\">\n<div class=\"item item-6\">\n<section class=\"image-item\">             <img decoding=\"async\" src=\"https:\/\/upload.cdn.baselinker.com\/products\/3029707\/8853d3831cead33377f199b01c2b743e.jpg\" \/>         <\/section>\n<\/p><\/div>\n<div class=\"item item-6\">\n<section class=\"image-item\">             <img decoding=\"async\" src=\"https:\/\/upload.cdn.baselinker.com\/products\/3029707\/f378aaf5b10636406c8b3fc4f3aa9034.jpg\" \/>         <\/section>\n<\/p><\/div>\n<\/section>\n<section class=\"section\">\n<div class=\"item item-6\">\n<section class=\"image-item\">             <img decoding=\"async\" src=\"https:\/\/upload.cdn.baselinker.com\/products\/3029707\/cbf541301542bf41d6fa99190eccea0f.jpg\" \/>         <\/section>\n<\/p><\/div>\n<div class=\"item item-6\">\n<section class=\"image-item\">             <img decoding=\"async\" src=\"https:\/\/upload.cdn.baselinker.com\/products\/3029707\/d2402a38d5b7d3534b470d88cb5e3f59.jpg\" \/>         <\/section>\n<\/p><\/div>\n<\/section>\n<section class=\"section\">\n<div class=\"item item-12\">\n<section class=\"image-item\">             <img decoding=\"async\" src=\"https:\/\/upload.cdn.baselinker.com\/products\/3029707\/b9516edd08749305c4695ce0aff39484.jpg\" \/>         <\/section>\n<\/p><\/div>\n<\/section>\n<section class=\"section\">\n<div class=\"item item-12\">\n<section class=\"image-item\">             <img decoding=\"async\" src=\"https:\/\/upload.cdn.baselinker.com\/products\/3029707\/0d7628245c1806bdb0bffd3d62bb809c.jpg\" \/>         <\/section>\n<\/p><\/div>\n<\/section>\n<p><strong>Dodatkowe informacje:<\/strong><\/p>\n<ul>\n<li><strong>Producent: <\/strong>INFANTINO B KIDS INTERNATIONAL LIMITED  Flat\/Rm 1203, 12\/F, East Ocean Centre, 98 Granville Road TST East, Kowloon Hong Kong; customersupport@infantino.com<\/li>\n<li><strong>Podmiot odpowiedzialny za wprowadzenie produktu na rynek europejski:<\/strong>\u00a0Infantino B kids B.V. John M. Keynesplein 12-46 1066EP Amsterdam The Netherlands eu.info@infantino.com<\/li>\n<li><strong>Ostrze\u017cenia na opakowaniu: <\/strong><\/li>\n<li><strong>Instrukcja obs\u0142ugi jest:<\/strong> NIE<\/li>\n<li><strong>Kraj pochodzenia:<\/strong> CHINY<\/li>\n<\/ul>\n","protected":false},"excerpt":{"rendered":"<p>INFANTINO Muzyczny stoliczek z siedziskiem 3 w 1 Nr kat.: 303038 Interaktywne krzese\u0142ko muzyczne, kt\u00f3re ro\u015bnie razem z dzieckiem. Mo\u017cna<\/p>\n","protected":false},"featured_media":5770,"comment_status":"open","ping_status":"closed","template":"","meta":[],"product_brand":[],"product_cat":[1657,17],"product_tag":[],"class_list":{"0":"post-5696","1":"product","2":"type-product","3":"status-publish","4":"has-post-thumbnail","6":"product_cat-chodziki-stoliki-i-krzeselka","7":"product_cat-dla-najmlodszych","9":"first","10":"instock","11":"shipping-taxable","12":"purchasable","13":"product-type-simple"},"_links":{"self":[{"href":"https:\/\/czas.m2web.pl\/index.php?rest_route=\/wp\/v2\/product\/5696","targetHints":{"allow":["GET"]}}],"collection":[{"href":"https:\/\/czas.m2web.pl\/index.php?rest_route=\/wp\/v2\/product"}],"about":[{"href":"https:\/\/czas.m2web.pl\/index.php?rest_route=\/wp\/v2\/types\/product"}],"replies":[{"embeddable":true,"href":"https:\/\/czas.m2web.pl\/index.php?rest_route=%2Fwp%2Fv2%2Fcomments&post=5696"}],"version-history":[{"count":0,"href":"https:\/\/czas.m2web.pl\/index.php?rest_route=\/wp\/v2\/product\/5696\/revisions"}],"wp:featuredmedia":[{"embeddable":true,"href":"https:\/\/czas.m2web.pl\/index.php?rest_route=\/wp\/v2\/media\/5770"}],"wp:attachment":[{"href":"https:\/\/czas.m2web.pl\/index.php?rest_route=%2Fwp%2Fv2%2Fmedia&parent=5696"}],"wp:term":[{"taxonomy":"product_brand","embeddable":true,"href":"https:\/\/czas.m2web.pl\/index.php?rest_route=%2Fwp%2Fv2%2Fproduct_brand&post=5696"},{"taxonomy":"product_cat","embeddable":true,"href":"https:\/\/czas.m2web.pl\/index.php?rest_route=%2Fwp%2Fv2%2Fproduct_cat&post=5696"},{"taxonomy":"product_tag","embeddable":true,"href":"https:\/\/czas.m2web.pl\/index.php?rest_route=%2Fwp%2Fv2%2Fproduct_tag&post=5696"}],"curies":[{"name":"wp","href":"https:\/\/api.w.org\/{rel}","templated":true}]}}