{"id":5702,"date":"2026-01-04T23:09:43","date_gmt":"2026-01-04T22:09:43","guid":{"rendered":"https:\/\/czas.m2web.pl\/?post_type=product&#038;p=5702"},"modified":"2026-01-04T23:10:09","modified_gmt":"2026-01-04T22:10:09","slug":"infantino-nakrecana-gumowa-kaczka-kapielowa-305079","status":"publish","type":"product","link":"https:\/\/czas.m2web.pl\/?product=infantino-nakrecana-gumowa-kaczka-kapielowa-305079","title":{"rendered":"Infantino Nakr\u0119cana gumowa kaczka k\u0105pielowa 305079"},"content":{"rendered":"<section class=\"section\">\n<div class=\"item item-6\">\n<section class=\"image-item\"><img decoding=\"async\" src=\"https:\/\/upload.cdn.baselinker.com\/products\/3029707\/cca63a49aac6dd5c05e9020cdefae33e.jpg\"><\/section>\n<\/p><\/div>\n<div class=\"item item-6\">\n<section class=\"text-item\">\n<h1>Nakr\u0119cana kaczka k\u0105pielowa<\/h1>\n<h1>Infantino 305079<\/h1>\n<p>Gumowa nakr\u0119cana k\u0105pielowa kaczuszka. Dzia\u0142a dzi\u0119ki specjalnemu mechanizmowi.<\/p>\n<p>Wystarczy nakr\u0119ci\u0107 kaczuszk\u0119 i po\u0142o\u017cy\u0107 na wodzie. Jej n\u00f3\u017cki b\u0119d\u0105 si\u0119 porusza\u0107, a kaczuszka b\u0119dzie p\u0142ywa\u0107 i unosi\u0107 si\u0119 na wodzie.<\/p>\n<ul>\n<li>Wiek: 4M+.<\/li>\n<li>Wymiary kaczuszki: 9 x 9 cm.<\/li>\n<\/ul>\n<\/section><\/div>\n<\/section>\n<section class=\"section\">\n<div class=\"item item-6\">\n<section class=\"image-item\"><img decoding=\"async\" src=\"https:\/\/upload.cdn.baselinker.com\/products\/3029707\/e629622d6a895c463943c3772f228b2e.jpg\"><\/section>\n<\/p><\/div>\n<div class=\"item item-6\">\n<section class=\"image-item\"><img decoding=\"async\" src=\"https:\/\/upload.cdn.baselinker.com\/products\/3029707\/cca63a49aac6dd5c05e9020cdefae33e.jpg\"><\/section>\n<\/p><\/div>\n<\/section>\n<p><strong>Dodatkowe informacje:<\/strong><\/p>\n<ul>\n<li><strong>Producent: <\/strong>INFANTINO B KIDS INTERNATIONAL LIMITED  Flat\/Rm 1203, 12\/F, East Ocean Centre, 98 Granville Road TST East, Kowloon Hong Kong; customersupport@infantino.com<\/li>\n<li><strong>Podmiot odpowiedzialny za wprowadzenie produktu na rynek europejski:<\/strong>\u00a0Infantino B kids B.V. John M. Keynesplein 12-46 1066EP Amsterdam The Netherlands eu.info@infantino.com<\/li>\n<li><strong>Ostrze\u017cenia na opakowaniu: <\/strong><\/li>\n<li><strong>Instrukcja obs\u0142ugi jest:<\/strong> NIE<\/li>\n<li><strong>Kraj pochodzenia:<\/strong> CHINY<\/li>\n<\/ul>\n","protected":false},"excerpt":{"rendered":"<p>Nakr\u0119cana kaczka k\u0105pielowa Infantino 305079 Gumowa nakr\u0119cana k\u0105pielowa kaczuszka. Dzia\u0142a dzi\u0119ki specjalnemu mechanizmowi. Wystarczy nakr\u0119ci\u0107 kaczuszk\u0119 i po\u0142o\u017cy\u0107 na wodzie.<\/p>\n","protected":false},"featured_media":5814,"comment_status":"open","ping_status":"closed","template":"","meta":[],"product_brand":[],"product_cat":[17,1226],"product_tag":[],"class_list":{"0":"post-5702","1":"product","2":"type-product","3":"status-publish","4":"has-post-thumbnail","6":"product_cat-dla-najmlodszych","7":"product_cat-zabawki-do-kapieli","9":"first","10":"instock","11":"shipping-taxable","12":"purchasable","13":"product-type-simple"},"_links":{"self":[{"href":"https:\/\/czas.m2web.pl\/index.php?rest_route=\/wp\/v2\/product\/5702","targetHints":{"allow":["GET"]}}],"collection":[{"href":"https:\/\/czas.m2web.pl\/index.php?rest_route=\/wp\/v2\/product"}],"about":[{"href":"https:\/\/czas.m2web.pl\/index.php?rest_route=\/wp\/v2\/types\/product"}],"replies":[{"embeddable":true,"href":"https:\/\/czas.m2web.pl\/index.php?rest_route=%2Fwp%2Fv2%2Fcomments&post=5702"}],"version-history":[{"count":0,"href":"https:\/\/czas.m2web.pl\/index.php?rest_route=\/wp\/v2\/product\/5702\/revisions"}],"wp:featuredmedia":[{"embeddable":true,"href":"https:\/\/czas.m2web.pl\/index.php?rest_route=\/wp\/v2\/media\/5814"}],"wp:attachment":[{"href":"https:\/\/czas.m2web.pl\/index.php?rest_route=%2Fwp%2Fv2%2Fmedia&parent=5702"}],"wp:term":[{"taxonomy":"product_brand","embeddable":true,"href":"https:\/\/czas.m2web.pl\/index.php?rest_route=%2Fwp%2Fv2%2Fproduct_brand&post=5702"},{"taxonomy":"product_cat","embeddable":true,"href":"https:\/\/czas.m2web.pl\/index.php?rest_route=%2Fwp%2Fv2%2Fproduct_cat&post=5702"},{"taxonomy":"product_tag","embeddable":true,"href":"https:\/\/czas.m2web.pl\/index.php?rest_route=%2Fwp%2Fv2%2Fproduct_tag&post=5702"}],"curies":[{"name":"wp","href":"https:\/\/api.w.org\/{rel}","templated":true}]}}